{"id":953,"date":"2022-05-17T19:03:44","date_gmt":"2022-05-17T17:03:44","guid":{"rendered":"https:\/\/www.ban-idf.com\/boutique\/?post_type=product&#038;p=953"},"modified":"2025-06-23T20:39:27","modified_gmt":"2025-06-23T18:39:27","slug":"pieges-punaises-de-lit-domobios","status":"publish","type":"product","link":"https:\/\/www.ban-idf.com\/boutique\/produit\/pieges-punaises-de-lit-domobios\/","title":{"rendered":"Les pi\u00e8ges pour punaises de lit Domobios"},"content":{"rendered":"\n<h2 class=\"wp-block-heading\">Domobios, Un d\u00e9tecteur mais aussi un pi\u00e8ge \u00e0 punaises de lit !<\/h2>\n\n\n\n<p>Vous pensez avoir des punaises de lit dans votre chambre ou celle de vos enfants ? Vous venez de d\u00e9sinsectiser votre appartement et vous souhaitez pi\u00e9ger les r\u00e9calcitrantes ?<\/p>\n\n\n\n<p>Nous avons pour vous, un produit efficace, le produit de l&#8217;ann\u00e9e : <strong>les pi\u00e8ges \u00e0 colle lin\u00e9aire anti punaises de lit Domobios de la marque Armosa<\/strong>.<\/p>\n\n\n\n<p>Les professionnels de la d\u00e9sinsectisation de notre entreprise utilise tous les jours des <strong>Domobios<\/strong> pour surveiller le niveau d&#8217;infestation ou <strong>d\u00e9tecter la pr\u00e9sence de punaises de lit<\/strong> chez nos clients.<\/p>\n\n\n\n<p>Les pi\u00e8ges pour punaises de lit <strong>Domobios<\/strong> que nous vous proposons ne contiennent pas de produits chimiques pour attirer les punaises de lit, c&#8217;est de la lutte m\u00e9canique avec un attractif naturel !<\/p>\n\n\n\n<h2 class=\"wp-block-heading\">Comment pi\u00e9ger une punaise de lit ?<\/h2>\n\n\n\n<p>Les pi\u00e8ges <strong>Domobios<\/strong> vendus sont fournis avec 3 bandelettes de scotch \u00e0 double face. Pour capturer des punaises, il vous suffit de fixer les Domobios dans les zones infest\u00e9es :<\/p>\n\n\n\n<ul class=\"wp-block-list\">\n<li>dans la chambre : sous le matelas, sur le sommier ou la t\u00eate de lit.<\/li>\n\n\n\n<li>dans le salon : autour du canap\u00e9 (en dessous, sur les cot\u00e9s ou bien sous les coussins).<\/li>\n<\/ul>\n\n\n\n<figure class=\"wp-block-image\"><img decoding=\"async\" src=\"https:\/\/www.ban-idf.com\/boutique\/wp-content\/uploads\/2022\/05\/piege-punaise-de-lit-3.webp\" alt=\"pi\u00e8ges pour punaises de lit\"\/><\/figure>\n\n\n\n<p><\/p>\n\n\n\n<p>Ce type de dispositif avec adh\u00e9sive double face est vraiment g\u00e9nial car on peut le placer dans les zones qu&#8217;affectionnent les punaises de lit.<\/p>\n\n\n\n<p>La glu est situ\u00e9e sur la partie inclin\u00e9e du pi\u00e8ge ce qui permet que les punaises de lit ne la d\u00e9tectent pas. Elles vont se retrouver pi\u00e9g\u00e9es mais pensant que l&#8217;endroit est id\u00e9al pour former un foyer !<\/p>\n\n\n\n<p>Les punaises de lit captur\u00e9es \u00e9mettent des ph\u00e9romones d&#8217;alarme, attirant ainsi leurs cong\u00e9n\u00e8res vers le pi\u00e8ge. \u00c0 leur tour, les nouveaux arrivants lib\u00e8rent \u00e9galement ces signaux chimiques, amplifiant l&#8217;efficacit\u00e9 du pi\u00e8ge et permettant de capturer un nombre maximal de punaises de lit !<\/p>\n\n\n\n<h2 class=\"wp-block-heading\">Comment l&#8217;utiliser un pi\u00e8ge Domobios ?<\/h2>\n\n\n\n<ol class=\"wp-block-list\">\n<li>Coller la bandelettes double face au dos du pi\u00e8ge (partie en plastique non imprim\u00e9 ARMOSA) pour fixer le pi\u00e8ge \u00e0 l\u2019endroit le plus ad\u00e9quat.<\/li>\n\n\n\n<li>Retirer la protection de la surface adh\u00e9sive.<\/li>\n\n\n\n<li>Collez le pi\u00e8ge entre la t\u00eate de lit et le matelas.<\/li>\n\n\n\n<li>Le pi\u00e8ge doit \u00eatre plac\u00e9 avec la surface imprim\u00e9e (texte Domobios) de mani\u00e8re \u00e0 ce que l\u2019insecte entre et soit coll\u00e9 par le dos.<\/li>\n\n\n\n<li>Jetez les pi\u00e8ges quand ils sont remplis d\u2019insectes.<\/li>\n<\/ol>\n\n\n\n<h2 class=\"wp-block-heading\">Recommandation d&#8217;un pro :<\/h2>\n\n\n\n<p>Dans le cas d&#8217;une infestation <strong>importante<\/strong> de punaises et pour en venir \u00e0 bout, nous vous conseillons de pulv\u00e9riser un insecticide efficace : <a href=\"https:\/\/www.ban-idf.com\/boutique\/produit\/insecticide-aedex-ec-100ml\/\" target=\"_blank\" rel=\"noopener noreferrer\">Aedex EC 1OOml<\/a>.<\/p>\n\n\n\n<p>Vous pouvez associer les Domobios \u00e0 de la terre de Diatom\u00e9e pour une lutte 100% m\u00e9canique et 100% bio.<\/p>\n\n\n\n<h2 class=\"wp-block-heading\">Conditionnement :<\/h2>\n\n\n\n<p>Vendu en vrac, par lot de 3 (3 pi\u00e8ges et 3 bandelettes de scotch double face)<\/p>\n\n\n\n<h2 class=\"wp-block-heading\">Vos questions, nos r\u00e9ponses :<\/h2>\n\n\n\n<h4 class=\"wp-block-heading\">J&#8217;ai un enfant en bas \u00e2ge est-ce qu&#8217;il y a un danger avec votre pi\u00e8ge ?<\/h4>\n\n\n\n<p>Le pi\u00e8ge anti-punaises de lit Domobios ne contient pas de produit chimiques. Il est compos\u00e9 de plastique et de carton. Vous pouvez le fixer sous le lit d&#8217;un enfant sans danger.<\/p>\n\n\n\n<h4 class=\"wp-block-heading\">Je reviens de l&#8217;\u00e9tranger, mon copain a retrouv\u00e9 des punaises de lit chez lui, ce produit peut-il servir en pr\u00e9ventif ?<\/h4>\n\n\n\n<p>Oui, vous pouvez l&#8217;installer dans votre chambre pour surveiller la pr\u00e9sence de punaises. Elles sont attir\u00e9es par les fissures et ce pi\u00e8ge en forme triangulaire est une cachette id\u00e9ale.<\/p>\n\n\n\n<h4 class=\"wp-block-heading\">J&#8217;ai un enfant en bas \u00e2ge est-ce qu&#8217;il y a un danger avec votre pi\u00e8ge ?<\/h4>\n\n\n\n<p>Le pi\u00e8ge anti-punaises de lit Domobios ne contient pas de produit chimiques. Il est compos\u00e9 de plastique et de carton. Vous pouvez le fixer sous le lit d&#8217;un enfant sans danger.<\/p>\n\n\n\n<h4 class=\"wp-block-heading\">J&#8217;ai depuis quelques jours d\u00e9tect\u00e9 la pr\u00e9sence de punaises pensez vous que ce pi\u00e8ge peut m&#8217;en d\u00e9barrasser ?<\/h4>\n\n\n\n<p>Les pi\u00e8ges Domobios ne suffiront pas pour en venir \u00e0 bout, enfin normalement. Nous vous recommandons d&#8217;effectuer un traitement thermique ou chimique avec un professionnel ou bien par vous m\u00eame avec nos produits d\u00e9di\u00e9s.<\/p>\n","protected":false},"excerpt":{"rendered":"<p>Domobios, Un d\u00e9tecteur mais aussi un pi\u00e8ge \u00e0 punaises de lit ! Vous pensez avoir des punaises de lit dans votre chambre ou celle de vos enfants ? Vous venez de d\u00e9sinsectiser votre appartement et vous souhaitez pi\u00e9ger les r\u00e9calcitrantes ? Nous avons pour vous, un produit efficace, le produit de l&#8217;ann\u00e9e : les pi\u00e8ges [&hellip;]<\/p>\n","protected":false},"featured_media":6227,"comment_status":"open","ping_status":"closed","template":"","meta":[],"product_brand":[],"product_cat":[322],"product_tag":[227,253],"class_list":{"0":"post-953","1":"product","2":"type-product","3":"status-publish","4":"has-post-thumbnail","6":"product_cat-piege-a-punaises-de-lit","7":"product_tag-naturel-et-bio","8":"product_tag-piege-punaise-de-lit","10":"first","11":"instock","12":"taxable","13":"shipping-taxable","14":"purchasable","15":"product-type-simple"},"_links":{"self":[{"href":"https:\/\/www.ban-idf.com\/boutique\/wp-json\/wp\/v2\/product\/953","targetHints":{"allow":["GET"]}}],"collection":[{"href":"https:\/\/www.ban-idf.com\/boutique\/wp-json\/wp\/v2\/product"}],"about":[{"href":"https:\/\/www.ban-idf.com\/boutique\/wp-json\/wp\/v2\/types\/product"}],"replies":[{"embeddable":true,"href":"https:\/\/www.ban-idf.com\/boutique\/wp-json\/wp\/v2\/comments?post=953"}],"wp:featuredmedia":[{"embeddable":true,"href":"https:\/\/www.ban-idf.com\/boutique\/wp-json\/wp\/v2\/media\/6227"}],"wp:attachment":[{"href":"https:\/\/www.ban-idf.com\/boutique\/wp-json\/wp\/v2\/media?parent=953"}],"wp:term":[{"taxonomy":"product_brand","embeddable":true,"href":"https:\/\/www.ban-idf.com\/boutique\/wp-json\/wp\/v2\/product_brand?post=953"},{"taxonomy":"product_cat","embeddable":true,"href":"https:\/\/www.ban-idf.com\/boutique\/wp-json\/wp\/v2\/product_cat?post=953"},{"taxonomy":"product_tag","embeddable":true,"href":"https:\/\/www.ban-idf.com\/boutique\/wp-json\/wp\/v2\/product_tag?post=953"}],"curies":[{"name":"wp","href":"https:\/\/api.w.org\/{rel}","templated":true}]}}