{"id":7390,"date":"2024-09-30T02:04:31","date_gmt":"2024-09-30T00:04:31","guid":{"rendered":"https:\/\/www.ban-idf.com\/boutique\/?post_type=product&#038;p=7390"},"modified":"2024-10-09T19:18:57","modified_gmt":"2024-10-09T17:18:57","slug":"gorilla-pads-piege-collant-anti-punaises-de-lit-lot-de-4","status":"publish","type":"product","link":"https:\/\/www.ban-idf.com\/boutique\/produit\/gorilla-pads-piege-collant-anti-punaises-de-lit-lot-de-4\/","title":{"rendered":"Gorilla Pads \u2013 Pi\u00e8ge Collant Anti-Punaises de Lit (Lot de 4)"},"content":{"rendered":"\n<p>Les <strong>Gorilla Pads<\/strong> sont des pi\u00e8ges collants sp\u00e9cialement con\u00e7us pour d\u00e9tecter et contr\u00f4ler les infestations de <strong>punaises de lit<\/strong>. Plac\u00e9s sous les pieds du lit, des meubles ou dans d\u2019autres zones strat\u00e9giques, ils retiennent les punaises gr\u00e2ce \u00e0 une formule adh\u00e9sive puissante. <\/p>\n\n\n<div class=\"wp-block-image\">\n<figure class=\"aligncenter size-full\"><img fetchpriority=\"high\" decoding=\"async\" width=\"400\" height=\"357\" src=\"https:\/\/www.ban-idf.com\/boutique\/wp-content\/uploads\/2024\/09\/gorilla-pads.jpg\" alt=\"gorilla pads\" class=\"wp-image-7395\" style=\"aspect-ratio:16\/9;object-fit:cover\" srcset=\"https:\/\/www.ban-idf.com\/boutique\/wp-content\/uploads\/2024\/09\/gorilla-pads.jpg 400w, https:\/\/www.ban-idf.com\/boutique\/wp-content\/uploads\/2024\/09\/gorilla-pads-300x268.jpg 300w\" sizes=\"(max-width: 400px) 100vw, 400px\" \/><\/figure>\n<\/div>\n\n\n<p>Discrets, sans insecticides, et r\u00e9utilisables jusqu\u2019\u00e0 50 fois apr\u00e8s rin\u00e7age, ces pi\u00e8ges permettent une surveillance continue des infestations, offrant une solution pr\u00e9ventive pour les habitations, h\u00f4tels, dortoirs, et foyers.<\/p>\n\n\n\n<h2 class=\"wp-block-heading\"><strong>Caract\u00e9ristiques principale<\/strong>s<\/h2>\n\n\n\n<ul class=\"wp-block-list\">\n<li><strong>D\u00e9tection pr\u00e9coce :<\/strong> Surveillance active pour limiter la propagation des infestations.<\/li>\n\n\n\n<li><strong>R\u00e9utilisables :<\/strong> Jusqu&#8217;\u00e0 <strong>50 fois<\/strong> apr\u00e8s rin\u00e7age \u00e0 l&#8217;eau.<\/li>\n\n\n\n<li><strong>Sans insecticide :<\/strong> Solution s\u00fbre pour les environnements domestiques et autour des animaux.<\/li>\n<\/ul>\n\n\n\n<h2 class=\"wp-block-heading\"><strong>Applications recommand\u00e9e<\/strong>s<\/h2>\n\n\n\n<ul class=\"wp-block-list\">\n<li><strong>Sous les pieds de lit et meubles :<\/strong> Pour d\u00e9tecter et pi\u00e9ger les punaises de lit.<\/li>\n\n\n\n<li><strong>H\u00f4tels, foyers, dortoirs, maisons :<\/strong> Id\u00e9al pour les zones \u00e0 haut risque d\u2019infestation.<\/li>\n<\/ul>\n\n\n\n<h2 class=\"wp-block-heading\"><strong>Caract\u00e9ristiques techniques<\/strong><\/h2>\n\n\n\n<ul class=\"wp-block-list\">\n<li><strong>Dimensions :<\/strong> 8 cm de diam\u00e8tre<\/li>\n\n\n\n<li><strong>Couleur :<\/strong> Noir<\/li>\n\n\n\n<li><strong>Conditionnement :<\/strong> Lot de 4<\/li>\n<\/ul>\n","protected":false},"excerpt":{"rendered":"<p>Les Gorilla Pads sont des pi\u00e8ges collants sp\u00e9cialement con\u00e7us pour d\u00e9tecter et contr\u00f4ler les infestations de punaises de lit. Plac\u00e9s sous les pieds du lit, des meubles ou dans d\u2019autres zones strat\u00e9giques, ils retiennent les punaises gr\u00e2ce \u00e0 une formule adh\u00e9sive puissante. Discrets, sans insecticides, et r\u00e9utilisables jusqu\u2019\u00e0 50 fois apr\u00e8s rin\u00e7age, ces pi\u00e8ges permettent [&hellip;]<\/p>\n","protected":false},"featured_media":7392,"comment_status":"open","ping_status":"closed","template":"","meta":[],"product_brand":[],"product_cat":[322],"product_tag":[],"class_list":{"0":"post-7390","1":"product","2":"type-product","3":"status-publish","4":"has-post-thumbnail","6":"product_cat-piege-a-punaises-de-lit","8":"first","9":"outofstock","10":"taxable","11":"shipping-taxable","12":"purchasable","13":"product-type-simple"},"_links":{"self":[{"href":"https:\/\/www.ban-idf.com\/boutique\/wp-json\/wp\/v2\/product\/7390","targetHints":{"allow":["GET"]}}],"collection":[{"href":"https:\/\/www.ban-idf.com\/boutique\/wp-json\/wp\/v2\/product"}],"about":[{"href":"https:\/\/www.ban-idf.com\/boutique\/wp-json\/wp\/v2\/types\/product"}],"replies":[{"embeddable":true,"href":"https:\/\/www.ban-idf.com\/boutique\/wp-json\/wp\/v2\/comments?post=7390"}],"wp:featuredmedia":[{"embeddable":true,"href":"https:\/\/www.ban-idf.com\/boutique\/wp-json\/wp\/v2\/media\/7392"}],"wp:attachment":[{"href":"https:\/\/www.ban-idf.com\/boutique\/wp-json\/wp\/v2\/media?parent=7390"}],"wp:term":[{"taxonomy":"product_brand","embeddable":true,"href":"https:\/\/www.ban-idf.com\/boutique\/wp-json\/wp\/v2\/product_brand?post=7390"},{"taxonomy":"product_cat","embeddable":true,"href":"https:\/\/www.ban-idf.com\/boutique\/wp-json\/wp\/v2\/product_cat?post=7390"},{"taxonomy":"product_tag","embeddable":true,"href":"https:\/\/www.ban-idf.com\/boutique\/wp-json\/wp\/v2\/product_tag?post=7390"}],"curies":[{"name":"wp","href":"https:\/\/api.w.org\/{rel}","templated":true}]}}