{"id":7098,"date":"2024-09-21T00:11:56","date_gmt":"2024-09-20T22:11:56","guid":{"rendered":"https:\/\/www.ban-idf.com\/boutique\/?post_type=product&#038;p=7098"},"modified":"2024-10-09T19:33:42","modified_gmt":"2024-10-09T17:33:42","slug":"lunette-de-protection-deltaplus","status":"publish","type":"product","link":"https:\/\/www.ban-idf.com\/boutique\/produit\/lunette-de-protection-deltaplus\/","title":{"rendered":"Lunette de protection DELTAPLUS"},"content":{"rendered":"\n<p>Les <strong>lunettes de protection DELTAPLUS<\/strong> sont con\u00e7ues pour offrir une protection maximale contre les risques chimiques, biologiques, et m\u00e9caniques, tout en garantissant un confort optimal \u00e0 l&#8217;utilisateur. <\/p>\n\n\n\n<p>Ces lunettes enveloppantes disposent d\u2019un large champ de vision panoramique \u00e0 180\u00b0 sans distorsion, et sont compatibles avec le port de lunettes de vue ou de demi-masques respiratoires. <\/p>\n\n\n\n<p>Dot\u00e9es d\u2019un \u00e9cran en polycarbonate anti-choc et d&#8217;une monture souple en PVC et nylon, elles sont parfaites pour une utilisation prolong\u00e9e dans des environnements \u00e0 risques tels que l&#8217;industrie, le b\u00e2timent, ou l&#8217;agriculture.<\/p>\n\n\n\n<p>Ces lunettes de protection r\u00e9sistent aux chocs, aux rayures, et sont \u00e9quip\u00e9es d\u2019un traitement anti-bu\u00e9e, offrant ainsi une vision claire et s\u00e9curis\u00e9e, m\u00eame dans des conditions difficiles.<\/p>\n","protected":false},"excerpt":{"rendered":"<p>Les lunettes de protection DELTAPLUS sont con\u00e7ues pour offrir une protection maximale contre les risques chimiques, biologiques, et m\u00e9caniques, tout en garantissant un confort optimal \u00e0 l&#8217;utilisateur. Ces lunettes enveloppantes disposent d\u2019un large champ de vision panoramique \u00e0 180\u00b0 sans distorsion, et sont compatibles avec le port de lunettes de vue ou de demi-masques respiratoires. [&hellip;]<\/p>\n","protected":false},"featured_media":7099,"comment_status":"open","ping_status":"closed","template":"","meta":[],"product_brand":[],"product_cat":[357],"product_tag":[],"class_list":{"0":"post-7098","1":"product","2":"type-product","3":"status-publish","4":"has-post-thumbnail","6":"product_cat-protection-visuelle","8":"first","9":"instock","10":"taxable","11":"shipping-taxable","12":"purchasable","13":"product-type-simple"},"_links":{"self":[{"href":"https:\/\/www.ban-idf.com\/boutique\/wp-json\/wp\/v2\/product\/7098","targetHints":{"allow":["GET"]}}],"collection":[{"href":"https:\/\/www.ban-idf.com\/boutique\/wp-json\/wp\/v2\/product"}],"about":[{"href":"https:\/\/www.ban-idf.com\/boutique\/wp-json\/wp\/v2\/types\/product"}],"replies":[{"embeddable":true,"href":"https:\/\/www.ban-idf.com\/boutique\/wp-json\/wp\/v2\/comments?post=7098"}],"wp:featuredmedia":[{"embeddable":true,"href":"https:\/\/www.ban-idf.com\/boutique\/wp-json\/wp\/v2\/media\/7099"}],"wp:attachment":[{"href":"https:\/\/www.ban-idf.com\/boutique\/wp-json\/wp\/v2\/media?parent=7098"}],"wp:term":[{"taxonomy":"product_brand","embeddable":true,"href":"https:\/\/www.ban-idf.com\/boutique\/wp-json\/wp\/v2\/product_brand?post=7098"},{"taxonomy":"product_cat","embeddable":true,"href":"https:\/\/www.ban-idf.com\/boutique\/wp-json\/wp\/v2\/product_cat?post=7098"},{"taxonomy":"product_tag","embeddable":true,"href":"https:\/\/www.ban-idf.com\/boutique\/wp-json\/wp\/v2\/product_tag?post=7098"}],"curies":[{"name":"wp","href":"https:\/\/api.w.org\/{rel}","templated":true}]}}