{"id":7001,"date":"2024-09-12T21:52:04","date_gmt":"2024-09-12T19:52:04","guid":{"rendered":"https:\/\/www.ban-idf.com\/boutique\/?post_type=product&#038;p=7001"},"modified":"2025-04-06T18:32:07","modified_gmt":"2025-04-06T16:32:07","slug":"phobi-axa-fourmis-30g","status":"publish","type":"product","link":"https:\/\/www.ban-idf.com\/boutique\/produit\/phobi-axa-fourmis-30g\/","title":{"rendered":"PHOBI AXA Fourmis 30g"},"content":{"rendered":"\n<p>Les <strong>invasions de fourmis dans les maisons<\/strong>, les locaux commerciaux ou industriels peuvent rapidement devenir un v\u00e9ritable casse-t\u00eate. <\/p>\n\n\n\n<p>Les fourmis sont non seulement <strong>attir\u00e9es par la nourriture et l&#8217;humidit\u00e9<\/strong>, mais elles peuvent \u00e9galement causer des d\u00e9g\u00e2ts en s\u2019installant dans les murs et sous les planchers. <strong>Phobi AXA Fourmis<\/strong>, un gel app\u00e2t insecticide, est con\u00e7u pour \u00e9radiquer efficacement toutes les esp\u00e8ces de fourmis \u00e0 l\u2019int\u00e9rieur comme \u00e0 l\u2019ext\u00e9rieur. <\/p>\n\n\n\n<p>Id\u00e9al pour les professionnels, ce produit garantit <strong>un contr\u00f4le rapide et durable des infestations de fourmis<\/strong>.<\/p>\n\n\n\n<h2 class=\"wp-block-heading\">Composition et principe actif<\/h2>\n\n\n\n<p>Le gel <strong>Phobi AXA Fourmis<\/strong> contient 2% de dim\u00e9thylarsinate de sodium (CAS 124-65-2), une substance active qui cible les fourmis d\u00e8s le contact et l\u2019ingestion. <\/p>\n\n\n\n<p>Son efficacit\u00e9 repose sur un m\u00e9lange d\u2019attractants qui attirent les fourmis pour qu\u2019elles consomment et ram\u00e8nent le poison \u00e0 la colonie.<\/p>\n\n\n\n<h2 class=\"wp-block-heading\">Qu&#8217;elle est la cible du Phobi AXA Fourmis ?<\/h2>\n\n\n\n<p>Ce gel est efficace contre <strong>toutes les esp\u00e8ces de fourmis<\/strong> pr\u00e9sentes dans les maisons, locaux, garages, balcons, et terrasses. <\/p>\n\n\n\n<p>Il peut \u00eatre appliqu\u00e9 dans diverses zones : cuisines, salles de bain, celliers, etc.<\/p>\n\n\n\n<h2 class=\"wp-block-heading\">Comment fonctionne ce gel anti-fourmis ?<\/h2>\n\n\n\n<p>Les fourmis consomment le gel app\u00e2t et le ram\u00e8nent dans la fourmili\u00e8re, ce qui permet de contaminer rapidement l\u2019ensemble de la colonie. Une dizaine de gouttes suffisent g\u00e9n\u00e9ralement pour \u00e9radiquer une colonie enti\u00e8re. <\/p>\n\n\n\n<p>Le produit reste efficace plusieurs semaines, \u00e9vitant ainsi toute r\u00e9infestation.<\/p>\n\n\n\n<h2 class=\"wp-block-heading\">Les avantages cl\u00e9s<\/h2>\n\n\n\n<ol class=\"wp-block-list\">\n<li><strong>Efficacit\u00e9 rapide et durable :<\/strong> Le <strong>Phobi AXA Fourmis<\/strong> agit rapidement pour \u00e9liminer les colonies, tout en offrant une action prolong\u00e9e pour \u00e9viter de nouvelles infestations.<\/li>\n\n\n\n<li><strong>Utilisation simple et pr\u00e9cise :<\/strong> Gr\u00e2ce \u00e0 sa pr\u00e9sentation en cartouche de 30g, le gel s\u2019applique facilement avec un pistolet applicateur (Bait Gun), permettant une application pr\u00e9cise dans les zones fr\u00e9quent\u00e9es par les fourmis.<\/li>\n\n\n\n<li><strong>Adapt\u00e9 \u00e0 tous les environnement :<\/strong> Que ce soit pour un usage dans les maisons, les locaux commerciaux ou les industries, <strong>Phobi AXA Fourmis<\/strong> est id\u00e9al pour une utilisation en int\u00e9rieur comme en ext\u00e9rieur.<\/li>\n\n\n\n<li><strong>Formule optimis\u00e9e pour les fourmis :<\/strong> Le gel combine des attractants sp\u00e9cifiques et une substance active, garantissant que les fourmis consomment le produit et le transportent dans la colonie pour une \u00e9radication totale.<\/li>\n<\/ol>\n\n\n\n<h2 class=\"wp-block-heading\">Mode d\u2019application<\/h2>\n\n\n\n<p>Outil n\u00e9cessaire : Appliquez le gel avec un pistolet applicateur type Bait Gun.<\/p>\n\n\n\n<p>Cette seringue peut \u00eatre aussi utilis\u00e9e avec une canule et un poussoir disponible ici.<\/p>\n\n\n\n<p><strong><mark style=\"background-color:rgba(0, 0, 0, 0)\" class=\"has-inline-color has-vivid-red-color\">Rappel : Le Phobi AXA Fourmis 30g est vendu sans canule et ni poussoir !<\/mark><\/strong><\/p>\n\n\n\n<h2 class=\"wp-block-heading\">Dosage recommand\u00e9 :<\/h2>\n\n\n\n<p>D\u00e9posez une goutte de gel tous les 1 \u00e0 3 m\u00e8tres dans les passages des fourmis : le long des plinthes, dans les fissures, derri\u00e8re les appareils \u00e9lectrom\u00e9nagers, sous les meubles, etc.<\/p>\n\n\n\n<p>Si un nid de fourmis est localis\u00e9, appliquez plusieurs gouttes directement sur celui-ci pour une \u00e9limination plus rapide.<\/p>\n\n\n\n<p>En r\u00e8gle g\u00e9n\u00e9rale, une dizaine de gouttes suffisent pour exterminer une colonie.<\/p>\n\n\n\n<h2 class=\"wp-block-heading\">Conseils d\u2019application<\/h2>\n\n\n\n<ul class=\"wp-block-list\">\n<li>Appliquez le gel sur des surfaces non absorbantes. Sur des surfaces absorbantes, d\u00e9posez le gel sur des morceaux de carton ou de plastique pour \u00e9viter une perte d\u2019efficacit\u00e9.<\/li>\n\n\n\n<li>Ne pas appliquer le gel dans des endroits trop chauds (au-dessus de 40\u00b0C) ou trop humides.<\/li>\n<\/ul>\n\n\n\n<h2 class=\"wp-block-heading\">Pr\u00e9cautions d\u2019Utilisation<\/h2>\n\n\n\n<ul class=\"wp-block-list\">\n<li><strong>Produit biocide professionnel :<\/strong> Usage r\u00e9serv\u00e9 aux professionnels.<\/li>\n\n\n\n<li><strong>Pr\u00e9cautions pour les lieux publics :<\/strong> Avant utilisation dans des lieux fr\u00e9quent\u00e9s par le public, assurez-vous que cela est indispensable. Privil\u00e9giez les m\u00e9thodes alternatives quand cela est possible.<\/li>\n\n\n\n<li><strong>Ne pas appliquer dans les zones alimentaires :<\/strong> \u00c9vitez d\u2019appliquer le gel sur des surfaces o\u00f9 des aliments sont pr\u00e9par\u00e9s ou stock\u00e9s.<\/li>\n\n\n\n<li><strong>Conservation :<\/strong> Gardez les cartouches de gel dans un endroit sec et frais, hors de port\u00e9e des enfants et des animaux domestiques. Ne pas exposer \u00e0 des temp\u00e9ratures sup\u00e9rieures \u00e0 40\u00b0C.<\/li>\n<\/ul>\n\n\n\n<h2 class=\"wp-block-heading\">Conditionnement :<\/h2>\n\n\n\n<p>Cartouche de 30g, vendue sans canule ni poussoir.<\/p>\n\n\n\n<h2 class=\"wp-block-heading\">Vos questions, nos r\u00e9ponses (FAQ)<\/h2>\n\n\n\n<p><strong>Q : Ce produit est-il s\u00fbr \u00e0 utiliser autour des enfants ?<br><\/strong>R : Oui, \u00e0 condition de l\u2019appliquer dans des zones inaccessibles aux enfants et aux animaux domestiques, et de respecter les consignes de s\u00e9curit\u00e9.<\/p>\n\n\n\n<p><strong>Q : Combien de temps faut-il pour voir des r\u00e9sultats ?<br><\/strong>R : Vous commencerez \u00e0 observer une diminution de l\u2019activit\u00e9 des fourmis en moins de 48 heures apr\u00e8s l\u2019application. Une \u00e9limination compl\u00e8te de la colonie peut prendre quelques jours.<\/p>\n\n\n\n<p><\/p>\n","protected":false},"excerpt":{"rendered":"<p>Les invasions de fourmis dans les maisons, les locaux commerciaux ou industriels peuvent rapidement devenir un v\u00e9ritable casse-t\u00eate. Les fourmis sont non seulement attir\u00e9es par la nourriture et l&#8217;humidit\u00e9, mais elles peuvent \u00e9galement causer des d\u00e9g\u00e2ts en s\u2019installant dans les murs et sous les planchers. Phobi AXA Fourmis, un gel app\u00e2t insecticide, est con\u00e7u pour [&hellip;]<\/p>\n","protected":false},"featured_media":7002,"comment_status":"open","ping_status":"closed","template":"","meta":[],"product_brand":[],"product_cat":[315],"product_tag":[],"class_list":{"0":"post-7001","1":"product","2":"type-product","3":"status-publish","4":"has-post-thumbnail","6":"product_cat-gel-anti-fourmis","8":"first","9":"instock","10":"taxable","11":"shipping-taxable","12":"purchasable","13":"product-type-simple"},"_links":{"self":[{"href":"https:\/\/www.ban-idf.com\/boutique\/wp-json\/wp\/v2\/product\/7001","targetHints":{"allow":["GET"]}}],"collection":[{"href":"https:\/\/www.ban-idf.com\/boutique\/wp-json\/wp\/v2\/product"}],"about":[{"href":"https:\/\/www.ban-idf.com\/boutique\/wp-json\/wp\/v2\/types\/product"}],"replies":[{"embeddable":true,"href":"https:\/\/www.ban-idf.com\/boutique\/wp-json\/wp\/v2\/comments?post=7001"}],"wp:featuredmedia":[{"embeddable":true,"href":"https:\/\/www.ban-idf.com\/boutique\/wp-json\/wp\/v2\/media\/7002"}],"wp:attachment":[{"href":"https:\/\/www.ban-idf.com\/boutique\/wp-json\/wp\/v2\/media?parent=7001"}],"wp:term":[{"taxonomy":"product_brand","embeddable":true,"href":"https:\/\/www.ban-idf.com\/boutique\/wp-json\/wp\/v2\/product_brand?post=7001"},{"taxonomy":"product_cat","embeddable":true,"href":"https:\/\/www.ban-idf.com\/boutique\/wp-json\/wp\/v2\/product_cat?post=7001"},{"taxonomy":"product_tag","embeddable":true,"href":"https:\/\/www.ban-idf.com\/boutique\/wp-json\/wp\/v2\/product_tag?post=7001"}],"curies":[{"name":"wp","href":"https:\/\/api.w.org\/{rel}","templated":true}]}}