{"id":6197,"date":"2024-03-18T02:32:38","date_gmt":"2024-03-18T01:32:38","guid":{"rendered":"https:\/\/www.ban-idf.com\/boutique\/?post_type=product&#038;p=6197"},"modified":"2024-10-03T16:51:07","modified_gmt":"2024-10-03T14:51:07","slug":"piege-a-rats-rotech-rascal","status":"publish","type":"product","link":"https:\/\/www.ban-idf.com\/boutique\/produit\/piege-a-rats-rotech-rascal\/","title":{"rendered":"Piege \u00e0 rats ROTECH RASCAL"},"content":{"rendered":"<p>Le <strong>Poste Rotech Rascal<\/strong> est un poste de surveillance et de capture robuste, dot\u00e9 d&#8217;une double entr\u00e9e, est con\u00e7u pour r\u00e9sister aux chocs, assurant ainsi une durabilit\u00e9 exceptionnelle m\u00eame dans les conditions les plus exigeantes. Avec son couvercle verrouillable, il offre une s\u00e9curit\u00e9 optimale, emp\u00eachant l&#8217;acc\u00e8s aux app\u00e2ts ou aux dispositifs de capture par les non-cibles, y compris les enfants et les animaux domestiques.<\/p>\n<p><img fetchpriority=\"high\" decoding=\"async\" class=\"aligncenter wp-image-6201 size-full\" src=\"https:\/\/www.ban-idf.com\/boutique\/wp-content\/uploads\/2024\/03\/poste-anti-rats-rotech-rascal-en-exterieur.webp\" alt=\"poste anti rats rotech rascal en ext\u00e9rieur\" width=\"650\" height=\"650\" srcset=\"https:\/\/www.ban-idf.com\/boutique\/wp-content\/uploads\/2024\/03\/poste-anti-rats-rotech-rascal-en-exterieur.webp 650w, https:\/\/www.ban-idf.com\/boutique\/wp-content\/uploads\/2024\/03\/poste-anti-rats-rotech-rascal-en-exterieur-300x300.webp 300w, https:\/\/www.ban-idf.com\/boutique\/wp-content\/uploads\/2024\/03\/poste-anti-rats-rotech-rascal-en-exterieur-150x150.webp 150w, https:\/\/www.ban-idf.com\/boutique\/wp-content\/uploads\/2024\/03\/poste-anti-rats-rotech-rascal-en-exterieur-500x500.webp 500w, https:\/\/www.ban-idf.com\/boutique\/wp-content\/uploads\/2024\/03\/poste-anti-rats-rotech-rascal-en-exterieur-600x600.webp 600w, https:\/\/www.ban-idf.com\/boutique\/wp-content\/uploads\/2024\/03\/poste-anti-rats-rotech-rascal-en-exterieur-100x100.webp 100w\" sizes=\"(max-width: 650px) 100vw, 650px\" \/><\/p>\n<p>Ce poste polyvalent int\u00e8gre une fonctionnalit\u00e9 quatre-en-un, permettant son utilisation pour le <strong>monitoring<\/strong>, la capture via une <strong>tapette \u00e0 rat<\/strong>, l&#8217;installation d&#8217;une <strong>plaque de glu<\/strong>, ou encore l&#8217;\u00e9limination toxique gr\u00e2ce \u00e0 un <strong>raticide pour rats<\/strong>.<\/p>\n<p>Sa conception comprend des bacs amovibles et une barre de fixation, offrant une flexibilit\u00e9 maximale pour l&#8217;emploi de diff\u00e9rentes strat\u00e9gies de contr\u00f4le des nuisibles en fonction de l&#8217;environnement et de l&#8217;infestation.<\/p>\n<h2>Dimension et conditionnement<\/h2>\n<p>Le <strong>Poste Rotech Rascal<\/strong> mesure 280 mm de longueur, 190 mm de largeur et 120 mm de hauteur. Il est livr\u00e9 avec une cl\u00e9 en plastique, permettant un verrouillage s\u00e9curis\u00e9 du couvercle.<\/p>\n","protected":false},"excerpt":{"rendered":"<p>Le Poste Rotech Rascal est un poste de surveillance et de capture robuste, dot\u00e9 d&#8217;une double entr\u00e9e, est con\u00e7u pour r\u00e9sister aux chocs, assurant ainsi une durabilit\u00e9 exceptionnelle m\u00eame dans les conditions les plus exigeantes. Avec son couvercle verrouillable, il offre une s\u00e9curit\u00e9 optimale, emp\u00eachant l&#8217;acc\u00e8s aux app\u00e2ts ou aux dispositifs de capture par les [&hellip;]<\/p>\n","protected":false},"featured_media":6198,"comment_status":"open","ping_status":"closed","template":"","meta":[],"product_brand":[],"product_cat":[332],"product_tag":[],"class_list":{"0":"post-6197","1":"product","2":"type-product","3":"status-publish","4":"has-post-thumbnail","6":"product_cat-piege-a-rats","8":"first","9":"instock","10":"taxable","11":"shipping-taxable","12":"purchasable","13":"product-type-simple"},"_links":{"self":[{"href":"https:\/\/www.ban-idf.com\/boutique\/wp-json\/wp\/v2\/product\/6197","targetHints":{"allow":["GET"]}}],"collection":[{"href":"https:\/\/www.ban-idf.com\/boutique\/wp-json\/wp\/v2\/product"}],"about":[{"href":"https:\/\/www.ban-idf.com\/boutique\/wp-json\/wp\/v2\/types\/product"}],"replies":[{"embeddable":true,"href":"https:\/\/www.ban-idf.com\/boutique\/wp-json\/wp\/v2\/comments?post=6197"}],"wp:featuredmedia":[{"embeddable":true,"href":"https:\/\/www.ban-idf.com\/boutique\/wp-json\/wp\/v2\/media\/6198"}],"wp:attachment":[{"href":"https:\/\/www.ban-idf.com\/boutique\/wp-json\/wp\/v2\/media?parent=6197"}],"wp:term":[{"taxonomy":"product_brand","embeddable":true,"href":"https:\/\/www.ban-idf.com\/boutique\/wp-json\/wp\/v2\/product_brand?post=6197"},{"taxonomy":"product_cat","embeddable":true,"href":"https:\/\/www.ban-idf.com\/boutique\/wp-json\/wp\/v2\/product_cat?post=6197"},{"taxonomy":"product_tag","embeddable":true,"href":"https:\/\/www.ban-idf.com\/boutique\/wp-json\/wp\/v2\/product_tag?post=6197"}],"curies":[{"name":"wp","href":"https:\/\/api.w.org\/{rel}","templated":true}]}}