{"id":6172,"date":"2024-03-16T19:54:04","date_gmt":"2024-03-16T18:54:04","guid":{"rendered":"https:\/\/www.ban-idf.com\/boutique\/?post_type=product&#038;p=6172"},"modified":"2025-06-23T20:59:15","modified_gmt":"2025-06-23T18:59:15","slug":"canule-metallique-pour-seringue","status":"publish","type":"product","link":"https:\/\/www.ban-idf.com\/boutique\/produit\/canule-metallique-pour-seringue\/","title":{"rendered":"Canule m\u00e9tallique pour seringue"},"content":{"rendered":"<h2>Canule m\u00e9tallique de pr\u00e9cision pour l&#8217;utilisation d&#8217;une seringue anti cafards ou anti fourmis.<\/h2>\n<p>La plupart des seringues anti-cafards ou anti-fourmis sont vendues sans canule. Avec ce mod\u00e8le, vous allez pouvoir agir avec pr\u00e9cision mais surtout \u00e9conomiser du gel. Le nettoyage de cette canule se fait \u00e0 l&#8217;eau chaude ou avec un cure-dent.<\/p>\n<p>La canule est vendue \u00e0 l&#8217;unit\u00e9.<\/p>\n","protected":false},"excerpt":{"rendered":"<p>Canule m\u00e9tallique de pr\u00e9cision pour l&#8217;utilisation d&#8217;une seringue anti cafards ou anti fourmis. La plupart des seringues anti-cafards ou anti-fourmis sont vendues sans canule. Avec ce mod\u00e8le, vous allez pouvoir agir avec pr\u00e9cision mais surtout \u00e9conomiser du gel. Le nettoyage de cette canule se fait \u00e0 l&#8217;eau chaude ou avec un cure-dent. La canule est [&hellip;]<\/p>\n","protected":false},"featured_media":6175,"comment_status":"open","ping_status":"closed","template":"","meta":[],"product_brand":[],"product_cat":[311],"product_tag":[],"class_list":{"0":"post-6172","1":"product","2":"type-product","3":"status-publish","4":"has-post-thumbnail","6":"product_cat-gel-anti-cafards","8":"first","9":"instock","10":"taxable","11":"shipping-taxable","12":"purchasable","13":"product-type-simple"},"_links":{"self":[{"href":"https:\/\/www.ban-idf.com\/boutique\/wp-json\/wp\/v2\/product\/6172","targetHints":{"allow":["GET"]}}],"collection":[{"href":"https:\/\/www.ban-idf.com\/boutique\/wp-json\/wp\/v2\/product"}],"about":[{"href":"https:\/\/www.ban-idf.com\/boutique\/wp-json\/wp\/v2\/types\/product"}],"replies":[{"embeddable":true,"href":"https:\/\/www.ban-idf.com\/boutique\/wp-json\/wp\/v2\/comments?post=6172"}],"wp:featuredmedia":[{"embeddable":true,"href":"https:\/\/www.ban-idf.com\/boutique\/wp-json\/wp\/v2\/media\/6175"}],"wp:attachment":[{"href":"https:\/\/www.ban-idf.com\/boutique\/wp-json\/wp\/v2\/media?parent=6172"}],"wp:term":[{"taxonomy":"product_brand","embeddable":true,"href":"https:\/\/www.ban-idf.com\/boutique\/wp-json\/wp\/v2\/product_brand?post=6172"},{"taxonomy":"product_cat","embeddable":true,"href":"https:\/\/www.ban-idf.com\/boutique\/wp-json\/wp\/v2\/product_cat?post=6172"},{"taxonomy":"product_tag","embeddable":true,"href":"https:\/\/www.ban-idf.com\/boutique\/wp-json\/wp\/v2\/product_tag?post=6172"}],"curies":[{"name":"wp","href":"https:\/\/api.w.org\/{rel}","templated":true}]}}