{"id":5478,"date":"2023-11-08T00:07:59","date_gmt":"2023-11-07T23:07:59","guid":{"rendered":"https:\/\/www.ban-idf.com\/boutique\/?post_type=product&#038;p=5478"},"modified":"2024-10-03T16:51:10","modified_gmt":"2024-10-03T14:51:10","slug":"detection-de-punaises-de-lit-avec-trudetx","status":"publish","type":"product","link":"https:\/\/www.ban-idf.com\/boutique\/produit\/detection-de-punaises-de-lit-avec-trudetx\/","title":{"rendered":"D\u00e9tecteur de Punaises de Lit TRUDETX\u2122"},"content":{"rendered":"<h2 style=\"text-align: left;\">TRUDETX\u2122, le d\u00e9tecteur de Punaises de Lit enfin disponible !<\/h2>\n<p><strong>BAN-IDF, Les Experts Anti-Nuisibles<\/strong> pr\u00e9sente le <strong>TRUDETX\u2122<\/strong>, un pionnier dans la d\u00e9tection pr\u00e9coce des punaises de lit. Ce dispositif de pointe est l&#8217;outil ultime pour les propri\u00e9taires, les gestionnaires immobiliers et les voyageurs qui veulent garantir des environnements sans punaises de lit.<\/p>\n<p>Nouveaut\u00e9 2023, nous sommes fier de vous proposer ce nouveau produit qui va vous faciliter la d\u00e9tection de punaises de lit !<\/p>\n<p>Mais avant tout, &#8230;<\/p>\n<h2>Comment arrivent les punaises de lit ?<\/h2>\n<p>Discr\u00e8tes et insidieuses, les punaises de lit peuvent infester les espaces sans \u00eatre d\u00e9tect\u00e9es, se r\u00e9pandant par le biais de bagages, de v\u00eatements, et d&#8217;autres vecteurs inattendus. Le niveau d&#8217;infestation actuel est tr\u00e8s \u00e9lev\u00e9. C&#8217;est ici que le <strong>TRUDETX\u2122<\/strong> devient essentiel.<\/p>\n<h2>Comment d\u00e9tecter des punaises de lit ?<\/h2>\n<p><strong>TRUDETX\u2122<\/strong> est votre premi\u00e8re ligne de d\u00e9fense, con\u00e7u pour signaler la pr\u00e9sence des punaises de lit rapidement et efficacement. Il rep\u00e8re les signes d&#8217;infestation bien avant que vous ne remarquiez les premiers sympt\u00f4mes.<\/p>\n<h3>Avantages du TRUDETX\u2122 :<\/h3>\n<ul>\n<li><strong>D\u00e9tection pr\u00e9coce garantie :<\/strong> Identifiez les premiers signes d&#8217;infestation avant qu&#8217;ils ne se d\u00e9veloppent.<\/li>\n<li><strong>Fiabilit\u00e9 scientifique :<\/strong> Valid\u00e9 par des \u00e9tudes scientifiques, avec une efficacit\u00e9 d\u00e9montr\u00e9e sup\u00e9rieure \u00e0 90%.<\/li>\n<li><strong>Facilit\u00e9 d&#8217;emploi :<\/strong> Simple \u00e0 utiliser, il vous donne des r\u00e9sultats en seulement 5 minutes.<\/li>\n<li><strong>Mobilit\u00e9 optimis\u00e9e :<\/strong> L\u00e9ger et compact, il est facilement transportable pour vous accompagner dans tous vos d\u00e9placements.<\/li>\n<li><strong>\u00c9conomie et efficacit\u00e9 :<\/strong> Un seul kit permet d&#8217;effectuer des tests dans jusqu&#8217;\u00e0 5 pi\u00e8ces diff\u00e9rentes.<\/li>\n<\/ul>\n<h3>Comment utiliser le d\u00e9tecteur de punaises de lit TRUDETX\u2122 ?<\/h3>\n<p>Le test rapide <strong>TRUDETX\u2122<\/strong>\u00a0est une simple bandelette \u00e0 flux lat\u00e9ral qui fonctionne comme un autotest COVID-19. Voici comment cela fonctionne:<\/p>\n<ol>\n<li>Tout d\u2019abord, Vous devez mettre le matelas \u00e0 nu, enlevez les draps. Ensuite, vous retirez coton-tige du support et utiliser l\u2019extr\u00e9mit\u00e9 souple pour collecter les r\u00e9sidus du matelas et des autres zones de couchage o\u00f9 se cachent les punaises de lit. Vous avez d\u00e9tectez un insecte ? R\u00e9cup\u00e9rez-le \u00e0 l&#8217;aide du coton tige.<\/li>\n<li>Ensuite, vous remettez l&#8217;\u00e9couvillon sur le support avec l&#8217;extr\u00e9mit\u00e9 souple tourn\u00e9e vers le bas. Brisez le sceau de la solution en pliant la tige jusqu&#8217;\u00e0 ce qu&#8217;elle se casse et lib\u00e8rent le liquide en pressant l&#8217;ampoule. Agitez doucement le support pendant 15 secondes jusqu&#8217;\u00e0 ce que l&#8217;\u00e9couvillon soit tremp\u00e9.<\/li>\n<li>Retirez le capuchon blanc de l\u2019extr\u00e9mit\u00e9 de l\u2019\u00e9couvillon et placez quatre gouttes dans le puits. Les r\u00e9sultats du test appara\u00eetront dans cinq minutes.<\/li>\n<li>Les r\u00e9sultats ressemblent exactement \u00e0 un autotest COVID-19. Une ligne indique qu\u2019il n\u2019y a pas de r\u00e9sidus de punaises de lit, et deux lignes indiquent que des r\u00e9sidus de punaises de lit sont pr\u00e9sents.<\/li>\n<\/ol>\n<p>Rien de compliqu\u00e9.<\/p>\n<h2>Comment se d\u00e9barrasser des punaises de lit ?<\/h2>\n<p>Lorsque <strong>TRUDETX\u2122 d\u00e9tecte la pr\u00e9sence des punaises de lit<\/strong>, il est crucial d&#8217;agir vite. En compl\u00e9ment de <strong>TRUDETX\u2122<\/strong>, utilisez notre insecticide <a href=\"https:\/\/www.ban-idf.com\/boutique\/produit\/insecticide-aedex-ec-100ml\/\">Aedex EC<\/a> pour \u00e9liminer l&#8217;infestation. Cette combinaison garantit une strat\u00e9gie d\u00e9fensive et offensive compl\u00e8te contre ces nuisibles.<\/p>\n<p style=\"text-align: center;\"><a href=\"https:\/\/www.ban-idf.com\/boutique\/produit\/insecticide-aedex-ec-100ml\/\">D\u00e9couvrez notre produit phare, l&#8217;Aedex EC 100ml<\/a><\/p>\n<h3>Conditionnement :<\/h3>\n<p>Boite contenant 5 test (5 \u00e9couvillons et 5 r\u00e9v\u00e9lateurs).<\/p>\n","protected":false},"excerpt":{"rendered":"<p>TRUDETX\u2122, le d\u00e9tecteur de Punaises de Lit enfin disponible ! BAN-IDF, Les Experts Anti-Nuisibles pr\u00e9sente le TRUDETX\u2122, un pionnier dans la d\u00e9tection pr\u00e9coce des punaises de lit. Ce dispositif de pointe est l&#8217;outil ultime pour les propri\u00e9taires, les gestionnaires immobiliers et les voyageurs qui veulent garantir des environnements sans punaises de lit. Nouveaut\u00e9 2023, nous [&hellip;]<\/p>\n","protected":false},"featured_media":5782,"comment_status":"open","ping_status":"closed","template":"","meta":[],"product_brand":[],"product_cat":[310],"product_tag":[274],"class_list":{"0":"post-5478","1":"product","2":"type-product","3":"status-publish","4":"has-post-thumbnail","6":"product_cat-detecteur-de-punaises-de-lit","7":"product_tag-detecteur-punaise-de-lit","9":"first","10":"instock","11":"taxable","12":"shipping-taxable","13":"purchasable","14":"product-type-simple"},"_links":{"self":[{"href":"https:\/\/www.ban-idf.com\/boutique\/wp-json\/wp\/v2\/product\/5478","targetHints":{"allow":["GET"]}}],"collection":[{"href":"https:\/\/www.ban-idf.com\/boutique\/wp-json\/wp\/v2\/product"}],"about":[{"href":"https:\/\/www.ban-idf.com\/boutique\/wp-json\/wp\/v2\/types\/product"}],"replies":[{"embeddable":true,"href":"https:\/\/www.ban-idf.com\/boutique\/wp-json\/wp\/v2\/comments?post=5478"}],"wp:featuredmedia":[{"embeddable":true,"href":"https:\/\/www.ban-idf.com\/boutique\/wp-json\/wp\/v2\/media\/5782"}],"wp:attachment":[{"href":"https:\/\/www.ban-idf.com\/boutique\/wp-json\/wp\/v2\/media?parent=5478"}],"wp:term":[{"taxonomy":"product_brand","embeddable":true,"href":"https:\/\/www.ban-idf.com\/boutique\/wp-json\/wp\/v2\/product_brand?post=5478"},{"taxonomy":"product_cat","embeddable":true,"href":"https:\/\/www.ban-idf.com\/boutique\/wp-json\/wp\/v2\/product_cat?post=5478"},{"taxonomy":"product_tag","embeddable":true,"href":"https:\/\/www.ban-idf.com\/boutique\/wp-json\/wp\/v2\/product_tag?post=5478"}],"curies":[{"name":"wp","href":"https:\/\/api.w.org\/{rel}","templated":true}]}}