{"id":5134,"date":"2023-08-04T18:03:22","date_gmt":"2023-08-04T16:03:22","guid":{"rendered":"https:\/\/www.ban-idf.com\/boutique\/?post_type=product&#038;p=5134"},"modified":"2025-11-25T00:10:23","modified_gmt":"2025-11-24T23:10:23","slug":"gel-anti-cafards-aedex-pro-10g","status":"publish","type":"product","link":"https:\/\/www.ban-idf.com\/boutique\/produit\/gel-anti-cafards-aedex-pro-10g\/","title":{"rendered":"Gel Anti Cafards Aedex Pro 10g"},"content":{"rendered":"\n<h2 class=\"wp-block-heading\">2024, Notre nouveau gel anti cafards ULTRA PUISSANT ! AEDEX PRO GEL<\/h2>\n\n\n\n<p>Dans la <strong>lutte contre les <a href=\"https:\/\/www.ban-idf.com\/boutique\/blattes\/\">blattes<\/a><\/strong>, le gel est une arme tr\u00e8s efficace. Nos agents applicateurs, utilisent tous les jours ces seringues dans les cas d&#8217;infestations faibles ou mod\u00e9r\u00e9es.<\/p>\n\n\n\n<p>Aujourd&#8217;hui, nous vous proposons, le gel de la marque <strong>Aedex<\/strong>. Il est d\u00e9di\u00e9 aux &#8220;amateurs&#8221;.<\/p>\n\n\n\n<p>Malgr\u00e9 son dosage plus faible que ses concurrents &#8220;professionnels&#8221;, il reste performant dans l&#8217;\u00e9radication de colonie de blattes germaniques ou de cafards.<\/p>\n\n\n\n<p>Le <strong>gel anti cafards AEDEX PRO GEL<\/strong>&nbsp;est tr\u00e8s attractif et app\u00e9tant : il suffit d&#8217;un point de moins de 4 mm pour attirer les cafards qui vont s&#8217;empoisonner.<\/p>\n\n\n\n<p class=\"has-text-align-center\"><strong><span style=\"color: #ff0000;\">Ce produit anti cafards est vendu sans pistolet NI canule et NI poussoir (voir conditionnement plus bas)<\/span><\/strong><\/p>\n\n\n\n<h2 class=\"wp-block-heading\">O\u00f9 mettre le gel anti blattes ?<\/h2>\n\n\n\n<p>La cuisine repr\u00e9sente souvent le principal habitat de la colonie. Initialement, il est essentiel d&#8217;adopter une approche analytique, quasi-d\u00e9tective. Il convient de scruter les zones \u00e9mettant de la chaleur, telles que les prises \u00e9lectriques, les micro-ondes, les fours, les moteurs des r\u00e9frig\u00e9rateurs, ainsi que les charni\u00e8res des placards. En r\u00e9sum\u00e9, l&#8217;objectif est de localiser le nid central de l&#8217;infestation.<\/p>\n\n\n\n<p>Ensuite, il faut mettre quelques points du gel <strong>AEDEX PRO GEL <\/strong>au niveau des zones infect\u00e9es. Pas besoin de <strong>&#8220;tartiner&#8221;<\/strong>, de gaspiller. Les techniciens <strong>BAN-IDF, Les Experts Anti Nuisibles<\/strong> font des dizaines d&#8217;appartements avec une seule seringue du gel anti-cafards.<\/p>\n\n\n\n<p>Appliquez le gel <strong>AEDEX PRO GEL <\/strong>en d\u00e9posant une petite noisette derri\u00e8re les \u00e9quipements \u00e9lectriques, les tuyaux d&#8217;alimentation et d&#8217;\u00e9vacuation d&#8217;eau. Pensez \u00e0 en mettre autour du cadre de portes de toutes les pi\u00e8ces.<\/p>\n\n\n\n<p>Nous vous recommandons d&#8217;utiliser des pi\u00e8ges m\u00e9caniques <strong>GEOTRAP<\/strong> pour compl\u00e9ter le traitement chimique : <a href=\"https:\/\/www.ban-idf.com\/boutique\/produit\/geotrap-piege-pour-blattes-avec-attractif-dintegre\/\">pi\u00e8ge \u00e0 cafard<\/a>.<\/p>\n\n\n\n<p>Si toute fois vous constatez que l&#8217;infestation persiste, pr\u00e9voyez une pulv\u00e9risation de <a href=\"https:\/\/www.ban-idf.com\/boutique\/produit\/insecticide-aedex-ec-100ml\/\">l&#8217;insecticide AEDEX EC qui est puissant contre les punaises de lit et les cafards<\/a>.<\/p>\n\n\n\n<h2 class=\"wp-block-heading\">Et ensuite ?<\/h2>\n\n\n\n<p>La patiente. Ce gel a une r\u00e9manence dans le temps : il reste <strong>efficace durant 3 semaines<\/strong>. Les cafards vont tomber l&#8217;un apr\u00e8s l&#8217;autre. Omnivores, ils mangeront les cadavres contamin\u00e9s. En quelques que jours, la colonie va diminuer de beaucoup.<\/p>\n\n\n\n<p>Il faudra encore patienter : le temps que les \u0153ufs \u00e9clos et que les nouveau-n\u00e9s s&#8217;empoisonnent.<\/p>\n\n\n\n<h2 class=\"wp-block-heading\">On r\u00e9capitule :<\/h2>\n\n\n\n<p>Le gel <strong>AEDEX PRO GEL<\/strong> va vous convenir si :<\/p>\n\n\n\n<ol class=\"wp-block-list\">\n<li>Vous avez une infestation faible \u00e0 mod\u00e9r\u00e9e. Dans les cas extr\u00eames, il faudra le combiner avec un insecticide : <a href=\"https:\/\/www.ban-idf.com\/boutique\/index.php\/produit\/insecticide-aedex-ec-100ml\/\"><strong>insecticide anti-blattes et punaises de lit.<\/strong><\/a><\/li>\n\n\n\n<li>Vous vous y prenez rapidement \u00e0 l&#8217;apparition des premiers cafards.<\/li>\n\n\n\n<li>L&#8217;hygi\u00e8ne de votre cuisine est irr\u00e9prochable.<\/li>\n\n\n\n<li>Vous \u00eates patient.<\/li>\n\n\n\n<li>Vous suivez nos conseils.<\/li>\n<\/ol>\n\n\n\n<h2 class=\"wp-block-heading\">Nous sommes une entreprise de d\u00e9sinsectisation de cafards :<\/h2>\n\n\n\n<p>Vous \u00eates parisiens ? Vous cherchez un professionnel pour vous d\u00e9barrasser d\u00e9finitivement d&#8217;une infestations de cafards ou de blattes germaniques ? Contactez nous !<\/p>\n\n\n\n<p class=\"has-text-align-center\"><a href=\"https:\/\/www.ban-idf.com\/comment-se-debarrasser-des-cafards\/\">Entreprise anti cafards Paris<\/a><\/p>\n\n\n\n<h2 class=\"wp-block-heading\">Composition :<\/h2>\n\n\n\n<div class=\"productAlternateDescription\">Ac\u00e9tamipride 9g\/kg<\/div>\n\n\n\n<div>\n<h2>Vos questions, nos r\u00e9ponses :<\/h2>\n<h4 style=\"text-align: left;\">Mon voisin m&#8217;a dit que le gel anti cafard Goliath est beaucoup plus puissant que le votre ?<\/h4>\n<p>Le gel app\u00e2t Goliath est d\u00e9di\u00e9 aux professionnels. Sa vente aux amateurs est interdite. Le gel <strong>AEDEX PRO GEL<\/strong> est aussi puissant que le Goliath sauf que ce dernier b\u00e9n\u00e9ficie d&#8217;une renomm\u00e9e mondiale. Il est ultra connu est nous l&#8217;utilisons aussi dans les d\u00e9sinsectisation. Des boutiques anti nuisibles vendent du Goliath sans r\u00e9clamer d&#8217;attestation professionnelle.<\/p>\n<p>Mais pourquoi payer 3 fois plus cher alors que l&#8217;<strong>AEDEX PRO GEL<\/strong> peut faire l&#8217;affaire ? Votre voisin aurait rajouter une petite somme en plus et aurait pu b\u00e9n\u00e9ficier d&#8217;une d\u00e9sinsectisation cafards effectu\u00e9 par un pro avec une garantie, dommage pour lui.<\/p>\n<h4 style=\"text-align: left;\">Quel est le meilleur pi\u00e8ge \u00e0 cafard ?<\/h4>\n<p>Le GeoTrap, notre <a href=\"https:\/\/www.ban-idf.com\/boutique\/produit\/geotrap-piege-pour-blattes-avec-attractif-dintegre\/\">pi\u00e8ge a cafard<\/a> bien \u00e9videment !<\/p>\n<h2>Conditionnement :<\/h2>\n<p>Vendu sans le pistolet : <a href=\"https:\/\/www.ban-idf.com\/boutique\/produit\/pistolet-pour-seringue-anti-cafards\/\">pistolet seringue anti cafards<\/a> et sans la canule et le poussoir qui sont disponibles en pack ici : <a href=\"https:\/\/www.ban-idf.com\/boutique\/produit\/canule-et-poussoir-pour-seringue-anti-cafards\/\">Canule et poussoir pour seringue anti cafards<\/a><\/p>\n<\/div>\n\n\n\n<h2 class=\"wp-block-heading\">T\u00e9l\u00e9chargement :<\/h2>\n\n\n\n<p><a href=\"https:\/\/www.ban-idf.com\/boutique\/wp-admin\/includes\/ft-armosa-aedex-gel-cafard.pdf\">Fiche Technique<\/a> &#8211; <a href=\"https:\/\/www.ban-idf.com\/boutique\/wp-admin\/includes\/in-amp-98001-fds-gel-insecticide-aedex-cafards.pdf\">Fiche de Donn\u00e9es de S\u00e9curit\u00e9<\/a><\/p>\n","protected":false},"excerpt":{"rendered":"<p>2024, Notre nouveau gel anti cafards ULTRA PUISSANT ! AEDEX PRO GEL Dans la lutte contre les blattes, le gel est une arme tr\u00e8s efficace. Nos agents applicateurs, utilisent tous les jours ces seringues dans les cas d&#8217;infestations faibles ou mod\u00e9r\u00e9es. Aujourd&#8217;hui, nous vous proposons, le gel de la marque Aedex. Il est d\u00e9di\u00e9 aux [&hellip;]<\/p>\n","protected":false},"featured_media":5774,"comment_status":"open","ping_status":"closed","template":"","meta":[],"product_brand":[],"product_cat":[311],"product_tag":[223,216],"class_list":{"0":"post-5134","1":"product","2":"type-product","3":"status-publish","4":"has-post-thumbnail","6":"product_cat-gel-anti-cafards","7":"product_tag-anti-cafard","8":"product_tag-gel-anti-cafards-puissant","10":"first","11":"outofstock","12":"taxable","13":"shipping-taxable","14":"purchasable","15":"product-type-simple"},"_links":{"self":[{"href":"https:\/\/www.ban-idf.com\/boutique\/wp-json\/wp\/v2\/product\/5134","targetHints":{"allow":["GET"]}}],"collection":[{"href":"https:\/\/www.ban-idf.com\/boutique\/wp-json\/wp\/v2\/product"}],"about":[{"href":"https:\/\/www.ban-idf.com\/boutique\/wp-json\/wp\/v2\/types\/product"}],"replies":[{"embeddable":true,"href":"https:\/\/www.ban-idf.com\/boutique\/wp-json\/wp\/v2\/comments?post=5134"}],"wp:featuredmedia":[{"embeddable":true,"href":"https:\/\/www.ban-idf.com\/boutique\/wp-json\/wp\/v2\/media\/5774"}],"wp:attachment":[{"href":"https:\/\/www.ban-idf.com\/boutique\/wp-json\/wp\/v2\/media?parent=5134"}],"wp:term":[{"taxonomy":"product_brand","embeddable":true,"href":"https:\/\/www.ban-idf.com\/boutique\/wp-json\/wp\/v2\/product_brand?post=5134"},{"taxonomy":"product_cat","embeddable":true,"href":"https:\/\/www.ban-idf.com\/boutique\/wp-json\/wp\/v2\/product_cat?post=5134"},{"taxonomy":"product_tag","embeddable":true,"href":"https:\/\/www.ban-idf.com\/boutique\/wp-json\/wp\/v2\/product_tag?post=5134"}],"curies":[{"name":"wp","href":"https:\/\/api.w.org\/{rel}","templated":true}]}}