{"id":5101,"date":"2023-07-17T19:01:42","date_gmt":"2023-07-17T17:01:42","guid":{"rendered":"https:\/\/www.ban-idf.com\/boutique\/?post_type=product&#038;p=5101"},"modified":"2025-05-19T20:37:04","modified_gmt":"2025-05-19T18:37:04","slug":"fumigene-clac-10g-pour-punaises-de-lit-et-cafards","status":"publish","type":"product","link":"https:\/\/www.ban-idf.com\/boutique\/produit\/fumigene-clac-10g-pour-punaises-de-lit-et-cafards\/","title":{"rendered":"Fumigene CLAC 10g pour les cafards dans la cuisine"},"content":{"rendered":"\n<h2 class=\"wp-block-heading\">Un fumig\u00e8ne anti insectes pour tout traiter, surtout les cafards !<\/h2>\n\n\n\n<p>Le fumig\u00e8ne <strong>Insecti CLAC 10g<\/strong> remplace le c\u00e9l\u00e8bre <a href=\"https:\/\/www.ban-idf.com\/boutique\/produit\/fumigene-aedex-10g\/\">AEDEX 10g<\/a> pour le traitement volum\u00e9trique de pi\u00e8ces infest\u00e9es de : punaises de lit, cafards et blattes, puces, fourmis, mouches et moucherons &#8230;<\/p>\n\n\n\n<p>Ce fumig\u00e8ne ultra puissant lib\u00e8re une fum\u00e9e s\u00e8che qui p\u00e9n\u00e8tre partout pour \u00e9liminer efficacement les nuisibles qui vous envahissent.<\/p>\n\n\n\n<h2 class=\"wp-block-heading\">Comment utiliser un fumig\u00e8ne Insecti CLAC 10g :<\/h2>\n\n\n\n<ul class=\"wp-block-list\">\n<li>Fermez toutes les portes et fen\u00eatres de la pi\u00e8ce que vous souhaitez traiter.<\/li>\n\n\n\n<li>Placez le fumig\u00e8ne sur une surface stable et inflammable dans la pi\u00e8ce.<\/li>\n\n\n\n<li>Allumez la m\u00e8che du fumig\u00e8ne et quittez la pi\u00e8ce imm\u00e9diatement.<\/li>\n\n\n\n<li>Laissez le fumig\u00e8ne agir pendant 3 \u00e0 4 heures.<\/li>\n\n\n\n<li>Ouvrez toutes les portes et fen\u00eatres pour ventiler la pi\u00e8ce avant d&#8217;y entrer \u00e0 nouveau.<\/li>\n<\/ul>\n\n\n\n<h2 class=\"wp-block-heading\">Pr\u00e9cautions d&#8217;emploi :<\/h2>\n\n\n\n<ul class=\"wp-block-list\">\n<li>Tenir hors de port\u00e9e des enfants et des animaux domestiques.<\/li>\n\n\n\n<li>\u00c9teindre tous les appareils \u00e9lectriques et les flammes nues avant d&#8217;utiliser le fumig\u00e8ne.<\/li>\n\n\n\n<li>\u00c9viter tout contact avec la peau ou les yeux. En cas de contact, rincer imm\u00e9diatement \u00e0 l&#8217;eau.<\/li>\n\n\n\n<li>Ne pas utiliser dans les zones o\u00f9 des aliments sont pr\u00e9par\u00e9s ou consomm\u00e9s.<\/li>\n\n\n\n<li>Suivre attentivement les instructions fournies avec le produit.<\/li>\n<\/ul>\n\n\n\n<h2 class=\"wp-block-heading\">Composition :<\/h2>\n\n\n\n<p>72 g\/kg de Cyph\u00e9nothine<\/p>\n\n\n\n<h2 class=\"wp-block-heading\">Dur\u00e9e de conservation :<\/h2>\n\n\n\n<p>Le fumig\u00e8ne Insecti CLAC 10g pour \u00e9liminer les insectes volants et rampants peut \u00eatre stock\u00e9 pendant 2 ans \u00e0 compter de la date de fabrication.<\/p>\n\n\n\n<h2 class=\"wp-block-heading\">T\u00e9l\u00e9chargement :<\/h2>\n\n\n\n<p><a href=\"https:\/\/www.ban-idf.com\/boutique\/wp-admin\/images\/ft-armosa-aedex-fumigateur.pdf\">Fiche Technique<\/a> \u2013 <a href=\"https:\/\/www.ban-idf.com\/boutique\/wp-admin\/images\/in-oin-17005-fds-insecticide-fumigateur-aedex-rampants-et-volants.pdf\">Fiche de Donn\u00e9es de S\u00e9curit\u00e9<\/a><\/p>\n","protected":false},"excerpt":{"rendered":"<p>Un fumig\u00e8ne anti insectes pour tout traiter, surtout les cafards ! Le fumig\u00e8ne Insecti CLAC 10g remplace le c\u00e9l\u00e8bre AEDEX 10g pour le traitement volum\u00e9trique de pi\u00e8ces infest\u00e9es de : punaises de lit, cafards et blattes, puces, fourmis, mouches et moucherons &#8230; Ce fumig\u00e8ne ultra puissant lib\u00e8re une fum\u00e9e s\u00e8che qui p\u00e9n\u00e8tre partout pour \u00e9liminer [&hellip;]<\/p>\n","protected":false},"featured_media":5781,"comment_status":"open","ping_status":"closed","template":"","meta":[],"product_brand":[],"product_cat":[314],"product_tag":[],"class_list":{"0":"post-5101","1":"product","2":"type-product","3":"status-publish","4":"has-post-thumbnail","6":"product_cat-fumigene-cafards","8":"first","9":"instock","10":"taxable","11":"shipping-taxable","12":"purchasable","13":"product-type-variable"},"_links":{"self":[{"href":"https:\/\/www.ban-idf.com\/boutique\/wp-json\/wp\/v2\/product\/5101","targetHints":{"allow":["GET"]}}],"collection":[{"href":"https:\/\/www.ban-idf.com\/boutique\/wp-json\/wp\/v2\/product"}],"about":[{"href":"https:\/\/www.ban-idf.com\/boutique\/wp-json\/wp\/v2\/types\/product"}],"replies":[{"embeddable":true,"href":"https:\/\/www.ban-idf.com\/boutique\/wp-json\/wp\/v2\/comments?post=5101"}],"wp:featuredmedia":[{"embeddable":true,"href":"https:\/\/www.ban-idf.com\/boutique\/wp-json\/wp\/v2\/media\/5781"}],"wp:attachment":[{"href":"https:\/\/www.ban-idf.com\/boutique\/wp-json\/wp\/v2\/media?parent=5101"}],"wp:term":[{"taxonomy":"product_brand","embeddable":true,"href":"https:\/\/www.ban-idf.com\/boutique\/wp-json\/wp\/v2\/product_brand?post=5101"},{"taxonomy":"product_cat","embeddable":true,"href":"https:\/\/www.ban-idf.com\/boutique\/wp-json\/wp\/v2\/product_cat?post=5101"},{"taxonomy":"product_tag","embeddable":true,"href":"https:\/\/www.ban-idf.com\/boutique\/wp-json\/wp\/v2\/product_tag?post=5101"}],"curies":[{"name":"wp","href":"https:\/\/api.w.org\/{rel}","templated":true}]}}