{"id":5065,"date":"2023-07-07T18:39:03","date_gmt":"2023-07-07T16:39:03","guid":{"rendered":"https:\/\/www.ban-idf.com\/boutique\/?post_type=product&#038;p=5065"},"modified":"2025-06-23T23:08:07","modified_gmt":"2025-06-23T21:08:07","slug":"piege-ecologique-protecta-moustiques-mymat","status":"publish","type":"product","link":"https:\/\/www.ban-idf.com\/boutique\/produit\/piege-ecologique-protecta-moustiques-mymat\/","title":{"rendered":"Pi\u00e8ge \u00e9cologique PROTECTA Moustiques MYMAT"},"content":{"rendered":"<h2 style=\"text-align: left;\">Le pi\u00e8ge \u00e0 moustiques MYMAT Protecta, sans produits chimiques !<\/h2>\n<p>D\u00e9couvrez le pi\u00e8ge <strong>Mymat de la marque Protecta<\/strong>, un moyen <strong>\u00e9cologique<\/strong> et <strong>efficace<\/strong> pour lutter contre tous les <strong>moustiques<\/strong>. Con\u00e7u sp\u00e9cialement pour attirer les <strong>moustiques femelles<\/strong>, ce pi\u00e8ge utilise l&#8217;eau stagnante comme un app\u00e2t irr\u00e9sistible.<\/p>\n<p>Une fois attir\u00e9es, les moustiques se posent sur l&#8217;anneau collant situ\u00e9 sur le flotteur et se retrouvent rapidement pi\u00e9g\u00e9es. Mais ce n&#8217;est pas tout ! Ces moustiques captur\u00e9s ne meurent pas imm\u00e9diatement. Au contraire, ils produisent des <strong>ph\u00e9romones<\/strong> qui agissent comme un signal d&#8217;attraction pour les autres moustiques pr\u00e9sents dans les environs. Ainsi, la pr\u00e9sence de moustiques emprisonn\u00e9s <strong>renforce l&#8217;attractivit\u00e9 du pi\u00e8ge Mymat<\/strong>, augmentant ainsi son efficacit\u00e9. C&#8217;est pas g\u00e9nial ?<\/p>\n<p>Bien que certains moustiques puissent parvenir \u00e0 se poser sur l&#8217;eau ou \u00e0 saturer l&#8217;anneau collant, le pi\u00e8ge <strong>Mymat Protecta Moustiques<\/strong> est dot\u00e9 d&#8217;un grillage astucieux. En effet, il emp\u00eache les moustiques de pondre avec succ\u00e8s. Les larves qui pourraient \u00e9ventuellement se d\u00e9velopper ne peuvent pas atteindre l&#8217;\u00e2ge adulte et p\u00e9rissent rapidement, prises au pi\u00e8ge par le grillage.<\/p>\n<p>Optez pour le <strong>pi\u00e8ge \u00e9cologique Mymat Protecta<\/strong>, une solution respectueuse de l&#8217;environnement pour \u00e9liminer les moustiques (m\u00eame les moustiques tigres) et r\u00e9duire leur population de mani\u00e8re efficace.<\/p>\n<p>Offrez-vous une tranquillit\u00e9 d&#8217;esprit tout en pr\u00e9servant votre environnement.<\/p>\n<h2>Comment utiliser le pi\u00e8ge \u00e0 moustiques MYMATY Protecta ?<\/h2>\n<p>Rien de compliquer ! Il suffit de remplir le bac d&#8217;eau, environ 500ml, qui va servir d&#8217;attractif. Ensuite posez un anneau collant sur la grille et le tour est jou\u00e9 !<\/p>\n<h2>Conseil d&#8217;expert anti nuisibles :<\/h2>\n<p>Pour optimiser le traitement anti moustiques, il vous faudra :<\/p>\n<ul>\n<li>Placer le Mymat Protecta anti moustiques dans une zone \u00e0 l&#8217;ombre, o\u00f9 vous voyez r\u00e9guli\u00e8rement des moustiques voler.<\/li>\n<li>Ass\u00e9cher le jardin, pour \u00e9viter d&#8217;autres foyers de reproduction.<\/li>\n<\/ul>\n<h3>Dimensions :<\/h3>\n<p>13,5 cm de haut et 11,5 cm de diam\u00e8tre.<\/p>\n<h3>Conditionnement :<\/h3>\n<p>Vendu avec 2 anneaux collants.<\/p>\n","protected":false},"excerpt":{"rendered":"<p>Le pi\u00e8ge \u00e0 moustiques MYMAT Protecta, sans produits chimiques ! D\u00e9couvrez le pi\u00e8ge Mymat de la marque Protecta, un moyen \u00e9cologique et efficace pour lutter contre tous les moustiques. Con\u00e7u sp\u00e9cialement pour attirer les moustiques femelles, ce pi\u00e8ge utilise l&#8217;eau stagnante comme un app\u00e2t irr\u00e9sistible. Une fois attir\u00e9es, les moustiques se posent sur l&#8217;anneau collant [&hellip;]<\/p>\n","protected":false},"featured_media":5790,"comment_status":"open","ping_status":"closed","template":"","meta":[],"product_brand":[],"product_cat":[15],"product_tag":[],"class_list":{"0":"post-5065","1":"product","2":"type-product","3":"status-publish","4":"has-post-thumbnail","6":"product_cat-non-classe","8":"first","9":"instock","10":"taxable","11":"shipping-taxable","12":"purchasable","13":"product-type-simple"},"_links":{"self":[{"href":"https:\/\/www.ban-idf.com\/boutique\/wp-json\/wp\/v2\/product\/5065","targetHints":{"allow":["GET"]}}],"collection":[{"href":"https:\/\/www.ban-idf.com\/boutique\/wp-json\/wp\/v2\/product"}],"about":[{"href":"https:\/\/www.ban-idf.com\/boutique\/wp-json\/wp\/v2\/types\/product"}],"replies":[{"embeddable":true,"href":"https:\/\/www.ban-idf.com\/boutique\/wp-json\/wp\/v2\/comments?post=5065"}],"wp:featuredmedia":[{"embeddable":true,"href":"https:\/\/www.ban-idf.com\/boutique\/wp-json\/wp\/v2\/media\/5790"}],"wp:attachment":[{"href":"https:\/\/www.ban-idf.com\/boutique\/wp-json\/wp\/v2\/media?parent=5065"}],"wp:term":[{"taxonomy":"product_brand","embeddable":true,"href":"https:\/\/www.ban-idf.com\/boutique\/wp-json\/wp\/v2\/product_brand?post=5065"},{"taxonomy":"product_cat","embeddable":true,"href":"https:\/\/www.ban-idf.com\/boutique\/wp-json\/wp\/v2\/product_cat?post=5065"},{"taxonomy":"product_tag","embeddable":true,"href":"https:\/\/www.ban-idf.com\/boutique\/wp-json\/wp\/v2\/product_tag?post=5065"}],"curies":[{"name":"wp","href":"https:\/\/api.w.org\/{rel}","templated":true}]}}