{"id":4840,"date":"2023-06-28T18:39:34","date_gmt":"2023-06-28T16:39:34","guid":{"rendered":"https:\/\/www.ban-idf.com\/boutique\/?post_type=product&#038;p=4840"},"modified":"2025-06-23T23:08:33","modified_gmt":"2025-06-23T21:08:33","slug":"safe-trap-automatic-le-piege-a-souris","status":"publish","type":"product","link":"https:\/\/www.ban-idf.com\/boutique\/produit\/safe-trap-automatic-le-piege-a-souris\/","title":{"rendered":"SafeTrap Automatic, le pi\u00e8ge \u00e0 souris et rats \u00e0 piston !"},"content":{"rendered":"<h2 style=\"text-align: left;\">Nouveaut\u00e9 2024, un pi\u00e8ge \u00e0 piston automatique pour \u00e9liminer les infestation de rongeurs SAFE TRAP AUTOMATIC<\/h2>\n<p>D\u00e9couvrez notre derni\u00e8re <strong>nouveaut\u00e9 de 2024<\/strong>\u00a0: le pi\u00e8ge \u00e0 piston automatique,<strong> SAFE TRAP AUTOMATIC<\/strong>, de la marque CAMRO. Ce syst\u00e8me m\u00e9canique est devenu un incontournable chez nos clients professionnels tels que les restaurateurs et les exploitations agricoles pour lutter contre les infestations de rongeurs.<\/p>\n<p>Le <strong>SAFE TRAP AUTOMATIC<\/strong> est sp\u00e9cialement con\u00e7u pour \u00e9liminer les souris et les rats qui introduisent leur t\u00eate dans le pi\u00e8ge. Son fonctionnement est rapide, efficace et ne n\u00e9cessite pas l&#8217;utilisation de produits biocides chimiques.<\/p>\n<h2>Comment fonctionne le SAFE TRAP AUTOMATIC<\/h2>\n<p>La partie sup\u00e9rieure transparente du <strong>SAFE TRAP AUTOMATIC<\/strong> renforce son attrait en laissant entrer la lumi\u00e8re. Cette lumi\u00e8re suscite la curiosit\u00e9 des rats, les incitant ainsi \u00e0 s&#8217;approcher davantage, augmentant ainsi les chances de capture.<\/p>\n<p>Une autre partie transparente du pi\u00e8ge, le bocal, permet de placer un app\u00e2t attractif tel que du beurre de cacahu\u00e8te ou du Nutella. Le syst\u00e8me est \u00e9quip\u00e9 d&#8217;orifices assurant une ventilation qui diffuse l&#8217;odeur de l&#8217;app\u00e2t.<\/p>\n<p>Le pi\u00e8ge est dot\u00e9 d&#8217;une \u00e9chelle int\u00e9gr\u00e9e facilitant l&#8217;acc\u00e8s aux souris et aux rats. Lorsque ces animaux introduisent leur t\u00eate dans le pi\u00e8ge apr\u00e8s avoir \u00e9t\u00e9 attir\u00e9s par l&#8217;app\u00e2t, le dispositif se d\u00e9clenche instantan\u00e9ment. Un piston puissant et mortel s&#8217;abat alors sur leur t\u00eate.<\/p>\n<p>Les souris ou rats d\u00e9c\u00e9d\u00e9s tombent ensuite sur le sol. La cartouche de gaz du pi\u00e8ge peut \u00eatre utilis\u00e9e au moins 25 fois avant de n\u00e9cessiter un remplacement. Nous proposons \u00e9galement des recharges de cartouches de gaz pour une utilisation prolong\u00e9e.<\/p>\n<h2>Pourquoi opter pour ce pi\u00e8ge \u00e0 souris et rats ?<\/h2>\n<p>En tant qu&#8217;experts anti nuisibles, nous sommes passionn\u00e9s par les pi\u00e8ges m\u00e9caniques qui n&#8217;exigent pas l&#8217;utilisation de produits biocides chimiques. La protection de l&#8217;environnement est une de nos priorit\u00e9s.<\/p>\n<p>L&#8217;installation de ce produit est relativement simple. Il vous suffit de trouver l&#8217;emplacement id\u00e9al pour l&#8217;installer :<\/p>\n<ul>\n<li>Choisissez un emplacement de passage.<\/li>\n<li>Pensez \u00e0 bien dissimuler le SAFE TRAP AUTOMATIC pour rassurer les rongeurs cibl\u00e9s.<\/li>\n<\/ul>\n<p>Nous avons r\u00e9cemment commenc\u00e9 \u00e0 installer ce syst\u00e8me chez nos clients professionnels. De nombreux restaurateurs parisiens b\u00e9n\u00e9ficiant de notre abonnement mensuel de gestion des nuisibles ont choisi d&#8217;ajouter le syst\u00e8me CAMRO pour \u00e9liminer les souris ou les rats des cuisines.<\/p>\n<p>Les syndics de copropri\u00e9t\u00e9 nous contactent \u00e9galement pour l&#8217;installation dans les locaux \u00e0 poubelles de leurs immeubles.<\/p>\n<p>Nous avons \u00e9galement install\u00e9 le dispositif dans une ferme pour aider un exploitant harcel\u00e9 par des rats. Aujourd&#8217;hui, il se d\u00e9clare pleinement satisfait du produit.<\/p>\n<h2>Que contient la boite du pi\u00e8ge de marque CAMRO<\/h2>\n<p>Le SAFE TRAP AUTOMATIC est livr\u00e9 avec un support de montage pratique, facile \u00e0 fixer sur un mur ou un arbre. Il suffit de pr\u00e9voir une perceuse et une m\u00e8che de 6 mm de diam\u00e8tre pour percer les trous.<\/p>\n<p>Le CAMRO est \u00e9galement \u00e9quip\u00e9 d&#8217;un capteur NFC qui enregistre des informations telles que la date et l&#8217;heure de chaque d\u00e9clenchement. Une application gratuite est disponible sur Android ou iOS pour analyser ces donn\u00e9es.<\/p>\n<p>Une cartouche de gaz et une notice en fran\u00e7ais sont incluses dans l&#8217;emballage du produit.<\/p>\n","protected":false},"excerpt":{"rendered":"<p>Nouveaut\u00e9 2024, un pi\u00e8ge \u00e0 piston automatique pour \u00e9liminer les infestation de rongeurs SAFE TRAP AUTOMATIC D\u00e9couvrez notre derni\u00e8re nouveaut\u00e9 de 2024\u00a0: le pi\u00e8ge \u00e0 piston automatique, SAFE TRAP AUTOMATIC, de la marque CAMRO. Ce syst\u00e8me m\u00e9canique est devenu un incontournable chez nos clients professionnels tels que les restaurateurs et les exploitations agricoles pour lutter [&hellip;]<\/p>\n","protected":false},"featured_media":5696,"comment_status":"open","ping_status":"closed","template":"","meta":[],"product_brand":[],"product_cat":[292],"product_tag":[],"class_list":{"0":"post-4840","1":"product","2":"type-product","3":"status-publish","4":"has-post-thumbnail","6":"product_cat-piege-a-souris-2","8":"first","9":"instock","10":"taxable","11":"shipping-taxable","12":"purchasable","13":"product-type-simple"},"_links":{"self":[{"href":"https:\/\/www.ban-idf.com\/boutique\/wp-json\/wp\/v2\/product\/4840","targetHints":{"allow":["GET"]}}],"collection":[{"href":"https:\/\/www.ban-idf.com\/boutique\/wp-json\/wp\/v2\/product"}],"about":[{"href":"https:\/\/www.ban-idf.com\/boutique\/wp-json\/wp\/v2\/types\/product"}],"replies":[{"embeddable":true,"href":"https:\/\/www.ban-idf.com\/boutique\/wp-json\/wp\/v2\/comments?post=4840"}],"wp:featuredmedia":[{"embeddable":true,"href":"https:\/\/www.ban-idf.com\/boutique\/wp-json\/wp\/v2\/media\/5696"}],"wp:attachment":[{"href":"https:\/\/www.ban-idf.com\/boutique\/wp-json\/wp\/v2\/media?parent=4840"}],"wp:term":[{"taxonomy":"product_brand","embeddable":true,"href":"https:\/\/www.ban-idf.com\/boutique\/wp-json\/wp\/v2\/product_brand?post=4840"},{"taxonomy":"product_cat","embeddable":true,"href":"https:\/\/www.ban-idf.com\/boutique\/wp-json\/wp\/v2\/product_cat?post=4840"},{"taxonomy":"product_tag","embeddable":true,"href":"https:\/\/www.ban-idf.com\/boutique\/wp-json\/wp\/v2\/product_tag?post=4840"}],"curies":[{"name":"wp","href":"https:\/\/api.w.org\/{rel}","templated":true}]}}