{"id":4819,"date":"2023-06-27T20:58:18","date_gmt":"2023-06-27T18:58:18","guid":{"rendered":"https:\/\/www.ban-idf.com\/boutique\/?post_type=product&#038;p=4819"},"modified":"2025-05-19T20:36:27","modified_gmt":"2025-05-19T18:36:27","slug":"spray-insecticide-anti-volants-et-anti-rampants-insecticlac","status":"publish","type":"product","link":"https:\/\/www.ban-idf.com\/boutique\/produit\/spray-insecticide-anti-volants-et-anti-rampants-insecticlac\/","title":{"rendered":"Spray insecticide Anti Volants et Anti Rampants &#8211; Insecti&#8217;Clac"},"content":{"rendered":"\n<h2 class=\"wp-block-heading\">Un insecticide pr\u00eat \u00e0 l&#8217;emploi au format de 1L pour lutter contre les punaises de lit, cafards, fourmis, mouches &#8230;<\/h2>\n\n\n\n<p>D\u00e9couvrez notre solution pr\u00eate \u00e0 l&#8217;emploi, sp\u00e9cialement con\u00e7ue pour \u00e9liminer efficacement les insectes volants tels que les <strong>moustiques<\/strong> et les <strong>mouches<\/strong>, ainsi que les insectes rampants tels que les <strong>cafards<\/strong>, les <strong>fourmis<\/strong>, les <strong>araign\u00e9es<\/strong>, les <strong>punaises de lit<\/strong> et les <strong>puces (agis sur tous les insectes volants et rampants).<\/strong><\/p>\n\n\n\n<p><strong>INSECTI-CLAC<\/strong> poss\u00e8de une formule innovante associe deux mati\u00e8res actives puissantes, la prall\u00e9thrine et le cyperm\u00e9thrine, pour garantir u<strong>ne action choc imm\u00e9diate<\/strong> et une protection durable.<\/p>\n\n\n\n<h2 class=\"wp-block-heading\">Un insecticide ultra efficace<\/h2>\n\n\n\n<p>Cet insecticide en spray agit en \u00e9liminant les insectes pr\u00e9sents dans votre environnement (salle de bain, cuisine, chambres \u00e0 coucher), tout en emp\u00eachant leur retour ind\u00e9sirable. Gr\u00e2ce \u00e0 sa formule sp\u00e9ciale, il assure une <strong>r\u00e9manence exceptionnelle<\/strong> pouvant aller jusqu&#8217;\u00e0 6 semaines (donn\u00e9es du fabricant), offrant une tranquillit\u00e9 contre les nuisibles.<\/p>\n\n\n\n<h2 class=\"wp-block-heading\">Comment utiliser cet insecticide en spray anti punaises de lit et anti cafards ?<\/h2>\n\n\n\n<p>Ultra simple ! Il suffit de pulv\u00e9riser du <strong>INSECTI-CLAC<\/strong> sur les zones de passages des nuisibles cibl\u00e9s : Murs, plinthes, meubles, encadrements de portes ou de fen\u00eatres, sur les rideaux (ne tache pas) &#8230;<\/p>\n\n\n\n<p>Bref, la r\u00e9manence de ce produit va an\u00e9antir les insectes qui envahissent votre environnement.<\/p>\n\n\n\n<p>&nbsp;<\/p>\n\n\n\n<p>Lutte contre les mouches et moustiques (dont le tigre)\u2009: pulv\u00e9riser les surfaces fr\u00e9quent\u00e9es par ces insectes (entre autres\u2009: encadrements int\u00e9rieurs des portes, fen\u00eatres, angles de murs, voilages, rideaux\u2026).<br>\u2022 Lutte contre les puces, poux rouges et acariens\u2009: pulv\u00e9riser sur toutes les surfaces jusqu\u2019\u00e0 une hauteur de 1 m environ. Renouveler l \u2019application toutes les semaines, pendant un mois.<br>\u2022 Lutte contre les fourmis\u2009: pulv\u00e9riser directement sur le passage des insectes\u2009; en pr\u00e9ventif appliquer le long des murs, plinthes.<\/p>\n\n\n\n<h2 class=\"wp-block-heading\">Notre avis d&#8217;expert sur cet insecticide,<\/h2>\n\n\n\n<p>Les avantages du spray <strong>INSECTI-CLAC<\/strong> :<\/p>\n\n\n\n<ul class=\"wp-block-list\">\n<li>Un spray efficace rapidement contre tous types d\u2019insectes.<\/li>\n\n\n\n<li>Un effet foudroyant (effet choc) qui agit au contact.<\/li>\n\n\n\n<li>Ne sent pas fort (un avantage).<\/li>\n\n\n\n<li>Format 1L, ce qui est top !<\/li>\n<\/ul>\n\n\n\n<h2 class=\"wp-block-heading\">Pr\u00e9cautions d\u2019emploi :<\/h2>\n\n\n\n<ul class=\"wp-block-list\">\n<li>Tenir hors de port\u00e9e des enfants.<\/li>\n\n\n\n<li>\u00c9vitez le contact avec les yeux et la peau.<\/li>\n\n\n\n<li>En cas d\u2019ingestion, consulter imm\u00e9diatement un m\u00e9decin<\/li>\n<\/ul>\n\n\n\n<h2 class=\"wp-block-heading\">Composition :<\/h2>\n\n\n\n<p>Cyperm\u00e9thrine (cas 52315-07-8) : 3g\/l<br>Tetramethrine (cas 7696-12-0) : 0,6g\/l<br>Piperonyl butoxyde (cas 51-03-6) : 3g\/l<br>Co-formulants qsp 100%<\/p>\n\n\n\n<h2 class=\"wp-block-heading\">Contenance :<\/h2>\n\n\n\n<p>Le spray INSECTI-CLAC contient 1 litres d&#8217;insecticides pr\u00eat \u00e0 l&#8217;emploi.<\/p>\n\n\n\n<p>Ne laissez pas les insectes envahir votre espace de vie ou de travail. Prot\u00e9gez-vous avec le meilleur spray contre les insectes volants ou rampants de la marque PROTECTA, la solution chimique et efficace contre les infestations d\u2019insectes.<\/p>\n\n\n\n<h2 class=\"wp-block-heading\">Vos questions, nos r\u00e9ponses :<\/h2>\n\n\n\n<h3 class=\"wp-block-heading\">J&#8217;ai des punaises de lit, ce produit fonctionne ou pas ?<\/h3>\n\n\n\n<p>La composition de cet insecticide est efficace contre les punaises de lit. Il va permettre d&#8217;\u00e9liminer ces insectes rapidement. Par contre, il n&#8217;agit pas sur les \u0153ufs !<\/p>\n\n\n\n<h3 class=\"wp-block-heading\">J&#8217;ai des poux rouges et des acariens et je souhaiterai traiter avec cet insecticide ?<\/h3>\n\n\n\n<p>Bonne id\u00e9e ! Appliquez du spray dans les zones de passages, renouvelez ce traitement toutes les semaines durant 30 jours.<\/p>\n","protected":false},"excerpt":{"rendered":"<p>Un insecticide pr\u00eat \u00e0 l&#8217;emploi au format de 1L pour lutter contre les punaises de lit, cafards, fourmis, mouches &#8230; D\u00e9couvrez notre solution pr\u00eate \u00e0 l&#8217;emploi, sp\u00e9cialement con\u00e7ue pour \u00e9liminer efficacement les insectes volants tels que les moustiques et les mouches, ainsi que les insectes rampants tels que les cafards, les fourmis, les araign\u00e9es, les [&hellip;]<\/p>\n","protected":false},"featured_media":5773,"comment_status":"open","ping_status":"closed","template":"","meta":[],"product_brand":[],"product_cat":[306],"product_tag":[],"class_list":{"0":"post-4819","1":"product","2":"type-product","3":"status-publish","4":"has-post-thumbnail","6":"product_cat-spray-anti-punaises-de-lit","8":"first","9":"instock","10":"taxable","11":"shipping-taxable","12":"purchasable","13":"product-type-simple"},"_links":{"self":[{"href":"https:\/\/www.ban-idf.com\/boutique\/wp-json\/wp\/v2\/product\/4819","targetHints":{"allow":["GET"]}}],"collection":[{"href":"https:\/\/www.ban-idf.com\/boutique\/wp-json\/wp\/v2\/product"}],"about":[{"href":"https:\/\/www.ban-idf.com\/boutique\/wp-json\/wp\/v2\/types\/product"}],"replies":[{"embeddable":true,"href":"https:\/\/www.ban-idf.com\/boutique\/wp-json\/wp\/v2\/comments?post=4819"}],"wp:featuredmedia":[{"embeddable":true,"href":"https:\/\/www.ban-idf.com\/boutique\/wp-json\/wp\/v2\/media\/5773"}],"wp:attachment":[{"href":"https:\/\/www.ban-idf.com\/boutique\/wp-json\/wp\/v2\/media?parent=4819"}],"wp:term":[{"taxonomy":"product_brand","embeddable":true,"href":"https:\/\/www.ban-idf.com\/boutique\/wp-json\/wp\/v2\/product_brand?post=4819"},{"taxonomy":"product_cat","embeddable":true,"href":"https:\/\/www.ban-idf.com\/boutique\/wp-json\/wp\/v2\/product_cat?post=4819"},{"taxonomy":"product_tag","embeddable":true,"href":"https:\/\/www.ban-idf.com\/boutique\/wp-json\/wp\/v2\/product_tag?post=4819"}],"curies":[{"name":"wp","href":"https:\/\/api.w.org\/{rel}","templated":true}]}}