{"id":4740,"date":"2023-04-28T18:45:33","date_gmt":"2023-04-28T16:45:33","guid":{"rendered":"https:\/\/www.ban-idf.com\/boutique\/?post_type=product&#038;p=4740"},"modified":"2024-10-03T16:51:11","modified_gmt":"2024-10-03T14:51:11","slug":"poison-pour-souris-en-avoine-decortiquee","status":"publish","type":"product","link":"https:\/\/www.ban-idf.com\/boutique\/produit\/poison-pour-souris-en-avoine-decortiquee\/","title":{"rendered":"Poison pour souris en avoine d\u00e9cortiqu\u00e9e RACO 25"},"content":{"rendered":"<h2 style=\"text-align: left;\">Un poison pour souris et rats en avoine tr\u00e8s efficace !<\/h2>\n<p>Dites adieu aux nuisibles gr\u00e2ce \u00e0 <strong>RACO 25<\/strong>, le poison pour souris et rats en <strong>avoine d\u00e9cortiqu\u00e9e<\/strong> ! Con\u00e7u par des experts en lutte anti nuisibles, RACO 25 est un produit hautement <strong>efficace<\/strong> pour \u00e9liminer d\u00e9finitivement les rongeurs, souris et rats ind\u00e9sirables de votre environnement. En effet, l&#8217;avoine d\u00e9cortiqu\u00e9e est tr\u00e8s <strong>app\u00e9tant<\/strong>, les rongeurs en raffoles !<\/p>\n<p>Il est compos\u00e9 d&#8217;une mol\u00e9cule bien connue dans le monde de la 3D, la <strong>DIFENACOUM<\/strong>. Le dosage est limit\u00e9 \u00e0 <strong>25ppm<\/strong> (dosage amateur).<\/p>\n<p>Ne laissez pas les souris et les rats envahir votre espace de vie. Optez pour <strong>RACO 25<\/strong>, la mort aux rats, et prot\u00e9gez votre maison et votre famille (<a href=\"https:\/\/www.ban-idf.com\/boutique\/maladies-peuvent-etre-transmises-par-les-souris\/\">risque sanitaire li\u00e9e aux souris<\/a>) contre ces nuisibles persistants.<\/p>\n<p>Passons aux choses s\u00e9rieuses &#8230;<\/p>\n<h2>Utilisation du poison pour souris et rats :<\/h2>\n<p>Le poison \u00e0 souris et rats RACO 25 est facile \u00e0 utiliser. Il suffit de d\u00e9poser l&#8217;app\u00e2t dans les zones o\u00f9 les rongeurs sont les plus actifs. Le port de gants pour la manipulation des sachets de poison est OBLIGATOIRE !<\/p>\n<p><strong><span style=\"color: #ff0000;\">Les sachets doivent \u00eatre inaccessibles aux enfants et animaux domestiques !<\/span><\/strong><\/p>\n<p>Petite astuce de pro, le RACO 25 est efficace dans les greniers, caves ou garages (et aussi parking).<\/p>\n<div id=\"attachment_4745\" style=\"width: 235px\" class=\"wp-caption aligncenter\"><img fetchpriority=\"high\" decoding=\"async\" aria-describedby=\"caption-attachment-4745\" class=\"wp-image-4745 size-medium\" src=\"https:\/\/www.ban-idf.com\/boutique\/wp-content\/uploads\/2023\/04\/rats-dans-le-faux-plafond-225x300.webp\" alt=\"poison pour souris\" width=\"225\" height=\"300\" srcset=\"https:\/\/www.ban-idf.com\/boutique\/wp-content\/uploads\/2023\/04\/rats-dans-le-faux-plafond-225x300.webp 225w, https:\/\/www.ban-idf.com\/boutique\/wp-content\/uploads\/2023\/04\/rats-dans-le-faux-plafond.webp 600w\" sizes=\"(max-width: 225px) 100vw, 225px\" \/><p id=\"caption-attachment-4745\" class=\"wp-caption-text\">Poison pour souris efficace dans le faux plafond<\/p><\/div>\n<h2>Le poison \u00e0 souris et rats RACO 25 est :<\/h2>\n<ul>\n<li>\u00c9conomique : Le conditionnement de RACO 25 permet de traiter une large surface infest\u00e9e \u00e0 un prix abordable, offrant un excellent rapport qualit\u00e9-prix.<\/li>\n<li>Formulation puissante : RACO 25 contient un m\u00e9lange unique de substances actives qui cible sp\u00e9cifiquement les rats et les souris, garantissant une \u00e9limination rapide et efficace.<\/li>\n<li>App\u00e2t attrayant : L&#8217;avoine d\u00e9cortiqu\u00e9e est irr\u00e9sistible pour les rongeurs, ce qui garantit une ingestion optimale du poison. Cela signifie un taux de r\u00e9ussite \u00e9lev\u00e9 pour \u00e9radiquer ces nuisibles.<\/li>\n<li>Action \u00e0 long terme : RACO 25 agit en bloquant les capacit\u00e9s de coagulation du sang chez les rongeurs, provoquant une h\u00e9morragie interne et une mort certaine. Cet effet est progressif, emp\u00eachant les rongeurs de d\u00e9velopper une m\u00e9fiance envers l&#8217;app\u00e2t.<\/li>\n<\/ul>\n<h2>Composition :<\/h2>\n<p>Avoine d\u00e9cortiqu\u00e9e rodonticide contenant 0,0025% p\/p dif\u00e9nacoum et agent am\u00e9risant.<\/p>\n<h2>Conditionnement :<\/h2>\n<p>Conditionn\u00e9 en carton de 6 sachets de 25g. Le carton fait 150g.<\/p>\n<h2>Danger :<\/h2>\n<p>Ce raticide \/ souricide a des effets graves pour les organes (sang) \u00e0 la suite d&#8217;expositions r\u00e9p\u00e9t\u00e9es ou d&#8217;une exposition prolong\u00e9e.<\/p>\n<p>En cas de consultation d&#8217;un m\u00e9decin, garder \u00e0 disposition le r\u00e9cipient ou l&#8217;\u00e9tiquette. Tenir hors de port\u00e9e des enfants. Consulter un m\u00e9decin en cas de malaise. E<\/p>\n<p>Eliminer le contenu dans un centre de collecte de d\u00e9chets dangereux ou sp\u00e9ciaux, conform\u00e9ment \u00e0 la r\u00e9glementation locale.<\/p>\n<p><strong>Centres Anti poison : INRS 01 45 42 59 59<\/strong><\/p>\n<h2>Vos questions, nos r\u00e9ponses :<\/h2>\n<h4>Puis-je utiliser ce poison \u00e0 l&#8217;ext\u00e9rieur de ma maison ?<\/h4>\n<p>Oui, RACO 25 peut \u00eatre utilis\u00e9 \u00e0 l&#8217;ext\u00e9rieur pour lutter contre les infestations de rongeurs. Assurez-vous de placer les app\u00e2ts dans des zones prot\u00e9g\u00e9es de la pluie et de l&#8217;humidit\u00e9, comme sous un abri ou dans des stations d&#8217;app\u00e2t s\u00e9curis\u00e9es. Cela permettra de maintenir l&#8217;efficacit\u00e9 du produit et d&#8217;\u00e9viter qu&#8217;il ne soit consomm\u00e9 par d&#8217;autres animaux non cibl\u00e9s.<\/p>\n<h4>Comment saurai-je si les rongeurs ont consomm\u00e9 RACO 25 ?<\/h4>\n<p>Pour v\u00e9rifier si les rongeurs ont consomm\u00e9 l&#8217;app\u00e2t, surveillez attentivement les zones o\u00f9 vous avez plac\u00e9 RACO 25. Vous devriez constater une diminution de l&#8217;app\u00e2t et, \u00e9ventuellement, une r\u00e9duction de l&#8217;activit\u00e9 des rongeurs. N&#8217;oubliez pas de remplacer les app\u00e2ts consomm\u00e9s pour assurer une \u00e9limination continue des rongeurs.<\/p>\n<h4>Combien de temps faut-il pour que RACO 25 \u00e9limine les rongeurs ?<\/h4>\n<p>L&#8217;efficacit\u00e9 de RACO 25 varie en fonction de la taille de la population de rongeurs et de leur consommation de l&#8217;app\u00e2t. En g\u00e9n\u00e9ral, vous devriez commencer \u00e0 observer une r\u00e9duction du nombre de rongeurs apr\u00e8s quelques jours. Pour des r\u00e9sultats optimaux, il est recommand\u00e9 de surveiller r\u00e9guli\u00e8rement les app\u00e2ts et de les remplacer au besoin.<\/p>\n<h4>Est-ce que ce poison va suffire pour se d\u00e9barrasser d\u00e9finitivement des souris ?<\/h4>\n<p>Oui et non ! Chaque infestation est diff\u00e9rente. Compl\u00e9tez votre traitement chimique de pi\u00e8ges m\u00e9caniques : <a href=\"https:\/\/www.ban-idf.com\/boutique\/etiquette-produit\/tapette-a-souris\/\">tapettes \u00e0 souris<\/a><\/p>\n<h2>T\u00e9l\u00e9chargement :<\/h2>\n<p><a href=\"https:\/\/www.ban-idf.com\/boutique\/wp-admin\/images\/ft-armosa-aedex-strong-pasta-25-annot-vb.pdf\" target=\"_blank\" rel=\"noopener noreferrer\">Fiche Technique<\/a> &#8211; <a href=\"https:\/\/www.ban-idf.com\/boutique\/wp-admin\/images\/rd-brd-22001-21008-fds-strong-pasta-25.pdf\" target=\"_blank\" rel=\"noopener noreferrer\">Fiche de Donn\u00e9es de S\u00e9curit\u00e9<\/a><\/p>\n","protected":false},"excerpt":{"rendered":"<p>Un poison pour souris et rats en avoine tr\u00e8s efficace ! Dites adieu aux nuisibles gr\u00e2ce \u00e0 RACO 25, le poison pour souris et rats en avoine d\u00e9cortiqu\u00e9e ! Con\u00e7u par des experts en lutte anti nuisibles, RACO 25 est un produit hautement efficace pour \u00e9liminer d\u00e9finitivement les rongeurs, souris et rats ind\u00e9sirables de votre [&hellip;]<\/p>\n","protected":false},"featured_media":5705,"comment_status":"open","ping_status":"closed","template":"","meta":[],"product_brand":[],"product_cat":[298],"product_tag":[220,221],"class_list":{"0":"post-4740","1":"product","2":"type-product","3":"status-publish","4":"has-post-thumbnail","6":"product_cat-raticide","7":"product_tag-poison-rat","8":"product_tag-poison-souris","10":"first","11":"instock","12":"taxable","13":"shipping-taxable","14":"purchasable","15":"product-type-simple"},"_links":{"self":[{"href":"https:\/\/www.ban-idf.com\/boutique\/wp-json\/wp\/v2\/product\/4740","targetHints":{"allow":["GET"]}}],"collection":[{"href":"https:\/\/www.ban-idf.com\/boutique\/wp-json\/wp\/v2\/product"}],"about":[{"href":"https:\/\/www.ban-idf.com\/boutique\/wp-json\/wp\/v2\/types\/product"}],"replies":[{"embeddable":true,"href":"https:\/\/www.ban-idf.com\/boutique\/wp-json\/wp\/v2\/comments?post=4740"}],"wp:featuredmedia":[{"embeddable":true,"href":"https:\/\/www.ban-idf.com\/boutique\/wp-json\/wp\/v2\/media\/5705"}],"wp:attachment":[{"href":"https:\/\/www.ban-idf.com\/boutique\/wp-json\/wp\/v2\/media?parent=4740"}],"wp:term":[{"taxonomy":"product_brand","embeddable":true,"href":"https:\/\/www.ban-idf.com\/boutique\/wp-json\/wp\/v2\/product_brand?post=4740"},{"taxonomy":"product_cat","embeddable":true,"href":"https:\/\/www.ban-idf.com\/boutique\/wp-json\/wp\/v2\/product_cat?post=4740"},{"taxonomy":"product_tag","embeddable":true,"href":"https:\/\/www.ban-idf.com\/boutique\/wp-json\/wp\/v2\/product_tag?post=4740"}],"curies":[{"name":"wp","href":"https:\/\/api.w.org\/{rel}","templated":true}]}}