{"id":4556,"date":"2023-03-21T18:25:25","date_gmt":"2023-03-21T17:25:25","guid":{"rendered":"https:\/\/www.ban-idf.com\/boutique\/?post_type=product&#038;p=4556"},"modified":"2025-04-02T00:40:36","modified_gmt":"2025-04-01T22:40:36","slug":"housse-anti-punaise-de-lit-qualite-armosa","status":"publish","type":"product","link":"https:\/\/www.ban-idf.com\/boutique\/produit\/housse-anti-punaise-de-lit-qualite-armosa\/","title":{"rendered":"Housse anti punaises de lit qualit\u00e9 Armosa"},"content":{"rendered":"\n<h2 class=\"wp-block-heading\">Housse anti punaises de lit, Armosa ! Prot\u00e9gez votre matelas &#8230;<\/h2>\n\n\n\n<p>On nous demande souvent<strong> &#8220;comment prot\u00e9ger un matelas qui coute cher contre <a href=\"https:\/\/www.ban-idf.com\/boutique\/punaises-de-lit\/\">les punaises de lit<\/a>&#8220;<\/strong> ou bien &#8220;comment prot\u00e9ger un matelas en sachant que des punaises de lit y sont que le traitement chimique est interdit ?&#8221;.<\/p>\n\n\n\n<p>La housse anti punaises de lit ARMOSA, une solution professionnelle qui permet d&#8217;isoler le matelas qui ne peux \u00eatre trait\u00e9 chimiquement ou bien \u00eatre lav\u00e9 \u00e0 la machine.<\/p>\n\n\n\n<ul class=\"wp-block-list\">\n<li>En curatif : Il vous suffira de s\u00e9curiser votre matelas \u00e0 l&#8217;aide de cette housse. Ensuite le mettre en ext\u00e9rieur le temps du lavage de votre housse anti punaises de lit. Pour finir remettre la housse sur votre matelas et votre literie est prot\u00e9g\u00e9e ! Ce protocole n\u00e9cessite \u00e0 un traitement chimique du mobilier.<\/li>\n\n\n\n<li>En pr\u00e9ventif : Vous avez traitez votre appartement et ne souhaitez plus voir votre matelas en bas de la rue pour \u00eatre d\u00e9truit ? Vous avez investi dans un matelas confortable et il vous faut une protection pour celui-ci ? Avec cette housse anti punaise de lit vous allez prot\u00e9ger votre matelas de ces nuisibles !<\/li>\n<\/ul>\n\n\n\n<p>Donc si vous vous \u00eates pos\u00e9 cette question : &#8220;o\u00f9 acheter une housse anti punaises de lit&#8221;, la r\u00e9ponse est disponible \u00e0 la vente dans votre boutique anti nuisibles pr\u00e9f\u00e9r\u00e9e !<\/p>\n\n\n\n<h2 class=\"wp-block-heading\">Comment bien choisir sa housse anti punaises de lit ?<\/h2>\n\n\n\n<p>Il existe une multitudes de mod\u00e8les de<strong> housse anti punaises de lit<\/strong>. Les grandes enseignes (IKEA, Leroy Merlin, Carrefour ou Amazon) proposent des mod\u00e8les qui ne b\u00e9n\u00e9ficient pas de brevet ou certification.<\/p>\n\n\n\n<p>Leurs produits ne sont pas sur \u00e0 100%. Cette housse <strong>Armosa<\/strong> est vraiment top :<\/p>\n\n\n\n<ul class=\"wp-block-list\">\n<li>Housse anti punaises de lit de qualit\u00e9 <strong>PROFESSIONELLE<\/strong><\/li>\n\n\n\n<li><strong>\u00a0<\/strong>Certification OEKO-TEX\u00ae pour des mat\u00e9riaux s\u00fbrs et de qualit\u00e9<\/li>\n\n\n\n<li>Conception 100% fran\u00e7aise<br>Mat\u00e9riau r\u00e9sistant et durable, adapt\u00e9 \u00e0 un usage intensif<\/li>\n\n\n\n<li>Facile \u00e0 installer et \u00e0 entretenir<\/li>\n\n\n\n<li>Disponible en diff\u00e9rentes tailles pour s&#8217;adapter \u00e0 tous les types de matelas<\/li>\n<\/ul>\n\n\n\n<p>La housse anti punaises de lit ARMOSA offre une protection efficace contre ces nuisibles en cr\u00e9ant une barri\u00e8re physique qui emp\u00eache leur acc\u00e8s au matelas. Gr\u00e2ce \u00e0 ses mat\u00e9riaux de qualit\u00e9 et \u00e0 sa conception professionnelle, cette housse r\u00e9siste aux piq\u00fbres et aux d\u00e9chirures, assurant ainsi une protection durable.<\/p>\n\n\n\n<p>La <strong>certification OEKO-TEX\u00ae<\/strong> atteste que la housse ARMOSA est exempte de substances nocives pour la sant\u00e9 et l&#8217;environnement. Vous pouvez donc dormir en toute s\u00e9r\u00e9nit\u00e9, sachant que vous \u00eates prot\u00e9g\u00e9(e) des punaises de lit et que vous faites un choix responsable pour votre bien-\u00eatre et celui de votre famille.<\/p>\n\n\n\n<p>La conception <strong>100% fran\u00e7aise<\/strong> garantit un produit de qualit\u00e9, soigneusement con\u00e7u et fabriqu\u00e9 pour r\u00e9pondre aux exigences les plus strictes en mati\u00e8re de lutte contre les punaises de lit.<\/p>\n\n\n\n<h2 class=\"wp-block-heading\">Composition :<\/h2>\n\n\n\n<p>Mati\u00e8re : 82 % polyester et 18 % \u00e9lasthanne<br>Grammage : 170 g au m\u00b2<br>Coutures : 6 points au cm<\/p>\n\n\n\n<h2 class=\"wp-block-heading\">Entretien :<\/h2>\n\n\n\n<p>Lavage en machine \u00e0 60\u00b0 housse ferm\u00e9e et s\u00e8che-linge autoris\u00e9<\/p>\n","protected":false},"excerpt":{"rendered":"<p>Housse anti punaises de lit, Armosa ! Prot\u00e9gez votre matelas &#8230; On nous demande souvent &#8220;comment prot\u00e9ger un matelas qui coute cher contre les punaises de lit&#8220; ou bien &#8220;comment prot\u00e9ger un matelas en sachant que des punaises de lit y sont que le traitement chimique est interdit ?&#8221;. La housse anti punaises de lit [&hellip;]<\/p>\n","protected":false},"featured_media":5686,"comment_status":"open","ping_status":"closed","template":"","meta":[],"product_brand":[],"product_cat":[319,411],"product_tag":[245,227],"class_list":{"0":"post-4556","1":"product","2":"type-product","3":"status-publish","4":"has-post-thumbnail","6":"product_cat-housse-anti-punaises-de-lit","7":"product_cat-housse-matelas-anti-acariens","8":"product_tag-housse-matelas-anti-punaise-de-lit","9":"product_tag-naturel-et-bio","11":"first","12":"instock","13":"taxable","14":"shipping-taxable","15":"purchasable","16":"product-type-variable"},"_links":{"self":[{"href":"https:\/\/www.ban-idf.com\/boutique\/wp-json\/wp\/v2\/product\/4556","targetHints":{"allow":["GET"]}}],"collection":[{"href":"https:\/\/www.ban-idf.com\/boutique\/wp-json\/wp\/v2\/product"}],"about":[{"href":"https:\/\/www.ban-idf.com\/boutique\/wp-json\/wp\/v2\/types\/product"}],"replies":[{"embeddable":true,"href":"https:\/\/www.ban-idf.com\/boutique\/wp-json\/wp\/v2\/comments?post=4556"}],"wp:featuredmedia":[{"embeddable":true,"href":"https:\/\/www.ban-idf.com\/boutique\/wp-json\/wp\/v2\/media\/5686"}],"wp:attachment":[{"href":"https:\/\/www.ban-idf.com\/boutique\/wp-json\/wp\/v2\/media?parent=4556"}],"wp:term":[{"taxonomy":"product_brand","embeddable":true,"href":"https:\/\/www.ban-idf.com\/boutique\/wp-json\/wp\/v2\/product_brand?post=4556"},{"taxonomy":"product_cat","embeddable":true,"href":"https:\/\/www.ban-idf.com\/boutique\/wp-json\/wp\/v2\/product_cat?post=4556"},{"taxonomy":"product_tag","embeddable":true,"href":"https:\/\/www.ban-idf.com\/boutique\/wp-json\/wp\/v2\/product_tag?post=4556"}],"curies":[{"name":"wp","href":"https:\/\/api.w.org\/{rel}","templated":true}]}}