{"id":4552,"date":"2023-03-21T00:30:13","date_gmt":"2023-03-20T23:30:13","guid":{"rendered":"https:\/\/www.ban-idf.com\/boutique\/?post_type=product&#038;p=4552"},"modified":"2025-06-23T23:09:01","modified_gmt":"2025-06-23T21:09:01","slug":"blat-clac-gel-un-produit-anti-cafards-puissant","status":"publish","type":"product","link":"https:\/\/www.ban-idf.com\/boutique\/produit\/blat-clac-gel-un-produit-anti-cafards-puissant\/","title":{"rendered":"Blat Clac Gel, Un produit anti cafards puissant !"},"content":{"rendered":"<h2 style=\"text-align: left;\">Blat Clac Gel, Un produit anti cafards puissant !<\/h2>\n<p><strong>Blat Clac Gel<\/strong> est une solution efficace pour \u00e9liminer les cafards et les blattes de votre cuisine ! Ce gel en seringue est \u00e9velopp\u00e9 par des experts en lutte nuisibles, la marque <strong>CLAC<\/strong>. Cette seringue facile \u00e0 utiliser contient 10g d&#8217;un <strong>gel puissant \u00e0 base d&#8217;Imidaclopride<\/strong>, une substance active reconnue pour son efficacit\u00e9 dans la lutte contre ces nuisibles.<\/p>\n<h2>Les cafards dans la cuisine, plus jamais !<\/h2>\n<p>Les cafards sont des nuisibles que beaucoup de clients d\u00e9testes et ne veulent plus voir dans leur habitation. Ils sont porteurs de bact\u00e9ries et de parasites, pouvant ainsi contaminer les aliments et les surfaces, et propager des maladies telles que la salmonellose, la dysenterie ou encore les allergies. De plus, leur pr\u00e9sence peut provoquer des nuisances olfactives et un sentiment d&#8217;inconfort, sans parler du cot\u00e9 psychologique (d\u00e9pression).<\/p>\n<div class=\"group w-full text-gray-800 dark:text-gray-100 border-b border-black\/10 dark:border-gray-900\/50 bg-gray-50 dark:bg-[#444654]\">\n<div class=\"text-base gap-4 md:gap-6 md:max-w-2xl lg:max-w-2xl xl:max-w-3xl p-4 md:py-6 flex lg:px-0 m-auto\">\n<div class=\"relative flex w-[calc(100%-50px)] flex-col gap-1 md:gap-3 lg:w-[calc(100%-115px)]\">\n<div class=\"flex flex-grow flex-col gap-3\">\n<div class=\"min-h-[20px] flex flex-col items-start gap-4 whitespace-pre-wrap\">\n<div class=\"markdown prose w-full break-words dark:prose-invert light\">\n<p>Le <strong>Blat Clac Gel<\/strong> se r\u00e9v\u00e8le \u00eatre un traitement efficace pour lutter contre ces nuisibles, et ce, pour plusieurs raisons. Tout d&#8217;abord, sa formule \u00e0 base d&#8217;Imidaclopride agit rapidement en ciblant le syst\u00e8me nerveux des cafards, ce qui permet d&#8217;\u00e9liminer rapidement et durablement les infestations.<\/p>\n<p>De plus, la seringue permet une application pr\u00e9cise du gel, facilitant ainsi le traitement des zones difficiles d&#8217;acc\u00e8s et des zones de passage des cafards. Une petite pression sur le poussoir suffit pour poser une noisette de gel. Suffisant pour traiter votre cuisine.<\/p>\n<p>Enfin, le gel attire efficacement ces insectes gr\u00e2ce \u00e0 sa formulation app\u00e9tente, assurant une consommation maximale du produit et une \u00e9limination optimale de la colonie. En somme, le <strong>Blat Clac Gel<\/strong> constitue une solution innovante et efficace pour se d\u00e9barrasser des cafards et retrouver un environnement sain et agr\u00e9able.<\/p>\n<\/div>\n<\/div>\n<\/div>\n<\/div>\n<\/div>\n<\/div>\n<h2 align=\"justify\">O\u00f9 mettre le gel anti blattes ?<\/h2>\n<ol>\n<li>Identifiez les zones infest\u00e9es par les cafards, notamment les endroits o\u00f9 ils se nourrissent et se cachent, comme les fissures, les crevasses, les armoires et les zones sous les appareils \u00e9lectrom\u00e9nagers.<\/li>\n<li>Appuyez doucement sur la seringue pour d\u00e9poser une petite quantit\u00e9 de <strong>Blat Clac Gel<\/strong> sur une surface propre et s\u00e8che, \u00e0 proximit\u00e9 des zones infest\u00e9es. Appliquez des points de gel d&#8217;environ 0,5 cm de diam\u00e8tre, espac\u00e9s de 30 \u00e0 60 cm.<\/li>\n<li>Laissez le gel s\u00e9cher et \u00e9vitez de le toucher. Les cafards seront attir\u00e9s par le gel et le consommeront, provoquant leur \u00e9limination rapide et efficace.<\/li>\n<li>Surveillez les zones trait\u00e9es et r\u00e9appliquez le gel au besoin jusqu&#8217;\u00e0 ce que l&#8217;infestation soit \u00e9radiqu\u00e9e.<\/li>\n<\/ol>\n<h2>Et ensuite ?<\/h2>\n<p>La patiente. Ce gel a une r\u00e9manence dans le temps : il reste\u00a0<strong>efficace durant 3 semaines<\/strong>. Les cafards vont tomber l\u2019un apr\u00e8s l\u2019autre. Omnivores, ils mangeront les cadavres contamin\u00e9s. En quelques que jours, la colonie va diminuer de beaucoup.<\/p>\n<p>Il faudra encore patienter : le temps que les \u0153ufs \u00e9clos et que les nouveau-n\u00e9s s\u2019empoisonnent.<\/p>\n<h2>Composition :<\/h2>\n<p>Imidaclopride 2,15 % (CAS : 138 261-41-3), s- m\u00e9thopr\u00e8ne 0,5 % (CAS : 65 733-16-6), am\u00e9risant 0,008 %, adjuvants (mouture app\u00e9tente).<\/p>\n<h2>T\u00e9l\u00e9chargement :<\/h2>\n<p><a href=\"https:\/\/www.ban-idf.com\/boutique\/wp-admin\/includes\/ft-armosa-aedex-gel-cafard.pdf\">Fiche Technique<\/a>\u00a0\u2013\u00a0<a href=\"https:\/\/www.ban-idf.com\/boutique\/wp-admin\/includes\/in-amp-98001-fds-gel-insecticide-aedex-cafards.pdf\">Fiche de Donn\u00e9es de S\u00e9curit\u00e9<\/a><\/p>\n<p>&nbsp;<\/p>\n","protected":false},"excerpt":{"rendered":"<p>Blat Clac Gel, Un produit anti cafards puissant ! Blat Clac Gel est une solution efficace pour \u00e9liminer les cafards et les blattes de votre cuisine ! Ce gel en seringue est \u00e9velopp\u00e9 par des experts en lutte nuisibles, la marque CLAC. Cette seringue facile \u00e0 utiliser contient 10g d&#8217;un gel puissant \u00e0 base d&#8217;Imidaclopride, [&hellip;]<\/p>\n","protected":false},"featured_media":5775,"comment_status":"open","ping_status":"closed","template":"","meta":[],"product_brand":[],"product_cat":[311],"product_tag":[223,216],"class_list":{"0":"post-4552","1":"product","2":"type-product","3":"status-publish","4":"has-post-thumbnail","6":"product_cat-gel-anti-cafards","7":"product_tag-anti-cafard","8":"product_tag-gel-anti-cafards-puissant","10":"first","11":"instock","12":"taxable","13":"shipping-taxable","14":"purchasable","15":"product-type-simple"},"_links":{"self":[{"href":"https:\/\/www.ban-idf.com\/boutique\/wp-json\/wp\/v2\/product\/4552","targetHints":{"allow":["GET"]}}],"collection":[{"href":"https:\/\/www.ban-idf.com\/boutique\/wp-json\/wp\/v2\/product"}],"about":[{"href":"https:\/\/www.ban-idf.com\/boutique\/wp-json\/wp\/v2\/types\/product"}],"replies":[{"embeddable":true,"href":"https:\/\/www.ban-idf.com\/boutique\/wp-json\/wp\/v2\/comments?post=4552"}],"wp:featuredmedia":[{"embeddable":true,"href":"https:\/\/www.ban-idf.com\/boutique\/wp-json\/wp\/v2\/media\/5775"}],"wp:attachment":[{"href":"https:\/\/www.ban-idf.com\/boutique\/wp-json\/wp\/v2\/media?parent=4552"}],"wp:term":[{"taxonomy":"product_brand","embeddable":true,"href":"https:\/\/www.ban-idf.com\/boutique\/wp-json\/wp\/v2\/product_brand?post=4552"},{"taxonomy":"product_cat","embeddable":true,"href":"https:\/\/www.ban-idf.com\/boutique\/wp-json\/wp\/v2\/product_cat?post=4552"},{"taxonomy":"product_tag","embeddable":true,"href":"https:\/\/www.ban-idf.com\/boutique\/wp-json\/wp\/v2\/product_tag?post=4552"}],"curies":[{"name":"wp","href":"https:\/\/api.w.org\/{rel}","templated":true}]}}