{"id":4299,"date":"2023-03-03T19:07:41","date_gmt":"2023-03-03T18:07:41","guid":{"rendered":"https:\/\/www.ban-idf.com\/boutique\/?post_type=product&#038;p=4299"},"modified":"2024-10-03T16:51:13","modified_gmt":"2024-10-03T14:51:13","slug":"terre-de-diatomee-300g-protecta-pour-punaises-de-lit","status":"publish","type":"product","link":"https:\/\/www.ban-idf.com\/boutique\/produit\/terre-de-diatomee-300g-protecta-pour-punaises-de-lit\/","title":{"rendered":"Terre de diatom\u00e9e 300g Protecta pour Puces et Tiques"},"content":{"rendered":"<h2 style=\"text-align: left;\">La terre de diatom\u00e9e 100% naturelle, les puces ne vont pas appr\u00e9cier !<\/h2>\n<p>La <strong>terre de diatom\u00e9e PROTECTA<\/strong> est une solution naturelle pour lutter contre les insectes. Fabriqu\u00e9e \u00e0 partir de diatom\u00e9es, des algues fossilis\u00e9es, cette poudre fine est efficace contre une grande vari\u00e9t\u00e9 d&#8217;insectes, tels que les puces, les punaises de lit, les fourmis, les araign\u00e9es, les cafards et bien d&#8217;autres encore.<\/p>\n<p>Ce flacon souffleur contenant de la terre de diatom\u00e9e est non toxique, inodore et s\u00fbre \u00e0 utiliser autour des animaux domestiques et des enfants.<\/p>\n<h2>La terre de diatom\u00e9e, un insecticide 100% naturel pour lutter contre les puces et les tiques :<\/h2>\n<p>La terre de diatom\u00e9e est une substance naturelle qui est fabriqu\u00e9e \u00e0 partir de diatom\u00e9es, des algues microscopiques fossilis\u00e9es.<\/p>\n<p>Elle est compos\u00e9e de silice, un min\u00e9ral qui est pr\u00e9sent dans de nombreux mat\u00e9riaux naturels, tels que les roches, les sables et les argiles.<\/p>\n<p>Cette poudre est utilis\u00e9e depuis des si\u00e8cles comme abrasif doux pour polir et nettoyer les surfaces d\u00e9licates, ainsi que comme additif pour am\u00e9liorer la filtration de l&#8217;eau (dans les piscines ou aquarium).<\/p>\n<p>Elle est \u00e9galement connue pour ses propri\u00e9t\u00e9s insecticides, car les diatom\u00e9es ont des coques dures et poreuses qui peuvent perturber l&#8217;exosquelette des insectes, provoquant leur d\u00e9shydratation et leur mort.<\/p>\n<p>La terre de diatom\u00e9e est un produit naturel, \u00e9cologique et non toxique, qui peut \u00eatre utilis\u00e9 en toute s\u00e9curit\u00e9 autour des animaux domestiques et des humains.<\/p>\n<p>Nous l&#8217;utilisons r\u00e9guli\u00e8rement dans ce format ou en spray : <a href=\"https:\/\/www.ban-idf.com\/boutique\/produit\/diatomex-terre-de-diatomee-en-aerosol\/\">terre de diatom\u00e9e en spray<\/a><\/p>\n<h2>Caract\u00e9ristiques :<\/h2>\n<ul>\n<li>La terre de diatom\u00e9e PROTECTA est un produit naturel et \u00e9cologique. Elle ne contient aucun produit chimique nocif pour les humains ou les animaux domestiques.<\/li>\n<li>La terre de diatom\u00e9e est efficace contre une grande vari\u00e9t\u00e9 d&#8217;insectes. Les diatom\u00e9es agissent en perturbant l&#8217;exosquelette des insectes, ce qui les d\u00e9shydrate et les tue.<\/li>\n<li>Il suffit de saupoudrer la terre de diatom\u00e9e sur les zones o\u00f9 les insectes se cachent ou passent. R\u00e9p\u00e9tez l&#8217;application toutes les deux semaines pour une protection continue.<\/li>\n<li>La terre de diatom\u00e9e PROTECTA est efficace contre une grande vari\u00e9t\u00e9 d&#8217;insectes, tels que les puces, les punaises de lit, les fourmis, les araign\u00e9es, les cafards et bien d&#8217;autres encore.<\/li>\n<\/ul>\n<h2>Instructions d&#8217;utilisation :<\/h2>\n<ul>\n<li>Saupoudrez la terre de diatom\u00e9e PROTECTA sur les zones o\u00f9 les insectes se cachent ou passent.<\/li>\n<li>R\u00e9p\u00e9tez l&#8217;application toutes les deux semaines pour une protection continue.<\/li>\n<li>\u00c9vitez de respirer la poussi\u00e8re lors de l&#8217;application (voir porter un masque disponible ici : masque)<\/li>\n<\/ul>\n<h2>Pr\u00e9cautions d&#8217;emploi :<\/h2>\n<ul>\n<li>Tenir hors de port\u00e9e des enfants.<\/li>\n<li>\u00c9vitez le contact avec les yeux et la peau.<\/li>\n<li>Ne pas inhaler la poussi\u00e8re.<\/li>\n<li>En cas d&#8217;ingestion, consulter imm\u00e9diatement un m\u00e9decin<\/li>\n<\/ul>\n<h2>Contenance :<\/h2>\n<p>Le flacon contient 300 grammes de terre diatom\u00e9e (c&#8217;est d\u00e9j\u00e0 pas mal pour traiter une pi\u00e8ce).<\/p>\n<p>Ne laissez pas les insectes envahir votre espace de vie ou de travail. Prot\u00e9gez-vous avec la terre de diatom\u00e9e PROTECTA, la solution naturelle et efficace contre les infestations d&#8217;insectes.<\/p>\n","protected":false},"excerpt":{"rendered":"<p>La terre de diatom\u00e9e 100% naturelle, les puces ne vont pas appr\u00e9cier ! La terre de diatom\u00e9e PROTECTA est une solution naturelle pour lutter contre les insectes. Fabriqu\u00e9e \u00e0 partir de diatom\u00e9es, des algues fossilis\u00e9es, cette poudre fine est efficace contre une grande vari\u00e9t\u00e9 d&#8217;insectes, tels que les puces, les punaises de lit, les fourmis, [&hellip;]<\/p>\n","protected":false},"featured_media":5678,"comment_status":"open","ping_status":"closed","template":"","meta":[],"product_brand":[],"product_cat":[318],"product_tag":[227,226],"class_list":{"0":"post-4299","1":"product","2":"type-product","3":"status-publish","4":"has-post-thumbnail","6":"product_cat-terre-de-diatomee-puces","7":"product_tag-naturel-et-bio","8":"product_tag-terre-de-diatomee","10":"first","11":"instock","12":"taxable","13":"shipping-taxable","14":"purchasable","15":"product-type-simple"},"_links":{"self":[{"href":"https:\/\/www.ban-idf.com\/boutique\/wp-json\/wp\/v2\/product\/4299","targetHints":{"allow":["GET"]}}],"collection":[{"href":"https:\/\/www.ban-idf.com\/boutique\/wp-json\/wp\/v2\/product"}],"about":[{"href":"https:\/\/www.ban-idf.com\/boutique\/wp-json\/wp\/v2\/types\/product"}],"replies":[{"embeddable":true,"href":"https:\/\/www.ban-idf.com\/boutique\/wp-json\/wp\/v2\/comments?post=4299"}],"wp:featuredmedia":[{"embeddable":true,"href":"https:\/\/www.ban-idf.com\/boutique\/wp-json\/wp\/v2\/media\/5678"}],"wp:attachment":[{"href":"https:\/\/www.ban-idf.com\/boutique\/wp-json\/wp\/v2\/media?parent=4299"}],"wp:term":[{"taxonomy":"product_brand","embeddable":true,"href":"https:\/\/www.ban-idf.com\/boutique\/wp-json\/wp\/v2\/product_brand?post=4299"},{"taxonomy":"product_cat","embeddable":true,"href":"https:\/\/www.ban-idf.com\/boutique\/wp-json\/wp\/v2\/product_cat?post=4299"},{"taxonomy":"product_tag","embeddable":true,"href":"https:\/\/www.ban-idf.com\/boutique\/wp-json\/wp\/v2\/product_tag?post=4299"}],"curies":[{"name":"wp","href":"https:\/\/api.w.org\/{rel}","templated":true}]}}