{"id":4295,"date":"2023-03-03T18:40:59","date_gmt":"2023-03-03T17:40:59","guid":{"rendered":"https:\/\/www.ban-idf.com\/boutique\/?post_type=product&#038;p=4295"},"modified":"2024-10-03T16:51:13","modified_gmt":"2024-10-03T14:51:13","slug":"repulsif-en-spray-anti-souris-et-anti-rats-protecta","status":"publish","type":"product","link":"https:\/\/www.ban-idf.com\/boutique\/produit\/repulsif-en-spray-anti-souris-et-anti-rats-protecta\/","title":{"rendered":"R\u00e9pulsif anti souris et anti rats Protecta en spray"},"content":{"rendered":"<h2 style=\"text-align: left;\">Un r\u00e9pulsif en spray anti rongeurs qui fera fuir souris et rats de votre appartement<\/h2>\n<p>Notre <strong>r\u00e9pulsif souris et rats<\/strong> de la marque <strong>PROTECTA<\/strong> est la solution id\u00e9ale pour prot\u00e9ger votre maison, votre entreprise ou votre voiture des nuisibles ind\u00e9sirables.<\/p>\n<p>Formul\u00e9 avec des ingr\u00e9dients naturels et puissants, ce <strong>r\u00e9pulsif anti souris et anti rats<\/strong> est facile \u00e0 utiliser et efficace contre une grande vari\u00e9t\u00e9 de rongeurs tels que les souris, les rats, les \u00e9cureuils, les mulots et les loirs.<\/p>\n<p>Nous l&#8217;utilisons r\u00e9guli\u00e8rement dans nos interventions pour calmer une <strong>infestation de souris<\/strong> en appartement \u00e0 Paris.<\/p>\n<h2>Caract\u00e9ristiques de ce r\u00e9pulsif souris et rats :<\/h2>\n<ul>\n<li>Ce <strong>r\u00e9pulsif anti rongeurs<\/strong> est formul\u00e9 avec des ingr\u00e9dients naturels et sans produits chimiques nocifs pour les humains ou les animaux domestiques.<\/li>\n<li>Le spray est facile \u00e0 utiliser. Il suffit de vaporiser le r\u00e9pulsif dans les zones o\u00f9 les rongeurs se cachent ou passent. Une petite canule de pr\u00e9cision est livr\u00e9e avec le spray.<\/li>\n<li>La formule puissante du r\u00e9pulsif anti rongeurs <strong>PROTECTA<\/strong> est efficace contre une grande vari\u00e9t\u00e9 de rongeurs et offre une protection durable contre les infestations.<\/li>\n<li>Ce r\u00e9pulsif offre une protection \u00e0 long terme contre les nuisibles, il suffit de vaporiser les zones cibles toutes les deux semaines.<\/li>\n<li>Id\u00e9al dans les garages ou dans les greniers.<\/li>\n<\/ul>\n<h2>Instructions d&#8217;utilisation :<\/h2>\n<ul>\n<li>Bien agiter le flacon avant utilisation.<\/li>\n<li>Vaporiser le r\u00e9pulsif dans les zones o\u00f9 les rongeurs se cachent ou passent.<\/li>\n<li>R\u00e9p\u00e9ter toutes les deux semaines pour une protection durable contre les nuisibles.<\/li>\n<\/ul>\n<h2>Pr\u00e9cautions d&#8217;emploi :<\/h2>\n<ul>\n<li>Tenir hors de port\u00e9e des enfants.<\/li>\n<li>\u00c9viter le contact avec les yeux et la peau.<\/li>\n<li>Ne pas vaporiser directement sur les animaux domestiques.<\/li>\n<li>En cas d&#8217;ingestion, consulter imm\u00e9diatement un m\u00e9decin.<\/li>\n<\/ul>\n<p>Ne laissez pas les rongeurs envahir votre espace de vie ou de travail. Prot\u00e9gez-vous avec notre r\u00e9pulsif en spray anti rongeurs, la solution naturelle et efficace contre les infestations de rongeurs.<\/p>\n","protected":false},"excerpt":{"rendered":"<p>Un r\u00e9pulsif en spray anti rongeurs qui fera fuir souris et rats de votre appartement Notre r\u00e9pulsif souris et rats de la marque PROTECTA est la solution id\u00e9ale pour prot\u00e9ger votre maison, votre entreprise ou votre voiture des nuisibles ind\u00e9sirables. Formul\u00e9 avec des ingr\u00e9dients naturels et puissants, ce r\u00e9pulsif anti souris et anti rats est [&hellip;]<\/p>\n","protected":false},"featured_media":5702,"comment_status":"open","ping_status":"closed","template":"","meta":[],"product_brand":[],"product_cat":[299,300],"product_tag":[255,254],"class_list":{"0":"post-4295","1":"product","2":"type-product","3":"status-publish","4":"has-post-thumbnail","6":"product_cat-repulsif-rats","7":"product_cat-repulsif-souris","8":"product_tag-repulsif-rats","9":"product_tag-repulsif-souris","11":"first","12":"instock","13":"taxable","14":"shipping-taxable","15":"purchasable","16":"product-type-simple"},"_links":{"self":[{"href":"https:\/\/www.ban-idf.com\/boutique\/wp-json\/wp\/v2\/product\/4295","targetHints":{"allow":["GET"]}}],"collection":[{"href":"https:\/\/www.ban-idf.com\/boutique\/wp-json\/wp\/v2\/product"}],"about":[{"href":"https:\/\/www.ban-idf.com\/boutique\/wp-json\/wp\/v2\/types\/product"}],"replies":[{"embeddable":true,"href":"https:\/\/www.ban-idf.com\/boutique\/wp-json\/wp\/v2\/comments?post=4295"}],"wp:featuredmedia":[{"embeddable":true,"href":"https:\/\/www.ban-idf.com\/boutique\/wp-json\/wp\/v2\/media\/5702"}],"wp:attachment":[{"href":"https:\/\/www.ban-idf.com\/boutique\/wp-json\/wp\/v2\/media?parent=4295"}],"wp:term":[{"taxonomy":"product_brand","embeddable":true,"href":"https:\/\/www.ban-idf.com\/boutique\/wp-json\/wp\/v2\/product_brand?post=4295"},{"taxonomy":"product_cat","embeddable":true,"href":"https:\/\/www.ban-idf.com\/boutique\/wp-json\/wp\/v2\/product_cat?post=4295"},{"taxonomy":"product_tag","embeddable":true,"href":"https:\/\/www.ban-idf.com\/boutique\/wp-json\/wp\/v2\/product_tag?post=4295"}],"curies":[{"name":"wp","href":"https:\/\/api.w.org\/{rel}","templated":true}]}}