{"id":4281,"date":"2023-03-01T20:55:07","date_gmt":"2023-03-01T19:55:07","guid":{"rendered":"https:\/\/www.ban-idf.com\/boutique\/?post_type=product&#038;p=4281"},"modified":"2024-10-03T16:51:13","modified_gmt":"2024-10-03T14:51:13","slug":"piege-anti-mites-alimentaires-protection-de-la-nourriture","status":"publish","type":"product","link":"https:\/\/www.ban-idf.com\/boutique\/produit\/piege-anti-mites-alimentaires-protection-de-la-nourriture\/","title":{"rendered":"Pi\u00e8ge anti mites alimentaires, protection de la nourriture"},"content":{"rendered":"<h2 style=\"text-align: left;\">Le GEO PAD, le pi\u00e8ge anti mites alimentaires qui va prot\u00e9ger votre garde manger du ravage des teignes<\/h2>\n<p>Le <strong>pi\u00e8ge anti-mites alimentaires<\/strong> \u00e0 base de ph\u00e9romones naturelles est un moyen <strong>\u00e9cologique et efficace<\/strong> de se d\u00e9barrasser des mites alimentaires dans votre cuisine.<\/p>\n<p>Ce pi\u00e8ge utilise des ph\u00e9romones naturelles pour attirer les mites m\u00e2les, les pi\u00e9ger et emp\u00eacher leur reproduction. Les ph\u00e9romones utilis\u00e9es dans le pi\u00e8ge sont sans danger pour les humains et les animaux domestiques.<\/p>\n<h2>Les mites alimentaires, c&#8217;est quoi ?<\/h2>\n<p>Les mites alimentaires sont de petits insectes qui se nourrissent d&#8217;aliments stock\u00e9s comme les c\u00e9r\u00e9ales, les noix, les fruits secs, les \u00e9pices et les graines. Elles sont souvent introduites dans les aliments \u00e0 partir de l&#8217;ext\u00e9rieur de la maison, mais peuvent \u00e9galement se d\u00e9velopper dans les aliments stock\u00e9s dans la maison.<\/p>\n<p><img fetchpriority=\"high\" decoding=\"async\" class=\"size-medium wp-image-4282 aligncenter\" src=\"https:\/\/www.ban-idf.com\/boutique\/wp-content\/uploads\/2023\/03\/mites-alimentaire-teignes-300x200.webp\" alt=\"mites alimentaires teignes\" width=\"300\" height=\"200\" srcset=\"https:\/\/www.ban-idf.com\/boutique\/wp-content\/uploads\/2023\/03\/mites-alimentaire-teignes-300x200.webp 300w, https:\/\/www.ban-idf.com\/boutique\/wp-content\/uploads\/2023\/03\/mites-alimentaire-teignes.webp 600w\" sizes=\"(max-width: 300px) 100vw, 300px\" \/><\/p>\n<p>Les mites alimentaires sont g\u00e9n\u00e9ralement de couleur beige ou brun clair. Les mites alimentaires peuvent causer des dommages aux aliments, et les larves peuvent causer des irritations intestinales chez les humains si elles sont ing\u00e9r\u00e9es.<\/p>\n<p>Les ph\u00e9romones des mites femelles attirent les mites m\u00e2les pour la reproduction, et c&#8217;est cette caract\u00e9ristique que le pi\u00e8ge GEOPAD exploite pour pi\u00e9ger les mites et les emp\u00eacher de se reproduire.<\/p>\n<p>Il est important de stocker les aliments correctement et de v\u00e9rifier r\u00e9guli\u00e8rement les aliments stock\u00e9s pour \u00e9viter une infestation de mites alimentaires.<\/p>\n<h2>Mode d\u2019emploi :<\/h2>\n<ul>\n<li>Retirez le film de protection du pi\u00e8ge collant et placez le dans le support en plastique.<\/li>\n<li>Placez le pi\u00e8ge dans un endroit o\u00f9 les mites alimentaires sont pr\u00e9sentes ou susceptibles de se trouver.<\/li>\n<li>V\u00e9rifiez r\u00e9guli\u00e8rement le pi\u00e8ge pour voir s&#8217;il a captur\u00e9 des mites. Si tel est le cas, remplacez le pi\u00e8ge.<\/li>\n<li>Le GEO PAD est efficace durant 2 mois, ensuite pensez \u00e0 remplacer le pi\u00e8ge. Nous vendons les recharges.<\/li>\n<\/ul>\n<h2>Pr\u00e9cautions d&#8217;emploi :<\/h2>\n<ul>\n<li>Tenir hors de port\u00e9e des enfants et des animaux domestiques.<\/li>\n<li>\u00c9viter tout contact avec la peau ou les yeux. En cas de contact, rincer imm\u00e9diatement \u00e0 l&#8217;eau.<\/li>\n<li>Ne pas placer le pi\u00e8ge \u00e0 proximit\u00e9 d&#8217;aliments ou de boissons.<\/li>\n<li>Ne pas toucher la surface collante du pi\u00e8ge avec les mains nues.<\/li>\n<\/ul>\n<h2>Composition (mati\u00e8res actives) :<\/h2>\n<p>Le pi\u00e8ge GEO PAD anti mites alimentaires contient des ph\u00e9romones naturelles sp\u00e9cifiques pour attirer les mites m\u00e2les. Il est sans danger pour les humains et les animaux domestiques.<\/p>\n<h2>Contenu de l&#8217;emballage :<\/h2>\n<p>Le pi\u00e8ge anti mites alimentaire GEOPAD est vendu avec un pi\u00e8ge collant et un support en plastique.<\/p>\n","protected":false},"excerpt":{"rendered":"<p>Le GEO PAD, le pi\u00e8ge anti mites alimentaires qui va prot\u00e9ger votre garde manger du ravage des teignes Le pi\u00e8ge anti-mites alimentaires \u00e0 base de ph\u00e9romones naturelles est un moyen \u00e9cologique et efficace de se d\u00e9barrasser des mites alimentaires dans votre cuisine. Ce pi\u00e8ge utilise des ph\u00e9romones naturelles pour attirer les mites m\u00e2les, les pi\u00e9ger [&hellip;]<\/p>\n","protected":false},"featured_media":5679,"comment_status":"open","ping_status":"closed","template":"","meta":[],"product_brand":[],"product_cat":[317],"product_tag":[],"class_list":{"0":"post-4281","1":"product","2":"type-product","3":"status-publish","4":"has-post-thumbnail","6":"product_cat-piege-a-mites-alimentaires","8":"first","9":"instock","10":"taxable","11":"shipping-taxable","12":"purchasable","13":"product-type-simple"},"_links":{"self":[{"href":"https:\/\/www.ban-idf.com\/boutique\/wp-json\/wp\/v2\/product\/4281","targetHints":{"allow":["GET"]}}],"collection":[{"href":"https:\/\/www.ban-idf.com\/boutique\/wp-json\/wp\/v2\/product"}],"about":[{"href":"https:\/\/www.ban-idf.com\/boutique\/wp-json\/wp\/v2\/types\/product"}],"replies":[{"embeddable":true,"href":"https:\/\/www.ban-idf.com\/boutique\/wp-json\/wp\/v2\/comments?post=4281"}],"wp:featuredmedia":[{"embeddable":true,"href":"https:\/\/www.ban-idf.com\/boutique\/wp-json\/wp\/v2\/media\/5679"}],"wp:attachment":[{"href":"https:\/\/www.ban-idf.com\/boutique\/wp-json\/wp\/v2\/media?parent=4281"}],"wp:term":[{"taxonomy":"product_brand","embeddable":true,"href":"https:\/\/www.ban-idf.com\/boutique\/wp-json\/wp\/v2\/product_brand?post=4281"},{"taxonomy":"product_cat","embeddable":true,"href":"https:\/\/www.ban-idf.com\/boutique\/wp-json\/wp\/v2\/product_cat?post=4281"},{"taxonomy":"product_tag","embeddable":true,"href":"https:\/\/www.ban-idf.com\/boutique\/wp-json\/wp\/v2\/product_tag?post=4281"}],"curies":[{"name":"wp","href":"https:\/\/api.w.org\/{rel}","templated":true}]}}