{"id":4269,"date":"2023-03-01T19:29:24","date_gmt":"2023-03-01T18:29:24","guid":{"rendered":"https:\/\/www.ban-idf.com\/boutique\/?post_type=product&#038;p=4269"},"modified":"2024-10-03T16:51:13","modified_gmt":"2024-10-03T14:51:13","slug":"piege-anti-mites-vestimentaires-protection-du-textiles","status":"publish","type":"product","link":"https:\/\/www.ban-idf.com\/boutique\/produit\/piege-anti-mites-vestimentaires-protection-du-textiles\/","title":{"rendered":"Pi\u00e8ge anti mites vestimentaires, protection du textiles"},"content":{"rendered":"<h2 style=\"text-align: left;\">Le GEO PAD, le pi\u00e8ge anti mites vestimentaire qui va prot\u00e9ger votre textiles du ravage de ces insectes<\/h2>\n<p>Le <strong>pi\u00e8ge anti mites vestimentaires GEO PAD<\/strong> de la marque <strong>INPEST<\/strong> est un produit efficace et \u00e9cologique pour \u00e9liminer les mites vestimentaires dans votre garde-robe.<\/p>\n<p>Ce pi\u00e8ge utilise des ph\u00e9romones pour attirer les mites m\u00e2les, les pi\u00e9ger et emp\u00eacher leur reproduction. Ce pi\u00e8ge convient pour un usage domestique et commerciale (boutique de v\u00eatements).<\/p>\n<h2>Les mites vestimentaires ? C&#8217;est quoi \u00e7a encore ?<\/h2>\n<p>Les mites de v\u00eatements (teignes) sont de petits insectes qui se nourrissent de fibres naturelles comme la laine, le coton, la soie, le lin ou le cuir. Elles peuvent causer des dommages aux v\u00eatements, tapis, couvertures, et autres articles en fibres naturelles.<\/p>\n<p><img fetchpriority=\"high\" decoding=\"async\" class=\"size-medium wp-image-4274 aligncenter\" src=\"https:\/\/www.ban-idf.com\/boutique\/wp-content\/uploads\/2023\/03\/mites-vestimentaires-textiles-teignes-300x200.webp\" alt=\"mites v\u00eatements et textiles\" width=\"300\" height=\"200\" srcset=\"https:\/\/www.ban-idf.com\/boutique\/wp-content\/uploads\/2023\/03\/mites-vestimentaires-textiles-teignes-300x200.webp 300w, https:\/\/www.ban-idf.com\/boutique\/wp-content\/uploads\/2023\/03\/mites-vestimentaires-textiles-teignes.webp 600w\" sizes=\"(max-width: 300px) 100vw, 300px\" \/><\/p>\n<p>Les mites vestimentaires sont souvent confondues avec les mites alimentaires, qui sont des insectes diff\u00e9rents mais qui ont des caract\u00e9ristiques similaires. Les mites vestimentaires sont souvent pr\u00e9sentes dans les maisons et les espaces de stockage o\u00f9 la temp\u00e9rature est chaude et l&#8217;humidit\u00e9 \u00e9lev\u00e9e, telles que les placards, les tiroirs et les sous-sols.<\/p>\n<p>Les ph\u00e9romones des mites femelles attirent les mites m\u00e2les pour la reproduction, et c&#8217;est cette caract\u00e9ristique que notre pi\u00e8ge GEO PAD anti mites vestimentaires exploite pour pi\u00e9ger les mites et les emp\u00eacher de se reproduire. Malin non ?<\/p>\n<h2>Mode d&#8217;emploi :<\/h2>\n<ul>\n<li>Retirez le film de protection du pi\u00e8ge collant et placez le dans le support en plastique.<\/li>\n<li>Placez le pi\u00e8ge dans votre garde-robe ou votre tiroir.<\/li>\n<li>V\u00e9rifiez r\u00e9guli\u00e8rement le pi\u00e8ge pour voir s&#8217;il a captur\u00e9 des mites. Si tel est le cas, remplacez le pi\u00e8ge.<\/li>\n<li>Le GEO PAD est efficace durant 2 mois, ensuite pensez \u00e0 remplacer le pi\u00e8ge. Nous vendons les recharges.<\/li>\n<\/ul>\n<h2>Pr\u00e9cautions d&#8217;emploi :<\/h2>\n<ul>\n<li>Tenir hors de port\u00e9e des enfants et des animaux domestiques.<\/li>\n<li>Ne pas toucher la surface collante du pi\u00e8ge avec les mains nues.<\/li>\n<li>\u00c9viter tout contact avec la peau ou les yeux. En cas de contact, rincer imm\u00e9diatement \u00e0 l&#8217;eau.<\/li>\n<li>Ne pas placer le pi\u00e8ge \u00e0 proximit\u00e9 d&#8217;aliments ou de boissons.<\/li>\n<\/ul>\n<h2>Composition (mati\u00e8res actives) :<\/h2>\n<p>Le pi\u00e8ge anti mites vestimentaires \u00e0 base de ph\u00e9romones contient des ph\u00e9romones et donc n&#8217;utilise pas de produit chimique. Aucune odeur non plus.<\/p>\n<h2>Contenu de l&#8217;emballage :<\/h2>\n<p>Le pi\u00e8ge anti mites vestimentaires \u00e0 base de ph\u00e9romones est vendu avec un pi\u00e8ge collant et un support en plastique.<\/p>\n","protected":false},"excerpt":{"rendered":"<p>Le GEO PAD, le pi\u00e8ge anti mites vestimentaire qui va prot\u00e9ger votre textiles du ravage de ces insectes Le pi\u00e8ge anti mites vestimentaires GEO PAD de la marque INPEST est un produit efficace et \u00e9cologique pour \u00e9liminer les mites vestimentaires dans votre garde-robe. Ce pi\u00e8ge utilise des ph\u00e9romones pour attirer les mites m\u00e2les, les pi\u00e9ger [&hellip;]<\/p>\n","protected":false},"featured_media":5668,"comment_status":"open","ping_status":"closed","template":"","meta":[],"product_brand":[],"product_cat":[316],"product_tag":[],"class_list":{"0":"post-4269","1":"product","2":"type-product","3":"status-publish","4":"has-post-thumbnail","6":"product_cat-piege-a-mites-vestimentaires","8":"first","9":"instock","10":"taxable","11":"shipping-taxable","12":"purchasable","13":"product-type-simple"},"_links":{"self":[{"href":"https:\/\/www.ban-idf.com\/boutique\/wp-json\/wp\/v2\/product\/4269","targetHints":{"allow":["GET"]}}],"collection":[{"href":"https:\/\/www.ban-idf.com\/boutique\/wp-json\/wp\/v2\/product"}],"about":[{"href":"https:\/\/www.ban-idf.com\/boutique\/wp-json\/wp\/v2\/types\/product"}],"replies":[{"embeddable":true,"href":"https:\/\/www.ban-idf.com\/boutique\/wp-json\/wp\/v2\/comments?post=4269"}],"wp:featuredmedia":[{"embeddable":true,"href":"https:\/\/www.ban-idf.com\/boutique\/wp-json\/wp\/v2\/media\/5668"}],"wp:attachment":[{"href":"https:\/\/www.ban-idf.com\/boutique\/wp-json\/wp\/v2\/media?parent=4269"}],"wp:term":[{"taxonomy":"product_brand","embeddable":true,"href":"https:\/\/www.ban-idf.com\/boutique\/wp-json\/wp\/v2\/product_brand?post=4269"},{"taxonomy":"product_cat","embeddable":true,"href":"https:\/\/www.ban-idf.com\/boutique\/wp-json\/wp\/v2\/product_cat?post=4269"},{"taxonomy":"product_tag","embeddable":true,"href":"https:\/\/www.ban-idf.com\/boutique\/wp-json\/wp\/v2\/product_tag?post=4269"}],"curies":[{"name":"wp","href":"https:\/\/api.w.org\/{rel}","templated":true}]}}