{"id":4231,"date":"2023-02-27T21:33:58","date_gmt":"2023-02-27T20:33:58","guid":{"rendered":"https:\/\/www.ban-idf.com\/boutique\/?post_type=product&#038;p=4231"},"modified":"2024-10-03T16:51:13","modified_gmt":"2024-10-03T14:51:13","slug":"camera-de-chasse-nocturne-pour-souris-et-rats","status":"publish","type":"product","link":"https:\/\/www.ban-idf.com\/boutique\/produit\/camera-de-chasse-nocturne-pour-souris-et-rats\/","title":{"rendered":"Cam\u00e9ra de chasse nocturne pour souris et rats"},"content":{"rendered":"<h2 style=\"text-align: left;\">Une cam\u00e9ra de chasse \u00e0 vison nocturnes pour surveiller les rats et les souris<\/h2>\n<p>La <strong>cam\u00e9ra de chasse \u00e0 vision nocturne<\/strong> est un outil indispensable pour la <strong>surveillance de rongeurs tels que les souris et les rats<\/strong>. Gr\u00e2ce \u00e0 sa capacit\u00e9 \u00e0 capturer des images et des vid\u00e9os haute d\u00e9finition de jour comme de nuit, elle permet de collecter des informations pr\u00e9cieuses sur les mouvements et les habitudes des rongeurs dans les zones o\u00f9 ils sont susceptibles de se cacher.<\/p>\n<p>La <strong>cam\u00e9ra de chasse \u00e0 vision nocturne<\/strong> est facile \u00e0 installer et \u00e0 utiliser, et sa conception robuste et \u00e9tanche permet une utilisation en toute s\u00e9curit\u00e9 \u00e0 l&#8217;int\u00e9rieur comme \u00e0 l&#8217;ext\u00e9rieur. Gr\u00e2ce \u00e0 ses capteurs de mouvement int\u00e9gr\u00e9s, la cam\u00e9ra ne prendra des photos ou des vid\u00e9os que lorsqu&#8217;un animal est d\u00e9tect\u00e9, ce qui permet de conserver la dur\u00e9e de vie de la batterie. Les images et les vid\u00e9os sont stock\u00e9es sur une carte SD, qui peut \u00eatre facilement retir\u00e9e pour visionner ou transf\u00e9rer les fichiers sur un ordinateur ou un smartphone.<\/p>\n<p>Elle utile pour les cas compliqu\u00e9 car elle permet de localiser les zones o\u00f9 les rongeurs se cachent et de placer des pi\u00e8ges en cons\u00e9quence, pour un contr\u00f4le efficace de la population de rongeurs. Elle est donc un choix judicieux pour ceux qui souhaitent surveiller les rongeurs dans leur maison, leur entreprise, leur ferme, poulailler, grenier, faux plafond ou leur jardin.<\/p>\n<h2>Caract\u00e9ristiques techniques<\/h2>\n<p>Ecran : 2.4 pouces<\/p>\n<p>R\u00e9solution photo : 16 M\u00e9ga pixels<\/p>\n<p>M\u00e9moire : 32 GB SD Card (livr\u00e9 sans)<\/p>\n<p>Vison nocturne : oui<\/p>\n<p>R\u00e9solution max pour la vid\u00e9o : 1080p HD<\/p>\n<p>Certification : IP 66 r\u00e9siste \u00e0 l&#8217;eau<\/p>\n<p>Langue : Fran\u00e7ais est disponible<\/p>\n<h2>Avis d&#8217;un expert anti nuisibles<\/h2>\n<p>Vous cherchez une cam\u00e9ra de chasse \u00e0 vison nocturne robuste et fiable ? C&#8217;est le produit qu&#8217;il vous faut. Vous allez pouvoir obtenir des informations importantes concernant les habitudes des rongeurs qui rentrent dans votre domicile.<\/p>\n<p>Petite astuce, placez cette cam\u00e9ra \u00e0 cot\u00e9 d&#8217;un pi\u00e8ge m\u00e9canique (tapette \u00e0 souris ou rats) pour avoir une vid\u00e9o du fonctionnement du pi\u00e8ge !<\/p>\n<h2>Vos questions, nos r\u00e9ponses :<\/h2>\n<h4>Est-ce que la cam\u00e9ra de chasse enregistre la date et l&#8217;heure de la prise de vue ?<\/h4>\n<p>Oui ! Les informations telles que : la date, l&#8217;heure ou m\u00eame la temp\u00e9rature sont indiqu\u00e9s dans les photos ou vid\u00e9os. Pensez juste \u00e0 r\u00e9gler l&#8217;heure et la date ! Ce n&#8217;est pas compliqu\u00e9, cette cam\u00e9ra est configurable en fran\u00e7ais.<\/p>\n<h4>Bonjour je souhaiterai savoir si le son est disponible dans les vid\u00e9os ?<\/h4>\n<p>Bonjour, \u00e9coutez malheureusement non, les vid\u00e9os obtenues ne contiennent pas de son.<\/p>\n<h4>Est-ce qu&#8217;on peux choisir la dur\u00e9e de la prise de la vid\u00e9o ?<\/h4>\n<p>Oui, vous pouvez configurer la dur\u00e9e d&#8217;une vid\u00e9o.<\/p>\n<h4>Est-ce que je peux m&#8217;en servir pour surveiller des cambrioleurs ?<\/h4>\n<p>J&#8217;ai d\u00e9j\u00e0 vu des rats repartir avec une entrec\u00f4te, donc oui vous pouvez surveiller n&#8217;importe quel type d&#8217;intrus.<\/p>\n<h2>Important<\/h2>\n<p>Livr\u00e9 sans piles<\/p>\n","protected":false},"excerpt":{"rendered":"<p>Une cam\u00e9ra de chasse \u00e0 vison nocturnes pour surveiller les rats et les souris La cam\u00e9ra de chasse \u00e0 vision nocturne est un outil indispensable pour la surveillance de rongeurs tels que les souris et les rats. Gr\u00e2ce \u00e0 sa capacit\u00e9 \u00e0 capturer des images et des vid\u00e9os haute d\u00e9finition de jour comme de nuit, [&hellip;]<\/p>\n","protected":false},"featured_media":6712,"comment_status":"open","ping_status":"closed","template":"","meta":[],"product_brand":[],"product_cat":[324],"product_tag":[],"class_list":{"0":"post-4231","1":"product","2":"type-product","3":"status-publish","4":"has-post-thumbnail","6":"product_cat-camera-de-chasse","8":"first","9":"instock","10":"taxable","11":"shipping-taxable","12":"purchasable","13":"product-type-simple"},"_links":{"self":[{"href":"https:\/\/www.ban-idf.com\/boutique\/wp-json\/wp\/v2\/product\/4231","targetHints":{"allow":["GET"]}}],"collection":[{"href":"https:\/\/www.ban-idf.com\/boutique\/wp-json\/wp\/v2\/product"}],"about":[{"href":"https:\/\/www.ban-idf.com\/boutique\/wp-json\/wp\/v2\/types\/product"}],"replies":[{"embeddable":true,"href":"https:\/\/www.ban-idf.com\/boutique\/wp-json\/wp\/v2\/comments?post=4231"}],"wp:featuredmedia":[{"embeddable":true,"href":"https:\/\/www.ban-idf.com\/boutique\/wp-json\/wp\/v2\/media\/6712"}],"wp:attachment":[{"href":"https:\/\/www.ban-idf.com\/boutique\/wp-json\/wp\/v2\/media?parent=4231"}],"wp:term":[{"taxonomy":"product_brand","embeddable":true,"href":"https:\/\/www.ban-idf.com\/boutique\/wp-json\/wp\/v2\/product_brand?post=4231"},{"taxonomy":"product_cat","embeddable":true,"href":"https:\/\/www.ban-idf.com\/boutique\/wp-json\/wp\/v2\/product_cat?post=4231"},{"taxonomy":"product_tag","embeddable":true,"href":"https:\/\/www.ban-idf.com\/boutique\/wp-json\/wp\/v2\/product_tag?post=4231"}],"curies":[{"name":"wp","href":"https:\/\/api.w.org\/{rel}","templated":true}]}}