{"id":4109,"date":"2023-02-08T01:31:16","date_gmt":"2023-02-08T00:31:16","guid":{"rendered":"https:\/\/www.ban-idf.com\/boutique\/?post_type=product&#038;p=4109"},"modified":"2024-10-03T16:51:14","modified_gmt":"2024-10-03T14:51:14","slug":"pistolet-pour-seringue-anti-cafards","status":"publish","type":"product","link":"https:\/\/www.ban-idf.com\/boutique\/produit\/pistolet-pour-seringue-anti-cafards\/","title":{"rendered":"Pistolet pour seringue anti cafards Bait Gun DH1"},"content":{"rendered":"<h2 style=\"text-align: left;\">Un pistolet pour utiliser une seringue anti cafards comme un pro<\/h2>\n<p>D\u00e9couvrez notre pistolet pour <a href=\"https:\/\/www.ban-idf.com\/boutique\/etiquette-produit\/gel-anti-cafards-puissant\/\">seringue anti cafards<\/a> de la marque <strong>Vector Fog<\/strong> qui est con\u00e7u pour \u00e9liminer efficacement les cafards de mani\u00e8re pratique et rapide.<\/p>\n<p>Vous souhaitez achetez l&#8217;un de gel anti cafards puissant pour d\u00e9clarer la guerre \u00e0 ces nuisibles qui squattent votre cuisine ? Que diriez vous d&#8217;utiliser la seringue comme un professionnel gr\u00e2ce \u00e0 ce pistolet ?<\/p>\n<p>Il est facile \u00e0 utiliser et peut \u00eatre rempli avec n&#8217;importe quelle seringue gel app\u00e2ts. Ce pistolet a une poign\u00e9e confortable pour une prise en main facile et permet de bien doser le gel que vous allez appliquer !<\/p>\n<h3>Caract\u00e9ristiques:<\/h3>\n<p>Le pistolet Vector Gel DH1 est robuste gr\u00e2ce \u00e0 sa conception en plastique.<\/p>\n<h3>Conditionnement :<\/h3>\n<p>Le pistolet \u00e0 seringue anti cafards <strong>VectorGel DH1<\/strong> est emball\u00e9 dans une bo\u00eete compacte pour un stockage facile et sans risque.<\/p>\n<p style=\"text-align: center;\"><strong><span style=\"color: #ff0000;\">Le pistolet Vector Gel DH1 est vendu sans seringue !<\/span><\/strong><\/p>\n","protected":false},"excerpt":{"rendered":"<p>Un pistolet pour utiliser une seringue anti cafards comme un pro D\u00e9couvrez notre pistolet pour seringue anti cafards de la marque Vector Fog qui est con\u00e7u pour \u00e9liminer efficacement les cafards de mani\u00e8re pratique et rapide. Vous souhaitez achetez l&#8217;un de gel anti cafards puissant pour d\u00e9clarer la guerre \u00e0 ces nuisibles qui squattent votre [&hellip;]<\/p>\n","protected":false},"featured_media":5663,"comment_status":"open","ping_status":"closed","template":"","meta":[],"product_brand":[],"product_cat":[311],"product_tag":[223],"class_list":{"0":"post-4109","1":"product","2":"type-product","3":"status-publish","4":"has-post-thumbnail","6":"product_cat-gel-anti-cafards","7":"product_tag-anti-cafard","9":"first","10":"instock","11":"taxable","12":"shipping-taxable","13":"purchasable","14":"product-type-simple"},"_links":{"self":[{"href":"https:\/\/www.ban-idf.com\/boutique\/wp-json\/wp\/v2\/product\/4109","targetHints":{"allow":["GET"]}}],"collection":[{"href":"https:\/\/www.ban-idf.com\/boutique\/wp-json\/wp\/v2\/product"}],"about":[{"href":"https:\/\/www.ban-idf.com\/boutique\/wp-json\/wp\/v2\/types\/product"}],"replies":[{"embeddable":true,"href":"https:\/\/www.ban-idf.com\/boutique\/wp-json\/wp\/v2\/comments?post=4109"}],"wp:featuredmedia":[{"embeddable":true,"href":"https:\/\/www.ban-idf.com\/boutique\/wp-json\/wp\/v2\/media\/5663"}],"wp:attachment":[{"href":"https:\/\/www.ban-idf.com\/boutique\/wp-json\/wp\/v2\/media?parent=4109"}],"wp:term":[{"taxonomy":"product_brand","embeddable":true,"href":"https:\/\/www.ban-idf.com\/boutique\/wp-json\/wp\/v2\/product_brand?post=4109"},{"taxonomy":"product_cat","embeddable":true,"href":"https:\/\/www.ban-idf.com\/boutique\/wp-json\/wp\/v2\/product_cat?post=4109"},{"taxonomy":"product_tag","embeddable":true,"href":"https:\/\/www.ban-idf.com\/boutique\/wp-json\/wp\/v2\/product_tag?post=4109"}],"curies":[{"name":"wp","href":"https:\/\/api.w.org\/{rel}","templated":true}]}}