{"id":4103,"date":"2023-02-07T23:41:59","date_gmt":"2023-02-07T22:41:59","guid":{"rendered":"https:\/\/www.ban-idf.com\/boutique\/?post_type=product&#038;p=4103"},"modified":"2024-10-03T16:51:14","modified_gmt":"2024-10-03T14:51:14","slug":"pieges-collants-anti-souris-catchmaster-x10","status":"publish","type":"product","link":"https:\/\/www.ban-idf.com\/boutique\/produit\/pieges-collants-anti-souris-catchmaster-x10\/","title":{"rendered":"Pi\u00e8ges collants anti souris Catchmaster (x10)"},"content":{"rendered":"<h2 style=\"text-align: left;\">10 pi\u00e8ges collants pour souris efficaces<\/h2>\n<p>Vous avez une infestation de souris ou de mulot et vous cherchez un pi\u00e8ge m\u00e9canique pour r\u00e9gler ce probl\u00e8me sans utiliser de poison ?<\/p>\n<p>Nous avons le produit qu&#8217;il vous faut ! Les pi\u00e8ges collants anti souris ou mulots de la marque am\u00e9ricaine <strong>Catchmaster\u00a0<\/strong>sont id\u00e9ales dans votre situation.<\/p>\n<p>Ces plaques de glues sont ultra puissante et seront sans piti\u00e9s avec les rongeurs qui envahissent votre domicile. Elles int\u00e8grent un attractifs odorant \u00e0 l&#8217;arome de cookies. Les souris seront attir\u00e9es par ce pi\u00e8ge et finiront coinc\u00e9es.<\/p>\n<p>Facile \u00e0 mettre en place, vous n&#8217;aurez pas besoin d&#8217;appat ! Il vous faudra juste trouver l&#8217;endroit strat\u00e9gique pour capturer les souris avec ce pi\u00e8ge collant.<\/p>\n<h2>Un pi\u00e8ge collant pour souris en appartement<\/h2>\n<p>D\u00e9collez le film protecteur d&#8217;un pi\u00e8ge \u00e0 souris <strong>Catchmaster <\/strong>puis posez le dans une zone de passage confirm\u00e9e, <strong>le long des murs<\/strong>. Ne surtout rien y d\u00e9poser car elle est pr\u00eate \u00e0 l&#8217;emploi.<\/p>\n<p>Le dosage de la glu est suffisant pour que la souris ne s&#8217;\u00e9chappe pas, par contre ce pi\u00e8ge n&#8217;est pas adapt\u00e9 pour les rats.<\/p>\n<p>Vous pouvez plier ce pi\u00e8ge collant pour l&#8217;utiliser en mode &#8220;tunnel&#8221; (id\u00e9al dans une cuisine ou dans un restaurant).<\/p>\n<p>Les plaques de glues <strong>Catchmaster<\/strong> ne sont pas utilisable en ext\u00e9rieur ! Pr\u00e9vil\u00e9giez <a href=\"https:\/\/www.ban-idf.com\/boutique\/produit\/piege-souris-sans-tuer-multi-capture\/\">les pi\u00e8ge multi captures<\/a> pour traiter votre jardin ou le balcon.<\/p>\n<p>Pas besoin d&#8217;installer 10 pi\u00e8ges d&#8217;un coup dans votre appartement, 2 ou 3 feront l&#8217;affaire.<\/p>\n<h2>Dimension :<\/h2>\n<p>Plaque : 240mm x 120mm<\/p>\n","protected":false},"excerpt":{"rendered":"<p>10 pi\u00e8ges collants pour souris efficaces Vous avez une infestation de souris ou de mulot et vous cherchez un pi\u00e8ge m\u00e9canique pour r\u00e9gler ce probl\u00e8me sans utiliser de poison ? Nous avons le produit qu&#8217;il vous faut ! Les pi\u00e8ges collants anti souris ou mulots de la marque am\u00e9ricaine Catchmaster\u00a0sont id\u00e9ales dans votre situation. Ces [&hellip;]<\/p>\n","protected":false},"featured_media":5720,"comment_status":"open","ping_status":"closed","template":"","meta":[],"product_brand":[],"product_cat":[296],"product_tag":[257,256,217],"class_list":{"0":"post-4103","1":"product","2":"type-product","3":"status-publish","4":"has-post-thumbnail","6":"product_cat-piege-a-souris-collant","7":"product_tag-colle-souris","8":"product_tag-piege-a-souris-efficace","9":"product_tag-piege-collant-souris","11":"first","12":"instock","13":"taxable","14":"shipping-taxable","15":"purchasable","16":"product-type-simple"},"_links":{"self":[{"href":"https:\/\/www.ban-idf.com\/boutique\/wp-json\/wp\/v2\/product\/4103","targetHints":{"allow":["GET"]}}],"collection":[{"href":"https:\/\/www.ban-idf.com\/boutique\/wp-json\/wp\/v2\/product"}],"about":[{"href":"https:\/\/www.ban-idf.com\/boutique\/wp-json\/wp\/v2\/types\/product"}],"replies":[{"embeddable":true,"href":"https:\/\/www.ban-idf.com\/boutique\/wp-json\/wp\/v2\/comments?post=4103"}],"wp:featuredmedia":[{"embeddable":true,"href":"https:\/\/www.ban-idf.com\/boutique\/wp-json\/wp\/v2\/media\/5720"}],"wp:attachment":[{"href":"https:\/\/www.ban-idf.com\/boutique\/wp-json\/wp\/v2\/media?parent=4103"}],"wp:term":[{"taxonomy":"product_brand","embeddable":true,"href":"https:\/\/www.ban-idf.com\/boutique\/wp-json\/wp\/v2\/product_brand?post=4103"},{"taxonomy":"product_cat","embeddable":true,"href":"https:\/\/www.ban-idf.com\/boutique\/wp-json\/wp\/v2\/product_cat?post=4103"},{"taxonomy":"product_tag","embeddable":true,"href":"https:\/\/www.ban-idf.com\/boutique\/wp-json\/wp\/v2\/product_tag?post=4103"}],"curies":[{"name":"wp","href":"https:\/\/api.w.org\/{rel}","templated":true}]}}