{"id":276,"date":"2021-10-15T20:29:17","date_gmt":"2021-10-15T18:29:17","guid":{"rendered":"https:\/\/www.ban-idf.com\/boutique\/?post_type=product&#038;p=276"},"modified":"2024-10-03T16:55:56","modified_gmt":"2024-10-03T14:55:56","slug":"aedex-probloc-25-poison-pour-souris-rat","status":"publish","type":"product","link":"https:\/\/www.ban-idf.com\/boutique\/produit\/aedex-probloc-25-poison-pour-souris-rat\/","title":{"rendered":"Aedex PROBLOC 25, poison pour souris et rat"},"content":{"rendered":"<h2 style=\"text-align: left;\" align=\"justify\">De la mort aux rats efficace avec le AEDEX PROBLOC 25 !<\/h2>\n<p style=\"text-align: center;\" align=\"justify\"><span style=\"color: #ff0000;\"><strong>Ce produit est arr\u00eat\u00e9 par le fabricant. Il est remplac\u00e9 par : CLAC STELLIOX 25 C&#8217;est la m\u00eame recette, seul le packaging change.<\/strong><\/span><\/p>\n<p align=\"justify\">Bloc extrud\u00e9 de 25g emball\u00e9s\u00a0<u>Dif\u00e9nacoum\u00a025ppm<\/u>, destin\u00e9 \u00e0 la lutte contre les rats et souris dans des zones humides.<\/p>\n<p align=\"justify\">Conditionn\u00e9 en carton de 12 \u00e9tuis de 300g.<\/p>\n<h2 align=\"justify\">Utilisation :<\/h2>\n<p style=\"text-align: center;\"><span style=\"color: #ff0000;\"><strong>LE PORT DE GANTS EST OBLIGATOIRE DURANT LA MANIPULATION DE CE POISON, PAS BESOIN DE MASQUE.<\/strong><\/span><\/p>\n<p>L&#8217;Aedex PROBLOC 25 est un poison anti souris et anti rats qui peut \u00eatre utilis\u00e9 dans des zones humides. Il doit \u00eatre plac\u00e9 dans des stations d&#8217;app\u00e2ts s\u00e9curis\u00e9es (<a href=\"https:\/\/www.ban-idf.com\/boutique\/produit\/piege-souris-appatage-securise\/\">poste d&#8217;app\u00e2tage s\u00e9curis\u00e9<\/a>).<\/p>\n<p>Pour une lutte contre les rongeurs, placer 2 sachets dans un poste d&#8217;app\u00e2tage. Veillez \u00e0 porter des gants lors de la manipulation du poison.<\/p>\n<ul>\n<li>en int\u00e9rieur : une distance de 2m entre chaque poste.<\/li>\n<li>en ext\u00e9rieur : une distance de 5m entre chaque poste.<\/li>\n<\/ul>\n<p>Inspectez les postes tous les 3 jours pour les souris et 10 jours pour les rats (ils sont beaucoup plus m\u00e9fiant).<\/p>\n<p>Ne pas mettre de poison sur des tapettes \u00e0 souris, c&#8217;est inutile.<\/p>\n<h2 align=\"justify\">Composition :<\/h2>\n<p>Bloc paraffin\u00e9 rodonticide contenant 0,0025% p\/p difenacoum et agent am\u00e9risant.<\/p>\n<h2>Danger :<\/h2>\n<p>Ce poison a des effets graves pour les organes (sang) \u00e0 la suite d&#8217;expositions r\u00e9p\u00e9t\u00e9es ou d&#8217;une exposition prolong\u00e9e. En cas de consultation d&#8217;un m\u00e9decin, garder \u00e0 disposition le r\u00e9cipient ou l&#8217;\u00e9tiquette. Tenir hors de port\u00e9e des enfants. Consulter un m\u00e9decin en cas de malaise. Eliminer le contenu dans un centre de collecte de d\u00e9chets dangereux ou sp\u00e9ciaux, conform\u00e9ment \u00e0 la r\u00e9glementation locale.<\/p>\n<p style=\"text-align: center;\"><strong>Centres Anti poison : INRS 01 45 42 59 59<\/strong><\/p>\n<h2>T\u00e9l\u00e9chargement :<\/h2>\n<p><a href=\"https:\/\/www.ban-idf.com\/boutique\/wp-admin\/images\/ft-armosa-aedex-probloc-25.pdf\">Fiche Technique<\/a> &#8211; <a href=\"https:\/\/www.ban-idf.com\/boutique\/wp-admin\/images\/rd-dif-90007-90008-90009-90109-91001-fds-stelliox-25.pdf\">Fiche de Donn\u00e9es de S\u00e9curit\u00e9<\/a><\/p>\n","protected":false},"excerpt":{"rendered":"<p>De la mort aux rats efficace avec le AEDEX PROBLOC 25 ! Ce produit est arr\u00eat\u00e9 par le fabricant. Il est remplac\u00e9 par : CLAC STELLIOX 25 C&#8217;est la m\u00eame recette, seul le packaging change. Bloc extrud\u00e9 de 25g emball\u00e9s\u00a0Dif\u00e9nacoum\u00a025ppm, destin\u00e9 \u00e0 la lutte contre les rats et souris dans des zones humides. Conditionn\u00e9 en [&hellip;]<\/p>\n","protected":false},"featured_media":5713,"comment_status":"open","ping_status":"closed","template":"","meta":[],"product_brand":[],"product_cat":[298],"product_tag":[220,221],"class_list":{"0":"post-276","1":"product","2":"type-product","3":"status-publish","4":"has-post-thumbnail","6":"product_cat-raticide","7":"product_tag-poison-rat","8":"product_tag-poison-souris","10":"first","11":"outofstock","12":"taxable","13":"shipping-taxable","14":"purchasable","15":"product-type-simple"},"_links":{"self":[{"href":"https:\/\/www.ban-idf.com\/boutique\/wp-json\/wp\/v2\/product\/276","targetHints":{"allow":["GET"]}}],"collection":[{"href":"https:\/\/www.ban-idf.com\/boutique\/wp-json\/wp\/v2\/product"}],"about":[{"href":"https:\/\/www.ban-idf.com\/boutique\/wp-json\/wp\/v2\/types\/product"}],"replies":[{"embeddable":true,"href":"https:\/\/www.ban-idf.com\/boutique\/wp-json\/wp\/v2\/comments?post=276"}],"wp:featuredmedia":[{"embeddable":true,"href":"https:\/\/www.ban-idf.com\/boutique\/wp-json\/wp\/v2\/media\/5713"}],"wp:attachment":[{"href":"https:\/\/www.ban-idf.com\/boutique\/wp-json\/wp\/v2\/media?parent=276"}],"wp:term":[{"taxonomy":"product_brand","embeddable":true,"href":"https:\/\/www.ban-idf.com\/boutique\/wp-json\/wp\/v2\/product_brand?post=276"},{"taxonomy":"product_cat","embeddable":true,"href":"https:\/\/www.ban-idf.com\/boutique\/wp-json\/wp\/v2\/product_cat?post=276"},{"taxonomy":"product_tag","embeddable":true,"href":"https:\/\/www.ban-idf.com\/boutique\/wp-json\/wp\/v2\/product_tag?post=276"}],"curies":[{"name":"wp","href":"https:\/\/api.w.org\/{rel}","templated":true}]}}