{"id":274,"date":"2021-10-15T20:24:58","date_gmt":"2021-10-15T18:24:58","guid":{"rendered":"https:\/\/www.ban-idf.com\/boutique\/?post_type=product&#038;p=274"},"modified":"2024-10-11T19:53:55","modified_gmt":"2024-10-11T17:53:55","slug":"aedex-pasta-25-poison-pour-souris-et-rat","status":"publish","type":"product","link":"https:\/\/www.ban-idf.com\/boutique\/produit\/aedex-pasta-25-poison-pour-souris-et-rat\/","title":{"rendered":"Aedex PASTA 25, poison pour souris et rat"},"content":{"rendered":"<h2>Le souricide Aedex PASTA 25, utra efficace des la premi\u00e8re dose !<\/h2>\n<p>Sachets contenant de la p\u00e2te huil\u00e9es de 25g emball\u00e9s dif\u00e9nacoum\u00a025ppm, destin\u00e9 \u00e0 la lutte contre les rats et souris dans des zones non humides (poste d&#8217;app\u00e2tage recommand\u00e9).<\/p>\n<p>Sa formule en p\u00e2te est tr\u00e8s appelante, les rongeurs en raffoles d&#8217;o\u00f9 son efficacit\u00e9. Cependant, le concurrence alimentaire est \u00e0 proscrire. Rangez tout ce qui pourrait \u00eatre attaqu\u00e9 par les rongeurs.<\/p>\n<p>L&#8217;Aedex Pasta 25 contient un mati\u00e8re active (dif\u00e9nacoum) qui est un anticoagulant qui va agir sur le syst\u00e8me nerveux ou qui va augmenter fortement le taux de calcium conduisant \u00e0 une insuffisance r\u00e9nale, ou cardiaque de la cible.<\/p>\n<p>Faciles \u00e0 utiliser, en suivant nos conseils et recommandations vous allez pouvoir vous d\u00e9barrasser des rongeurs qui vous envahissent.<\/p>\n<h2>Utilisation du poison pour rats et souris :<\/h2>\n<p>Ce produit est un poison anti souris et anti rats. Il doit \u00eatre utilis\u00e9 dans des stations d&#8217;app\u00e2ts s\u00e9curis\u00e9es (<a href=\"https:\/\/www.ban-idf.com\/boutique\/produit\/piege-souris-appatage-securise\/\" target=\"_blank\" rel=\"noopener noreferrer\">poste d&#8217;app\u00e2tage souris s\u00e9curis\u00e9<\/a>) pour \u00e9viter que les animaux domestiques ne les consommes.<\/p>\n<p>Pour une lutte contre les rongeurs, placer 2 sachets dans un poste d&#8217;app\u00e2tage. Veillez \u00e0 porter des gants lors de la manipulation du poison.\u00a0Nous vous conseillons d&#8217;utiliser <a href=\"https:\/\/www.ban-idf.com\/boutique\/produit\/attractif-rescent-parfume-rats\/\" target=\"_blank\" rel=\"noopener noreferrer\">un spray aromatis\u00e9 &#8220;caramel&#8221;<\/a> pour camoufler l&#8217;odeur humaine qui pourrait \u00eatre pr\u00e9sente sur le poste.<\/p>\n<p>Pour le placement, veuillez respecter ces consignes :<\/p>\n<ul>\n<li>en int\u00e9rieur : une distance de 2m entre chaque poste. En placer dans des zones cach\u00e9es (sous un buffet, derri\u00e8re un frigidaire, sous un \u00e9vier.<\/li>\n<li>en ext\u00e9rieur : une distance de 5m entre chaque poste. Evitez d&#8217;en placer \u00e0 cot\u00e9 des des poubelles (concurrence alimentaire rude).<\/li>\n<\/ul>\n<p>Inspectez les postes tous les 3 jours pour les souris et 10 jours pour les rats (ils sont beaucoup plus m\u00e9fiant).<\/p>\n<p>La mort survient au bout de 5 \u00e0 6 jours, vous verrez donc encore des souris pendant toute la p\u00e9riode de traitement. Le poison occasionne une mort lente ce qui permet de ne pas \u00e9veiller les soup\u00e7ons aux restes de la colonie.<\/p>\n<p>Il se pourrait que le cadavre du rongeur mort d\u00e9gage une odeur naus\u00e9abonde et d\u00e9sagr\u00e9able. Si vous avez un animal de compagnie, ne le laissez pas toucher \u00e0 ce cadavre empoisonn\u00e9. Apport\u00e9 le \u00e0 une d\u00e9chetterie sp\u00e9cialis\u00e9 la plus proche.<\/p>\n<p>Nous vous recommandons d&#8217;associer ce poison pour souris et rat \u00e0 des<a href=\"https:\/\/www.ban-idf.com\/boutique\/produit\/piege-a-souris-gorilla-trap-lot-de-3\/\" target=\"_blank\" rel=\"noopener noreferrer\"> tapettes pour souris Gorilla Trap<\/a>.<\/p>\n<p>Ne pas mettre de poison sur des tapettes \u00e0 souris, c&#8217;est inutile.<\/p>\n<h2>Composition du poison \u00e0 souris AEDEX PASTA 25<\/h2>\n<p>P\u00e2te huil\u00e9e rodonticide contenant 0,0025% p\/p dif\u00e9nacoum et agent am\u00e9risant.<\/p>\n<h2>Conditionnement :<\/h2>\n<p>Conditionn\u00e9 en carton de 12 \u00e9tuis de 300g.<\/p>\n<h2>Danger :<\/h2>\n<p>Ce souricide a des effets graves pour les organes (sang) \u00e0 la suite d&#8217;expositions r\u00e9p\u00e9t\u00e9es ou d&#8217;une exposition prolong\u00e9e.<\/p>\n<p>En cas de consultation d&#8217;un m\u00e9decin, garder \u00e0 disposition le r\u00e9cipient ou l&#8217;\u00e9tiquette. Tenir hors de port\u00e9e des enfants. Consulter un m\u00e9decin en cas de malaise. E<\/p>\n<p>Eliminer le contenu dans un centre de collecte de d\u00e9chets dangereux ou sp\u00e9ciaux, conform\u00e9ment \u00e0 la r\u00e9glementation locale.<\/p>\n<p><strong>Centres Anti poison : INRS 01 45 42 59 59<\/strong><\/p>\n<h2>Vos questions, nos r\u00e9ponses :<\/h2>\n<h4>Est-ce que le poison rouge est plus dangereux que le bleu ?<\/h4>\n<p>Les couleurs des app\u00e2ts ne changent rien \u00e0 la dangerosit\u00e9 du produit. Elle servent juste \u00e0 diff\u00e9rencier le type d&#8217;app\u00e2t.<\/p>\n<h4>Je peux me passer du poste d&#8217;app\u00e2tage car je n&#8217;ai pas d&#8217;enfants ni d&#8217;animaux de compagnie ?<\/h4>\n<p>Nous vous le d\u00e9conseillons, apr\u00e8s si vous estimez que le risque est nul, c&#8217;est un autre probl\u00e8me. Pensez juste qu&#8217;un pigeon pourrai profiter d&#8217;une fen\u00eatre ouverte pour voler l&#8217;app\u00e2t et s&#8217;empoisonner ensuite, abandonnant l&#8217;app\u00e2t dans la nature. Tous les sc\u00e9narios sont possibles alors pourquoi se passer d&#8217;un poste s\u00e9curis\u00e9 ?<\/p>\n<p>Si l&#8217;usage de ce raticide \/ souricide est pour un commerce de bouche (restaurant, boulangerie, \u00e9picerie, etc &#8230;), l&#8217;utilisation d&#8217;un poste d&#8217;app\u00e2tage est obligatoire. En cas de contr\u00f4le, vous vous exposez \u00e0 une amende voir une fermeture administrative.<\/p>\n<h4>Je dois faire face \u00e0 une invasion de rats. Ce poison va t&#8217;il suffire pour me d\u00e9barrasser des rats ?<\/h4>\n<p>Le poison que nous vous proposons est toxique pour le rat. Avec un peu de patience (le rat est tr\u00e8s m\u00e9fiant), ces rongeurs iront manger ce produit. Vous pouvez toujours associer ce traitement chimique \u00e0 un traitement m\u00e9canique avec la fabuleuse <a href=\"https:\/\/www.ban-idf.com\/boutique\/produit\/piege-a-rat-gorilla-trap\/\" target=\"_blank\" rel=\"noopener noreferrer\">tapette \u00e0 rats Gorilla Trap.<\/a><\/p>\n<h2>T\u00e9l\u00e9chargement :<\/h2>\n<p><a href=\"https:\/\/www.ban-idf.com\/boutique\/wp-admin\/images\/ft-armosa-aedex-strong-pasta-25-annot-vb.pdf\" target=\"_blank\" rel=\"noopener noreferrer\">Fiche Technique<\/a> &#8211; <a href=\"https:\/\/www.ban-idf.com\/boutique\/wp-admin\/images\/rd-brd-22001-21008-fds-strong-pasta-25.pdf\" target=\"_blank\" rel=\"noopener noreferrer\">Fiche de Donn\u00e9es de S\u00e9curit\u00e9<\/a><\/p>\n","protected":false},"excerpt":{"rendered":"<p>Le souricide Aedex PASTA 25, utra efficace des la premi\u00e8re dose ! Sachets contenant de la p\u00e2te huil\u00e9es de 25g emball\u00e9s dif\u00e9nacoum\u00a025ppm, destin\u00e9 \u00e0 la lutte contre les rats et souris dans des zones non humides (poste d&#8217;app\u00e2tage recommand\u00e9). Sa formule en p\u00e2te est tr\u00e8s appelante, les rongeurs en raffoles d&#8217;o\u00f9 son efficacit\u00e9. Cependant, le [&hellip;]<\/p>\n","protected":false},"featured_media":5722,"comment_status":"open","ping_status":"closed","template":"","meta":[],"product_brand":[],"product_cat":[291],"product_tag":[220,221],"class_list":{"0":"post-274","1":"product","2":"type-product","3":"status-publish","4":"has-post-thumbnail","6":"product_cat-souricide","7":"product_tag-poison-rat","8":"product_tag-poison-souris","10":"first","11":"instock","12":"taxable","13":"shipping-taxable","14":"purchasable","15":"product-type-simple"},"_links":{"self":[{"href":"https:\/\/www.ban-idf.com\/boutique\/wp-json\/wp\/v2\/product\/274","targetHints":{"allow":["GET"]}}],"collection":[{"href":"https:\/\/www.ban-idf.com\/boutique\/wp-json\/wp\/v2\/product"}],"about":[{"href":"https:\/\/www.ban-idf.com\/boutique\/wp-json\/wp\/v2\/types\/product"}],"replies":[{"embeddable":true,"href":"https:\/\/www.ban-idf.com\/boutique\/wp-json\/wp\/v2\/comments?post=274"}],"wp:featuredmedia":[{"embeddable":true,"href":"https:\/\/www.ban-idf.com\/boutique\/wp-json\/wp\/v2\/media\/5722"}],"wp:attachment":[{"href":"https:\/\/www.ban-idf.com\/boutique\/wp-json\/wp\/v2\/media?parent=274"}],"wp:term":[{"taxonomy":"product_brand","embeddable":true,"href":"https:\/\/www.ban-idf.com\/boutique\/wp-json\/wp\/v2\/product_brand?post=274"},{"taxonomy":"product_cat","embeddable":true,"href":"https:\/\/www.ban-idf.com\/boutique\/wp-json\/wp\/v2\/product_cat?post=274"},{"taxonomy":"product_tag","embeddable":true,"href":"https:\/\/www.ban-idf.com\/boutique\/wp-json\/wp\/v2\/product_tag?post=274"}],"curies":[{"name":"wp","href":"https:\/\/api.w.org\/{rel}","templated":true}]}}