{"id":272,"date":"2021-10-15T18:11:33","date_gmt":"2021-10-15T16:11:33","guid":{"rendered":"https:\/\/www.ban-idf.com\/boutique\/?post_type=product&#038;p=272"},"modified":"2024-10-03T16:55:56","modified_gmt":"2024-10-03T14:55:56","slug":"carton-plaques-adhesive-anti-souris","status":"publish","type":"product","link":"https:\/\/www.ban-idf.com\/boutique\/produit\/carton-plaques-adhesive-anti-souris\/","title":{"rendered":"Carton de 100 plaques de glu TopiStop avec attractif pour souris"},"content":{"rendered":"<h2 style=\"text-align: left;\">Des plaques adh\u00e9sives anti-souris, en gros par TOPISTOP !<\/h2>\n<p>Nous vous invitons \u00e0 lire la descriptions des <a href=\"https:\/\/www.ban-idf.com\/boutique\/index.php\/produit\/lot-de-10-plaques-de-glu-avec-attractif-pour-souris-topistop\/\">plaques \u00e0 glu TOPISTOP<\/a>.<\/p>\n<h2>Le carton contenant 100 pi\u00e8ges \u00e0 souris collants<\/h2>\n<p>Ce conditionnement est adapt\u00e9 pour les revendeurs, les commer\u00e7ants, restaurateurs, boulangers ou bien particuliers subissant une infestation EXTR\u00caME. La plaque vous reviens seulement \u00e0 0,95\u20ac TTC ; une bonne affaire !<\/p>\n<h2>Dimension des pi\u00e8ges :<\/h2>\n<p>Plaque : 240mm x 120mm<\/p>\n","protected":false},"excerpt":{"rendered":"<p>Des plaques adh\u00e9sives anti-souris, en gros par TOPISTOP ! Nous vous invitons \u00e0 lire la descriptions des plaques \u00e0 glu TOPISTOP. Le carton contenant 100 pi\u00e8ges \u00e0 souris collants Ce conditionnement est adapt\u00e9 pour les revendeurs, les commer\u00e7ants, restaurateurs, boulangers ou bien particuliers subissant une infestation EXTR\u00caME. La plaque vous reviens seulement \u00e0 0,95\u20ac TTC [&hellip;]<\/p>\n","protected":false},"featured_media":5715,"comment_status":"open","ping_status":"closed","template":"","meta":[],"product_brand":[],"product_cat":[296],"product_tag":[],"class_list":{"0":"post-272","1":"product","2":"type-product","3":"status-publish","4":"has-post-thumbnail","6":"product_cat-piege-a-souris-collant","8":"first","9":"instock","10":"taxable","11":"shipping-taxable","12":"purchasable","13":"product-type-simple"},"_links":{"self":[{"href":"https:\/\/www.ban-idf.com\/boutique\/wp-json\/wp\/v2\/product\/272","targetHints":{"allow":["GET"]}}],"collection":[{"href":"https:\/\/www.ban-idf.com\/boutique\/wp-json\/wp\/v2\/product"}],"about":[{"href":"https:\/\/www.ban-idf.com\/boutique\/wp-json\/wp\/v2\/types\/product"}],"replies":[{"embeddable":true,"href":"https:\/\/www.ban-idf.com\/boutique\/wp-json\/wp\/v2\/comments?post=272"}],"wp:featuredmedia":[{"embeddable":true,"href":"https:\/\/www.ban-idf.com\/boutique\/wp-json\/wp\/v2\/media\/5715"}],"wp:attachment":[{"href":"https:\/\/www.ban-idf.com\/boutique\/wp-json\/wp\/v2\/media?parent=272"}],"wp:term":[{"taxonomy":"product_brand","embeddable":true,"href":"https:\/\/www.ban-idf.com\/boutique\/wp-json\/wp\/v2\/product_brand?post=272"},{"taxonomy":"product_cat","embeddable":true,"href":"https:\/\/www.ban-idf.com\/boutique\/wp-json\/wp\/v2\/product_cat?post=272"},{"taxonomy":"product_tag","embeddable":true,"href":"https:\/\/www.ban-idf.com\/boutique\/wp-json\/wp\/v2\/product_tag?post=272"}],"curies":[{"name":"wp","href":"https:\/\/api.w.org\/{rel}","templated":true}]}}