{"id":270,"date":"2021-10-15T18:07:16","date_gmt":"2021-10-15T16:07:16","guid":{"rendered":"https:\/\/www.ban-idf.com\/boutique\/?post_type=product&#038;p=270"},"modified":"2025-05-30T17:54:02","modified_gmt":"2025-05-30T15:54:02","slug":"pieges-a-glu-pour-souris-topistop","status":"publish","type":"product","link":"https:\/\/www.ban-idf.com\/boutique\/produit\/pieges-a-glu-pour-souris-topistop\/","title":{"rendered":"Lot de 10 pi\u00e8ges \u00e0 glu avec attractif pour souris, Topistop"},"content":{"rendered":"\n<h2 class=\"wp-block-heading\">Topistop, le meilleur pi\u00e8ge \u00e0 glu pour souris<\/h2>\n\n\n\n<p>Dites adieu aux <strong>m\u00e9chantes souris<\/strong> avec les <strong>pi\u00e8ges \u00e0 glue TOPISTOP, <\/strong>votre solution efficace pour une maison sans rongeurs. Con\u00e7us pour r\u00e9pondre rapidement et efficacement \u00e0 vos probl\u00e8mes de souris, ces pi\u00e8ges utilisent une colle sp\u00e9ciale enrichie d&#8217;un <strong>attractif \u00e0 la cerise ou bubble gum<\/strong>, exploitant l&#8217;odorat tr\u00e8s d\u00e9velopp\u00e9 des souris pour les attirer efficacement.<\/p>\n\n\n<div class=\"wp-block-image\">\n<figure class=\"aligncenter size-large is-resized\"><img fetchpriority=\"high\" decoding=\"async\" width=\"512\" height=\"512\" src=\"https:\/\/www.ban-idf.com\/boutique\/wp-content\/uploads\/2021\/10\/top-10-1.svg\" alt=\"\" class=\"wp-image-7199\" style=\"width:120px\" srcset=\"https:\/\/www.ban-idf.com\/boutique\/wp-content\/uploads\/\/2021\/10\/top-10-1.svg 150w, https:\/\/www.ban-idf.com\/boutique\/wp-content\/uploads\/\/2021\/10\/top-10-1.svg 300w, https:\/\/www.ban-idf.com\/boutique\/wp-content\/uploads\/\/2021\/10\/top-10-1.svg 1024w, https:\/\/www.ban-idf.com\/boutique\/wp-content\/uploads\/\/2021\/10\/top-10-1.svg 512w\" sizes=\"(max-width: 512px) 100vw, 512px\" \/><\/figure>\n<\/div>\n\n\n<p class=\"has-text-align-left\">Nous vous proposons <strong>ce lot de 10 pi\u00e8ges \u00e0 souris collants<\/strong> pour r\u00e9gler votre probl\u00e8me de souris en appartement. La plaque collante <strong>TOPISTOP <\/strong>est un produit phare de notre boutique !<\/p>\n\n\n\n<h2 class=\"wp-block-heading\">Pourquoi choisir les pi\u00e8ges \u00e0 glue TOPISTOP ?<\/h2>\n\n\n\n<ul class=\"wp-block-list\">\n<li><strong>Attractif Puissant<\/strong> : Enrichi d&#8217;un parfum de cerise ou bubble gum, bien plus attractif que les produits standard, pour guider les souris directement dans le pi\u00e8ge.<\/li>\n\n\n\n<li><strong>Pr\u00eat \u00e0 l&#8217;Emploi<\/strong> : Facile \u00e0 utiliser, ces pi\u00e8ges ne n\u00e9cessitent pas d&#8217;app\u00e2t suppl\u00e9mentaire. Posez-les simplement sur les trajets fr\u00e9quent\u00e9s par les souris. Vendu par 10, vous allez pouvoir \u00e9liminer toute la colonie de souris.<\/li>\n\n\n\n<li><strong>Polyvalent<\/strong> : Peut \u00eatre pli\u00e9 en mode &#8220;tunnel&#8221;, id\u00e9al pour une utilisation discr\u00e8te dans la cuisine ou les restaurants.<\/li>\n\n\n\n<li><strong>S\u00e9curit\u00e9<\/strong> : Formul\u00e9 pour \u00eatre sans danger pour les humains et les animaux domestiques, permettant une utilisation sereine dans votre foyer. C&#8217;est une solution contre les souris dite &#8220;m\u00e9canique&#8221;, sans biocide !<\/li>\n<\/ul>\n\n\n<div class=\"wp-block-image\">\n<figure class=\"aligncenter size-full is-resized\"><img decoding=\"async\" width=\"600\" height=\"800\" src=\"https:\/\/www.ban-idf.com\/boutique\/wp-content\/uploads\/2021\/10\/piege-a-glue-topistop-sans-le-film-de-protection.webp\" alt=\"plaque et piege a glu pour souris\" class=\"wp-image-5898\" style=\"aspect-ratio:1;object-fit:cover;width:400px\" srcset=\"https:\/\/www.ban-idf.com\/boutique\/wp-content\/uploads\/2021\/10\/piege-a-glue-topistop-sans-le-film-de-protection.webp 600w, https:\/\/www.ban-idf.com\/boutique\/wp-content\/uploads\/2021\/10\/piege-a-glue-topistop-sans-le-film-de-protection-225x300.webp 225w\" sizes=\"(max-width: 600px) 100vw, 600px\" \/><figcaption class=\"wp-element-caption\">Pi\u00e8ge \u00e0 glu pour souris sans le film protecteur<\/figcaption><\/figure>\n<\/div>\n\n\n<h2 class=\"wp-block-heading\">Comment utiliser un pi\u00e8ge \u00e0 glue TOPISTOP ?<\/h2>\n\n\n\n<ol class=\"wp-block-list\">\n<li><strong>Identification<\/strong> : Rep\u00e9rez les lieux de passage des souris, souvent trahis par la pr\u00e9sence de crottes.<\/li>\n\n\n\n<li><strong>Placement<\/strong> : Installez les pi\u00e8ges le long des murs ou pr\u00e8s des trous de souris identifi\u00e9s, sans ajouter d\u2019app\u00e2t.<\/li>\n\n\n\n<li><strong>Quantit\u00e9<\/strong> : Inutile de surcharger votre espace ; 2 ou 3 pi\u00e8ges suffisent pour un appartement.<\/li>\n<\/ol>\n\n\n\n<p>Un article est disponible pour vous aider \u00e0 utiliser ce type de pi\u00e8ge : <a href=\"https:\/\/www.ban-idf.com\/boutique\/comment-utiliser-un-piege-collant-pour-souris\/\">Comment utiliser un pi\u00e8ge collant pour souris ?<\/a><\/p>\n\n\n\n<h2 class=\"wp-block-heading\">Conseils d&#8217;Expert en d\u00e9ratisation de souris<\/h2>\n\n\n\n<p>Nos applicateurs <strong>BAN-IDF, Les Experts Anti Nuisibles\u00ae\u00a0<\/strong> recommandent l&#8217;utilisation des pi\u00e8ges \u00e0 glue <strong>TOPISTOP<\/strong> pour leur efficacit\u00e9 prouv\u00e9e. Souvent utilis\u00e9s en compl\u00e9ment des postes d&#8217;app\u00e2tage (contenant un <a href=\"https:\/\/www.ban-idf.com\/boutique\/categorie-produit\/rongeurs\/souris\/souricide\/\">souricide<\/a>) ou des <strong>tapettes Gorilla Trap pour souris<\/strong>, ils constituent une strat\u00e9gie de <strong>d\u00e9ratisation<\/strong> visible et efficace. <\/p>\n\n\n<div class=\"wp-block-image\">\n<figure class=\"aligncenter size-large is-resized\"><img decoding=\"async\" width=\"512\" height=\"512\" src=\"https:\/\/www.ban-idf.com\/boutique\/wp-content\/uploads\/2021\/10\/jumelles.svg\" alt=\"\" class=\"wp-image-7653\" style=\"width:120px\" srcset=\"https:\/\/www.ban-idf.com\/boutique\/wp-content\/uploads\/\/2021\/10\/jumelles.svg 150w, https:\/\/www.ban-idf.com\/boutique\/wp-content\/uploads\/\/2021\/10\/jumelles.svg 300w, https:\/\/www.ban-idf.com\/boutique\/wp-content\/uploads\/\/2021\/10\/jumelles.svg 1024w, https:\/\/www.ban-idf.com\/boutique\/wp-content\/uploads\/\/2021\/10\/jumelles.svg 512w\" sizes=\"(max-width: 512px) 100vw, 512px\" \/><\/figure>\n<\/div>\n\n\n<p>Suivez les routines de passage de vos visiteuses nocturnes pour un placement optimal des plaques \u00e0 glu pour souris.<\/p>\n\n\n\n<h3 class=\"wp-block-heading\">\u00c0 Noter :<\/h3>\n\n\n\n<ul class=\"wp-block-list\">\n<li><strong>Utilisation Int\u00e9rieure Uniquement<\/strong> : Ces pi\u00e8ges ne sont pas destin\u00e9s \u00e0 un usage ext\u00e9rieur et ne sont pas adapt\u00e9s pour la capture de rats.<\/li>\n\n\n\n<li><strong>Fabrication de Qualit\u00e9<\/strong> : Produits en Italie, les plaques <strong>TOPISTOP<\/strong> respectent les normes CE, garantissant leur qualit\u00e9 et efficacit\u00e9.<\/li>\n\n\n\n<li><strong>Kit D\u00e9ratisation Rapide :<\/strong> Nous proposons un kit compl\u00e9ment regroupant 10 pi\u00e8ge \u00e0 <strong>glu pour souris<\/strong> <strong>TOPISTOP<\/strong> ainsi que deux tapettes <strong>GORILLA TRAPS<\/strong> : <a href=\"https:\/\/www.ban-idf.com\/boutique\/produit\/pack-deratisation-express\/\">Kit D\u00e9ratisation Rapide<\/a><\/li>\n<\/ul>\n\n\n\n<p>Avec les pi\u00e8ges \u00e0 glue pour souris <strong>TOPISTOP<\/strong>, b\u00e9n\u00e9ficiez d&#8217;une solution efficace \u00e0 un prix attractif.<\/p>\n\n\n\n<h2 class=\"wp-block-heading\">Vos questions, nos r\u00e9ponses<\/h2>\n\n\n\n<h3 class=\"wp-block-heading\">Que faire si le pi\u00e8ge \u00e0 glue n&#8217;attrape pas de souris ?<\/h3>\n\n\n\n<p>Si un pi\u00e8ge reste sans prise, envisagez de changer son emplacement ou de v\u00e9rifier si l&#8217;activit\u00e9 des souris s&#8217;est d\u00e9plac\u00e9e vers une autre zone de votre domicile.<\/p>\n\n\n\n<h3 class=\"wp-block-heading\">Y a-t-il un risque que les souris s&#8217;\u00e9chappent du pi\u00e8ge ?<\/h3>\n\n\n\n<p>Le dosage de la glu dans chaque pi\u00e8ge est con\u00e7u pour garantir que les souris captur\u00e9es ne puissent pas s&#8217;\u00e9chapper.<\/p>\n\n\n\n<h3 class=\"wp-block-heading\">Les pi\u00e8ges TOPISTOP fonctionnent-ils contre les rats ?<\/h3>\n\n\n\n<p>Non, les pi\u00e8ges TOPISTOP sont con\u00e7us sp\u00e9cifiquement pour les souris et ne sont pas adapt\u00e9s pour capturer les rats.<\/p>\n\n\n\n<h3 class=\"wp-block-heading\">Peut-on r\u00e9utiliser un pi\u00e8ge \u00e0 glue TOPISTOP ?<\/h3>\n\n\n\n<p>Non, une fois qu&#8217;un pi\u00e8ge a captur\u00e9 une souris ou est satur\u00e9 de poussi\u00e8re, il doit \u00eatre remplac\u00e9.<\/p>\n\n\n\n<h3 class=\"wp-block-heading\">Que faire si un pi\u00e8ge \u00e0 glue capture une souris ?<\/h3>\n\n\n\n<p>Portez des gants pour \u00e9viter tout contact direct, enveloppez le pi\u00e8ge et la souris dans un sac en plastique, et jetez-le dans une poubelle ext\u00e9rieure.<\/p>\n\n\n\n<h2 class=\"wp-block-heading\"><strong>Dimensions et conditionnement : <\/strong><\/h2>\n\n\n\n<p><strong>240mm x 120mm,&nbsp; vendu par 10.<\/strong><\/p>\n","protected":false},"excerpt":{"rendered":"<p>Topistop, le meilleur pi\u00e8ge \u00e0 glu pour souris Dites adieu aux m\u00e9chantes souris avec les pi\u00e8ges \u00e0 glue TOPISTOP, votre solution efficace pour une maison sans rongeurs. Con\u00e7us pour r\u00e9pondre rapidement et efficacement \u00e0 vos probl\u00e8mes de souris, ces pi\u00e8ges utilisent une colle sp\u00e9ciale enrichie d&#8217;un attractif \u00e0 la cerise ou bubble gum, exploitant l&#8217;odorat [&hellip;]<\/p>\n","protected":false},"featured_media":9486,"comment_status":"open","ping_status":"closed","template":"","meta":[],"product_brand":[],"product_cat":[296],"product_tag":[257,256,217],"class_list":{"0":"post-270","1":"product","2":"type-product","3":"status-publish","4":"has-post-thumbnail","6":"product_cat-piege-a-souris-collant","7":"product_tag-colle-souris","8":"product_tag-piege-a-souris-efficace","9":"product_tag-piege-collant-souris","11":"first","12":"instock","13":"featured","14":"taxable","15":"shipping-taxable","16":"purchasable","17":"product-type-simple"},"_links":{"self":[{"href":"https:\/\/www.ban-idf.com\/boutique\/wp-json\/wp\/v2\/product\/270","targetHints":{"allow":["GET"]}}],"collection":[{"href":"https:\/\/www.ban-idf.com\/boutique\/wp-json\/wp\/v2\/product"}],"about":[{"href":"https:\/\/www.ban-idf.com\/boutique\/wp-json\/wp\/v2\/types\/product"}],"replies":[{"embeddable":true,"href":"https:\/\/www.ban-idf.com\/boutique\/wp-json\/wp\/v2\/comments?post=270"}],"wp:featuredmedia":[{"embeddable":true,"href":"https:\/\/www.ban-idf.com\/boutique\/wp-json\/wp\/v2\/media\/9486"}],"wp:attachment":[{"href":"https:\/\/www.ban-idf.com\/boutique\/wp-json\/wp\/v2\/media?parent=270"}],"wp:term":[{"taxonomy":"product_brand","embeddable":true,"href":"https:\/\/www.ban-idf.com\/boutique\/wp-json\/wp\/v2\/product_brand?post=270"},{"taxonomy":"product_cat","embeddable":true,"href":"https:\/\/www.ban-idf.com\/boutique\/wp-json\/wp\/v2\/product_cat?post=270"},{"taxonomy":"product_tag","embeddable":true,"href":"https:\/\/www.ban-idf.com\/boutique\/wp-json\/wp\/v2\/product_tag?post=270"}],"curies":[{"name":"wp","href":"https:\/\/api.w.org\/{rel}","templated":true}]}}