{"id":260,"date":"2021-10-15T02:28:09","date_gmt":"2021-10-15T00:28:09","guid":{"rendered":"https:\/\/www.ban-idf.com\/boutique\/?post_type=product&#038;p=260"},"modified":"2024-10-09T01:48:19","modified_gmt":"2024-10-08T23:48:19","slug":"attractif-rescent-parfume-rats","status":"publish","type":"product","link":"https:\/\/www.ban-idf.com\/boutique\/produit\/attractif-rescent-parfume-rats\/","title":{"rendered":"Attractif Re-Scent parfum\u00e9 rats et souris"},"content":{"rendered":"\n<h2 class=\"wp-block-heading\">RE-SCENT, l&#8217;odeur qui attire les souris<\/h2>\n\n\n\n<p>D\u00e9couvrez ce produit important lors d&#8217;une op\u00e9ration de d\u00e9ratisation : le <strong>RE-SCENT<\/strong> (fabrication anglaise). Nous le proposons en plusieurs parfums. Le caramel est notre pr\u00e9f\u00e9r\u00e9, car c&#8217;est l&#8217;odeur qui attire le plus les <strong>souris<\/strong> et les <strong>rats<\/strong>.<\/p>\n\n\n<div class=\"wp-block-image\">\n<figure class=\"aligncenter size-large is-resized\"><img fetchpriority=\"high\" decoding=\"async\" width=\"512\" height=\"512\" src=\"https:\/\/www.ban-idf.com\/boutique\/wp-content\/uploads\/2021\/10\/angleterre.svg\" alt=\"Angleterre\" class=\"wp-image-7595\" style=\"width:120px\" srcset=\"https:\/\/www.ban-idf.com\/boutique\/wp-content\/uploads\/\/2021\/10\/angleterre.svg 150w, https:\/\/www.ban-idf.com\/boutique\/wp-content\/uploads\/\/2021\/10\/angleterre.svg 300w, https:\/\/www.ban-idf.com\/boutique\/wp-content\/uploads\/\/2021\/10\/angleterre.svg 1024w, https:\/\/www.ban-idf.com\/boutique\/wp-content\/uploads\/\/2021\/10\/angleterre.svg 512w\" sizes=\"(max-width: 512px) 100vw, 512px\" \/><\/figure>\n<\/div>\n\n\n<p><strong>RE-SCENT<\/strong> n&#8217;est pas un produit destin\u00e9 \u00e0 enlever l&#8217;odeur des <strong>souris<\/strong>. Pour cela, nous vous recommandons plut\u00f4t ce produit : <strong>ERAZER<\/strong>.<\/p>\n\n\n\n<h2 class=\"wp-block-heading\">Pourquoi utiliser un spray attractif au chorizo ou caramel ?<\/h2>\n\n\n\n<p>Les <strong>rats<\/strong> ou <strong>souris<\/strong> ont un sens de l&#8217;odorat tr\u00e8s d\u00e9velopp\u00e9 et sont extr\u00eamement m\u00e9fiants face aux nouvelles odeurs dans leur environnement. L&#8217;odeur humaine est particuli\u00e8rement forte et peut les repousser, les emp\u00eachant ainsi de s&#8217;approcher des pi\u00e8ges.<\/p>\n\n\n\n<p>Pour augmenter l&#8217;efficacit\u00e9 des <strong>pi\u00e8ges \u00e0 rats ou souris<\/strong>, il est recommand\u00e9 d&#8217;utiliser un spray attractif, tel que <strong>RE-SCENT<\/strong>, pour masquer l&#8217;odeur humaine sur les pi\u00e8ges. Ce type de spray contient des ph\u00e9romones et des ingr\u00e9dients qui attirent les <strong>rats ou souris<\/strong> vers le pi\u00e8ge sans qu&#8217;ils ne soient repouss\u00e9s par l&#8217;odeur humaine.<\/p>\n\n\n\n<p>En masquant cette odeur, les <strong>rats et souris<\/strong> sont plus susceptibles d&#8217;entrer dans le pi\u00e8ge, augmentant ainsi les chances de capturer ces nuisibles ind\u00e9sirables.<\/p>\n\n\n\n<h2 class=\"wp-block-heading\">Comment attirer les souris ou les rats facilement<\/h2>\n\n\n\n<p>Le <strong>spray attractif<\/strong> peut \u00e9galement \u00eatre utilis\u00e9 pour renforcer l&#8217;efficacit\u00e9 des <strong>pi\u00e8ges \u00e0 souris<\/strong> et autres <strong>pi\u00e8ges \u00e0 nuisibles<\/strong>. Il est important de noter que le spray attractif <strong>RE-SCENT<\/strong> doit \u00eatre utilis\u00e9 en compl\u00e9ment d&#8217;un pi\u00e8ge efficace et bien plac\u00e9, afin de garantir une capture rapide et respectueuse des <strong>rats ou souris<\/strong> ind\u00e9sirables.<\/p>\n\n\n<div class=\"wp-block-image\">\n<figure class=\"aligncenter size-full is-resized\"><img decoding=\"async\" width=\"800\" height=\"645\" src=\"https:\/\/www.ban-idf.com\/boutique\/wp-content\/uploads\/2021\/10\/comment-attirer-les-souris.jpg\" alt=\"comment attirer les souris\" class=\"wp-image-7594\" style=\"aspect-ratio:16\/9;object-fit:cover;width:600px\" srcset=\"https:\/\/www.ban-idf.com\/boutique\/wp-content\/uploads\/2021\/10\/comment-attirer-les-souris.jpg 800w, https:\/\/www.ban-idf.com\/boutique\/wp-content\/uploads\/2021\/10\/comment-attirer-les-souris-300x242.jpg 300w, https:\/\/www.ban-idf.com\/boutique\/wp-content\/uploads\/2021\/10\/comment-attirer-les-souris-768x619.jpg 768w, https:\/\/www.ban-idf.com\/boutique\/wp-content\/uploads\/2021\/10\/comment-attirer-les-souris-600x484.jpg 600w\" sizes=\"(max-width: 800px) 100vw, 800px\" \/><figcaption class=\"wp-element-caption\">Attirer les souris dans un pi\u00e8ge ? un jeu d&#8217;enfant !<\/figcaption><\/figure>\n<\/div>\n\n\n<p>Le conditionnement est de 100ml. Il vous permettra d&#8217;effectuer environ <strong>500 pulv\u00e9risations<\/strong>.<\/p>\n\n\n\n<p>Le spray <strong>RE-SCENT<\/strong> reste efficace pendant <strong>3 semaines<\/strong> m\u00eame en ext\u00e9rieur.<\/p>\n\n\n\n<h2 class=\"wp-block-heading\">Comme l&#8217;utiliser<\/h2>\n\n\n\n<p>Il suffit juste de pulv\u00e9riser du spray sur un <a href=\"https:\/\/www.ban-idf.com\/boutique\/categorie-produit\/rongeurs\/souris\/piege-a-souris-2\/\">pi\u00e8ge \u00e0 souris<\/a> ou <a href=\"https:\/\/www.ban-idf.com\/boutique\/categorie-produit\/rongeurs\/rats\/piege-a-rats\/\">pi\u00e8ge \u00e0 rats<\/a> d\u00e9j\u00e0 pr\u00eate \u00e0 l&#8217;emploi (arm\u00e9e et pos\u00e9e au sol).<\/p>\n\n\n\n<p>Simple ?<\/p>\n\n\n\n<h2 class=\"wp-block-heading\">Vos questions, nos r\u00e9ponses<\/h2>\n\n\n\n<h3 class=\"wp-block-heading\">Quel est la meilleur odeur pour attirer une souris dans un pi\u00e8ge ?<\/h3>\n\n\n\n<p>La r\u00e9ponse est dans l&#8217;article \ud83d\ude42 J&#8217;ai une pr\u00e9f\u00e9rence pour le caramel, qui fonctionne \u00e0 chaque fois !<\/p>\n\n\n\n<h3 class=\"wp-block-heading\">Est-ce que cet attractif peut remplacer un app\u00e2t ?<\/h3>\n\n\n\n<p>Non, le <strong>RE-SCENT<\/strong> est un compl\u00e9ment. Mettez toujours un app\u00e2t dans vos pi\u00e8ges. Portez \u00e9galement des gants pour \u00e9viter que vos mains ne sentent le chorizo.<\/p>\n","protected":false},"excerpt":{"rendered":"<p>RE-SCENT, l&#8217;odeur qui attire les souris D\u00e9couvrez ce produit important lors d&#8217;une op\u00e9ration de d\u00e9ratisation : le RE-SCENT (fabrication anglaise). Nous le proposons en plusieurs parfums. Le caramel est notre pr\u00e9f\u00e9r\u00e9, car c&#8217;est l&#8217;odeur qui attire le plus les souris et les rats. RE-SCENT n&#8217;est pas un produit destin\u00e9 \u00e0 enlever l&#8217;odeur des souris. Pour [&hellip;]<\/p>\n","protected":false},"featured_media":5771,"comment_status":"open","ping_status":"closed","template":"","meta":[],"product_brand":[],"product_cat":[358],"product_tag":[],"class_list":{"0":"post-260","1":"product","2":"type-product","3":"status-publish","4":"has-post-thumbnail","6":"product_cat-attractif-rongeurs","8":"first","9":"instock","10":"taxable","11":"shipping-taxable","12":"purchasable","13":"product-type-variable"},"_links":{"self":[{"href":"https:\/\/www.ban-idf.com\/boutique\/wp-json\/wp\/v2\/product\/260","targetHints":{"allow":["GET"]}}],"collection":[{"href":"https:\/\/www.ban-idf.com\/boutique\/wp-json\/wp\/v2\/product"}],"about":[{"href":"https:\/\/www.ban-idf.com\/boutique\/wp-json\/wp\/v2\/types\/product"}],"replies":[{"embeddable":true,"href":"https:\/\/www.ban-idf.com\/boutique\/wp-json\/wp\/v2\/comments?post=260"}],"wp:featuredmedia":[{"embeddable":true,"href":"https:\/\/www.ban-idf.com\/boutique\/wp-json\/wp\/v2\/media\/5771"}],"wp:attachment":[{"href":"https:\/\/www.ban-idf.com\/boutique\/wp-json\/wp\/v2\/media?parent=260"}],"wp:term":[{"taxonomy":"product_brand","embeddable":true,"href":"https:\/\/www.ban-idf.com\/boutique\/wp-json\/wp\/v2\/product_brand?post=260"},{"taxonomy":"product_cat","embeddable":true,"href":"https:\/\/www.ban-idf.com\/boutique\/wp-json\/wp\/v2\/product_cat?post=260"},{"taxonomy":"product_tag","embeddable":true,"href":"https:\/\/www.ban-idf.com\/boutique\/wp-json\/wp\/v2\/product_tag?post=260"}],"curies":[{"name":"wp","href":"https:\/\/api.w.org\/{rel}","templated":true}]}}