{"id":258,"date":"2021-10-15T02:26:47","date_gmt":"2021-10-15T00:26:47","guid":{"rendered":"https:\/\/www.ban-idf.com\/boutique\/?post_type=product&#038;p=258"},"modified":"2024-10-03T16:55:56","modified_gmt":"2024-10-03T14:55:56","slug":"poste-dappatage-securise-pour-souris-snap-box","status":"publish","type":"product","link":"https:\/\/www.ban-idf.com\/boutique\/produit\/poste-dappatage-securise-pour-souris-snap-box\/","title":{"rendered":"Poste d\u2019app\u00e2tage s\u00e9curis\u00e9 pour souris SNAP BOX"},"content":{"rendered":"<h2>Un pi\u00e8ge \u00e0 souris s\u00e9curis\u00e9 ? Pourquoi faire ?<\/h2>\n<p>Vous \u00eates \u00e0 la recherche d&#8217;un <strong>pi\u00e8ge \u00e0 souris<\/strong> mais :<\/p>\n<ul>\n<li>vous avez des enfants en bas \u00e2ge qui courent partout et surtout qui touchent \u00e0 tout, comme les miens.<\/li>\n<li>vous avec un chien ou un chat gourmand qui pourraient \u00eatre attir\u00e9s par l&#8217;app\u00e2t se trouvant sur la tapette, comme le mien.<\/li>\n<li>vous voulez prot\u00e9ger votre pi\u00e8ge en ext\u00e9rieur pour ne pas blesser des oiseaux (c&#8217;est juste un exemple).<\/li>\n<\/ul>\n<p>Nous avons la solution ! Notre <strong>pi\u00e8ge \u00e0 souris s\u00e9curis\u00e9<\/strong> (une cl\u00e9 en plastique est fournie) contenant une tapette \u00e0 souris <strong>SNAPBOX<\/strong>.<\/p>\n<h2>Comment l&#8217;utiliser ce pi\u00e8ge \u00e0 souris ?<\/h2>\n<p style=\"text-align: left;\">L&#8217;utilisation de cet \u00e9quipement est <strong>facile<\/strong>. Il suffit de poser <strong>un app\u00e2t sur la tapette \u00e0 souris SNAPBOX<\/strong> comme du beurre de cacahu\u00e8te ou du Nutella (oubliez le fromage, \u00e7a ne marche que dans les cartoons), de l&#8217;armer et ensuite de la clipser dans le pi\u00e8ge transparent.<\/p>\n<p style=\"text-align: left;\">Fermer le poste et le poser dans une zone de passage des souris (dans la cuisine, derri\u00e8re un placard, sous l&#8217;\u00e9vier, derri\u00e8re une poubelle &#8230;).<\/p>\n<p>La transparence du poste vous permettra de contr\u00f4ler ais\u00e9ment la pr\u00e9sence d&#8217;une prise.<\/p>\n<h2>C&#8217;est vendu comment ?<\/h2>\n<p>Vous avez pour le prix affich\u00e9 : un poste transparent + une cl\u00e9 pour l&#8217;ouvrir et enfin une tapette \u00e0 souris.<\/p>\n<h2>S\u00e9curit\u00e9 ?<\/h2>\n<p>Pensez \u00e0 porter des gants lors de la manipulation de ce poste.<\/p>\n","protected":false},"excerpt":{"rendered":"<p>Un pi\u00e8ge \u00e0 souris s\u00e9curis\u00e9 ? Pourquoi faire ? Vous \u00eates \u00e0 la recherche d&#8217;un pi\u00e8ge \u00e0 souris mais : vous avez des enfants en bas \u00e2ge qui courent partout et surtout qui touchent \u00e0 tout, comme les miens. vous avec un chien ou un chat gourmand qui pourraient \u00eatre attir\u00e9s par l&#8217;app\u00e2t se trouvant [&hellip;]<\/p>\n","protected":false},"featured_media":5709,"comment_status":"open","ping_status":"closed","template":"","meta":[],"product_brand":[],"product_cat":[292],"product_tag":[219],"class_list":{"0":"post-258","1":"product","2":"type-product","3":"status-publish","4":"has-post-thumbnail","6":"product_cat-piege-a-souris-2","7":"product_tag-tapette-a-souris","9":"first","10":"instock","11":"taxable","12":"shipping-taxable","13":"purchasable","14":"product-type-simple"},"_links":{"self":[{"href":"https:\/\/www.ban-idf.com\/boutique\/wp-json\/wp\/v2\/product\/258","targetHints":{"allow":["GET"]}}],"collection":[{"href":"https:\/\/www.ban-idf.com\/boutique\/wp-json\/wp\/v2\/product"}],"about":[{"href":"https:\/\/www.ban-idf.com\/boutique\/wp-json\/wp\/v2\/types\/product"}],"replies":[{"embeddable":true,"href":"https:\/\/www.ban-idf.com\/boutique\/wp-json\/wp\/v2\/comments?post=258"}],"wp:featuredmedia":[{"embeddable":true,"href":"https:\/\/www.ban-idf.com\/boutique\/wp-json\/wp\/v2\/media\/5709"}],"wp:attachment":[{"href":"https:\/\/www.ban-idf.com\/boutique\/wp-json\/wp\/v2\/media?parent=258"}],"wp:term":[{"taxonomy":"product_brand","embeddable":true,"href":"https:\/\/www.ban-idf.com\/boutique\/wp-json\/wp\/v2\/product_brand?post=258"},{"taxonomy":"product_cat","embeddable":true,"href":"https:\/\/www.ban-idf.com\/boutique\/wp-json\/wp\/v2\/product_cat?post=258"},{"taxonomy":"product_tag","embeddable":true,"href":"https:\/\/www.ban-idf.com\/boutique\/wp-json\/wp\/v2\/product_tag?post=258"}],"curies":[{"name":"wp","href":"https:\/\/api.w.org\/{rel}","templated":true}]}}