{"id":256,"date":"2021-10-15T02:25:31","date_gmt":"2021-10-15T00:25:31","guid":{"rendered":"https:\/\/www.ban-idf.com\/boutique\/?post_type=product&#038;p=256"},"modified":"2024-10-03T16:55:57","modified_gmt":"2024-10-03T14:55:57","slug":"piege-a-rat-gorilla-trap","status":"publish","type":"product","link":"https:\/\/www.ban-idf.com\/boutique\/produit\/piege-a-rat-gorilla-trap\/","title":{"rendered":"Tapette \u00e0 rats Gorilla Traps"},"content":{"rendered":"<h2 style=\"text-align: left;\">La tapette \u00e0 rat Gorilla Trap, efficace et solide !<\/h2>\n<p>La <strong>tapette \u00e0 rats Gorilla Traps<\/strong> est con\u00e7ue pour un usage professionnel. Robuste et facile \u00e0 utiliser, nous vous la recommandons dans le cadre d&#8217;une lutte contre les rats. Elle est tr\u00e8s utilis\u00e9e dans l&#8217;industrie alimentaire, elle dispose d&#8217;un agr\u00e9ment AIB International et CE.<\/p>\n<p>La <strong>tapette \u00e0 rats Gorilla Traps<\/strong> ne contient aucun produit toxique.<\/p>\n<p>Elle int\u00e8gre un syst\u00e8me de r\u00e9glage de la sensibilit\u00e9 \u00e0 3 niveaux (pour les sp\u00e9cimens assez gros, privil\u00e9giez la position 3)<\/p>\n<p>Les composants utilis\u00e9s sont de qualit\u00e9 :<\/p>\n<ul>\n<li>le plastique est solide, dure dans le temps.<\/li>\n<li>l&#8217;acier est inoxydable, parfait pour un usage en ext\u00e9rieur.<\/li>\n<li>possibilit\u00e9 d&#8217;utiliser des app\u00e2ts artificiels aromatique Nara Lure, id\u00e9al pour la protection de l&#8217;environnement.<\/li>\n<\/ul>\n<p>Vous allez pouvoir r\u00e9guler la population de rats d&#8217;\u00e9gout ou de rat noirs (rats dans le grenier). Les rongeurs meurent sur le coup et sans souffrance. Ultra efficace !<\/p>\n<h3><strong>La Gorilla Trap est de fabrication Allemande !<\/strong><\/h3>\n<p><strong>Comment l&#8217;utiliser efficacement cette tapette ?<\/strong><\/p>\n<p>La mise en place est rapide et simple. Commencer par identifier le sp\u00e9cimen qui vous envahit \u00e0 l&#8217;aide d&#8217;indices (crottes) ou de photo que vous pouvez nous envoyer sur WhatsApp.<\/p>\n<p>Avant de manipuler le la <strong>tapette \u00e0 rats Gorilla Traps<\/strong>, veuillez mettre des gants. Les surmulots rats d&#8217;\u00e9gout sont ULTRA m\u00e9fiants. Ils poss\u00e8dent un odorat tr\u00e8s d\u00e9velopp\u00e9. Il faut imp\u00e9rativement \u00e9viter que la tapette soit impr\u00e9gn\u00e9e d&#8217;une odeur &#8220;humaine&#8221;, ils ne sont pas stupides !<\/p>\n<p>La <strong>Gorilla Trap<\/strong> n\u00e9cessite un app\u00e2t qui peut \u00eatre :<\/p>\n<ul>\n<li>App\u00e2ts leurres NARA LURE disponibles \u00e0 la vente dans notre boutique.<\/li>\n<li>Une noisette de beurre de cacahu\u00e8te ou de la p\u00e2te \u00e0 tartiner &#8220;NUTELLA&#8221;.<\/li>\n<\/ul>\n<p>Apr\u00e8s avoir pos\u00e9 l&#8217;app\u00e2t et r\u00e9gl\u00e9 le niveau de sensibilit\u00e9, il suffit d&#8217;armer le pi\u00e8ge et de le poser d\u00e9licatement dans une zone de passage confirm\u00e9e. Rien de compliqu\u00e9, non ?<\/p>\n<p>Ensuite il vous faudra un peu de patience, la lutte contre les rongeurs n\u00e9cessite du temps.<\/p>\n<p>Vous pouvez laver le pi\u00e8ge apr\u00e8s chaque prise, il est trait\u00e9 contre la rouille.<\/p>\n<p><strong><em>Tr\u00e8s important : La chasse aux rats est compliqu\u00e9e. Il vous faudra un peu de patience. Le rat est tr\u00e8s m\u00e9fiant. Nous vous recommandant d&#8217;utiliser un attractif <\/em><\/strong><a href=\"https:\/\/www.ban-idf.com\/boutique\/produit\/attractif-rescent-parfume-rats\/\" target=\"_blank\" rel=\"noopener noreferrer\"><strong>RE-SCENT<\/strong><\/a><strong><em> pour facilit\u00e9 la prise.<\/em><\/strong><\/p>\n<h3 style=\"text-align: center;\"><strong>Nous sommes des revendeurs officiels de la Tapette Gorilla Trap France !<\/strong><\/h3>\n<p><strong>Conditionnement :<\/strong><\/p>\n<p>Vendu en vrac.<\/p>\n<p><strong>Dimensions<\/strong> :<\/p>\n<p>140mm x 70mm<\/p>\n","protected":false},"excerpt":{"rendered":"<p>La tapette \u00e0 rat Gorilla Trap, efficace et solide ! La tapette \u00e0 rats Gorilla Traps est con\u00e7ue pour un usage professionnel. Robuste et facile \u00e0 utiliser, nous vous la recommandons dans le cadre d&#8217;une lutte contre les rats. Elle est tr\u00e8s utilis\u00e9e dans l&#8217;industrie alimentaire, elle dispose d&#8217;un agr\u00e9ment AIB International et CE. La [&hellip;]<\/p>\n","protected":false},"featured_media":5708,"comment_status":"open","ping_status":"closed","template":"","meta":[],"product_brand":[],"product_cat":[301],"product_tag":[],"class_list":{"0":"post-256","1":"product","2":"type-product","3":"status-publish","4":"has-post-thumbnail","6":"product_cat-tapette-a-rats","8":"first","9":"instock","10":"taxable","11":"shipping-taxable","12":"purchasable","13":"product-type-simple"},"_links":{"self":[{"href":"https:\/\/www.ban-idf.com\/boutique\/wp-json\/wp\/v2\/product\/256","targetHints":{"allow":["GET"]}}],"collection":[{"href":"https:\/\/www.ban-idf.com\/boutique\/wp-json\/wp\/v2\/product"}],"about":[{"href":"https:\/\/www.ban-idf.com\/boutique\/wp-json\/wp\/v2\/types\/product"}],"replies":[{"embeddable":true,"href":"https:\/\/www.ban-idf.com\/boutique\/wp-json\/wp\/v2\/comments?post=256"}],"wp:featuredmedia":[{"embeddable":true,"href":"https:\/\/www.ban-idf.com\/boutique\/wp-json\/wp\/v2\/media\/5708"}],"wp:attachment":[{"href":"https:\/\/www.ban-idf.com\/boutique\/wp-json\/wp\/v2\/media?parent=256"}],"wp:term":[{"taxonomy":"product_brand","embeddable":true,"href":"https:\/\/www.ban-idf.com\/boutique\/wp-json\/wp\/v2\/product_brand?post=256"},{"taxonomy":"product_cat","embeddable":true,"href":"https:\/\/www.ban-idf.com\/boutique\/wp-json\/wp\/v2\/product_cat?post=256"},{"taxonomy":"product_tag","embeddable":true,"href":"https:\/\/www.ban-idf.com\/boutique\/wp-json\/wp\/v2\/product_tag?post=256"}],"curies":[{"name":"wp","href":"https:\/\/api.w.org\/{rel}","templated":true}]}}