{"id":253,"date":"2021-10-15T02:23:39","date_gmt":"2021-10-15T00:23:39","guid":{"rendered":"https:\/\/www.ban-idf.com\/boutique\/?post_type=product&#038;p=253"},"modified":"2024-11-06T10:20:18","modified_gmt":"2024-11-06T09:20:18","slug":"nara-lure-artificiels-lot-par-3","status":"publish","type":"product","link":"https:\/\/www.ban-idf.com\/boutique\/produit\/nara-lure-artificiels-lot-par-3\/","title":{"rendered":"App\u00e2ts Artificiels Contre les Rats ou Souris (par 3)"},"content":{"rendered":"<h2 style=\"text-align: left;\">Un app\u00e2ts pour souris pas comme les autres !<\/h2>\n<p>Vous cherchez des <strong>app\u00e2ts<\/strong> qui peuvent tenir des mois et surtout r\u00e9utilisables ? Vous en avez marre de partager vos pots de nutella avec des souris ?<\/p>\n<p>Nous vous proposons nos app\u00e2ts artificiels <strong>Nara Lure<\/strong>. Ils sont adapt\u00e9s <strong>UNIQUEMENT\u00a0<\/strong>pour les tapettes \u00e0 souris <a href=\"https:\/\/www.ban-idf.com\/boutique\/produit\/tapette-a-souris-gorilla-trap\/\">Gorilla Trap.<\/a><\/p>\n<p>Il existe 5 aromes puissants, irr\u00e9sistibles et sans allerg\u00e8nes. Facile \u00e0 installer, ils sont efficaces car ils ils diffusent une odeur en continu pendant 3 mois (donn\u00e9es du fabricant).<\/p>\n<p>Pour la lutte contre les souris le Nara Lure saveur &#8220;Choco&#8221; est notre pr\u00e9f\u00e9r\u00e9, elles adorent son odeur.<\/p>\n<h2>Important !<\/h2>\n<p>Les app\u00e2ts Nara Lure ne sont pas des biocides. Vous pouvez les manipuler sans inqui\u00e9tude.<\/p>\n<p>Ne pas laver les app\u00e2ts Nara Lure, ils perdraient de leur efficacit\u00e9<\/p>\n<p>&nbsp;<\/p>\n","protected":false},"excerpt":{"rendered":"<p>Un app\u00e2ts pour souris pas comme les autres ! Vous cherchez des app\u00e2ts qui peuvent tenir des mois et surtout r\u00e9utilisables ? Vous en avez marre de partager vos pots de nutella avec des souris ? Nous vous proposons nos app\u00e2ts artificiels Nara Lure. Ils sont adapt\u00e9s UNIQUEMENT\u00a0pour les tapettes \u00e0 souris Gorilla Trap. Il [&hellip;]<\/p>\n","protected":false},"featured_media":5634,"comment_status":"open","ping_status":"closed","template":"","meta":[],"product_brand":[],"product_cat":[294],"product_tag":[],"class_list":{"0":"post-253","1":"product","2":"type-product","3":"status-publish","4":"has-post-thumbnail","6":"product_cat-tapette-a-souris-2","8":"first","9":"instock","10":"taxable","11":"shipping-taxable","12":"purchasable","13":"product-type-simple"},"_links":{"self":[{"href":"https:\/\/www.ban-idf.com\/boutique\/wp-json\/wp\/v2\/product\/253","targetHints":{"allow":["GET"]}}],"collection":[{"href":"https:\/\/www.ban-idf.com\/boutique\/wp-json\/wp\/v2\/product"}],"about":[{"href":"https:\/\/www.ban-idf.com\/boutique\/wp-json\/wp\/v2\/types\/product"}],"replies":[{"embeddable":true,"href":"https:\/\/www.ban-idf.com\/boutique\/wp-json\/wp\/v2\/comments?post=253"}],"wp:featuredmedia":[{"embeddable":true,"href":"https:\/\/www.ban-idf.com\/boutique\/wp-json\/wp\/v2\/media\/5634"}],"wp:attachment":[{"href":"https:\/\/www.ban-idf.com\/boutique\/wp-json\/wp\/v2\/media?parent=253"}],"wp:term":[{"taxonomy":"product_brand","embeddable":true,"href":"https:\/\/www.ban-idf.com\/boutique\/wp-json\/wp\/v2\/product_brand?post=253"},{"taxonomy":"product_cat","embeddable":true,"href":"https:\/\/www.ban-idf.com\/boutique\/wp-json\/wp\/v2\/product_cat?post=253"},{"taxonomy":"product_tag","embeddable":true,"href":"https:\/\/www.ban-idf.com\/boutique\/wp-json\/wp\/v2\/product_tag?post=253"}],"curies":[{"name":"wp","href":"https:\/\/api.w.org\/{rel}","templated":true}]}}