{"id":2014,"date":"2022-12-23T21:23:15","date_gmt":"2022-12-23T20:23:15","guid":{"rendered":"https:\/\/www.ban-idf.com\/boutique\/?post_type=product&#038;p=2014"},"modified":"2024-12-11T19:52:45","modified_gmt":"2024-12-11T18:52:45","slug":"diffuseur-automatique-protecta-insecticide","status":"publish","type":"product","link":"https:\/\/www.ban-idf.com\/boutique\/produit\/diffuseur-automatique-protecta-insecticide\/","title":{"rendered":"Diffuseur automatique et programmable d&#8217;insecticide"},"content":{"rendered":"\n<h2 class=\"wp-block-heading\">Un diffuseur d&#8217;insecticide pour lutter contres les insectes volants et rampants !<\/h2>\n\n\n\n<p>Votre maison est envahie d&#8217;insectes du type : moustiques, mouches, moucherons, araign\u00e9es, cafards, blattes germaniques, fourmis, puces ? Vous \u00eates restaurateur est vous en avez marre de voir des moucherons qui ne veulent plus quitter la cuisine de votre \u00e9tablissement ?<\/p>\n\n\n\n<p class=\"has-text-align-center\"><strong>Nous avons pour vous la solution miracle ! Un diffuseur automatique et programmable d&#8217;insecticide ultra puissant.<\/strong><\/p>\n\n\n\n<p>La <strong>bombe d&#8217;insecticide<\/strong> maison propos\u00e9e par Protecta poss\u00e8de une formulation \u00e0 large spectre qui va permettre d&#8217;\u00e9liminer des nuisibles volants ou rampants. Le pyr\u00e8thre naturel est un insecticide qui<\/p>\n\n\n\n<p>Ce diffuseur peut \u00eatre install\u00e9 en ext\u00e9rieur, ce qui vous permettra de cr\u00e9er une barri\u00e8re r\u00e9pulsive tout autour de vous. Profitez d&#8217;un \u00e9t\u00e9 sans insectes le soir dans votre jardin.<\/p>\n\n\n\n<h2 class=\"wp-block-heading\">Comment fonctionne le diffuseur automatique d&#8217;insecticide ?<\/h2>\n\n\n\n<p>La marque Protecta a d\u00e9velopp\u00e9 ce boitier qui a la particularit\u00e9 de poss\u00e9der une t\u00e9l\u00e9commande qui va vous permettre de r\u00e9gler la diffusion : de 1 \u00e0 3 projections toutes les 7, 15 ou 30 minutes ce qui suffit amplement pour traiter une surface de 40m2 en int\u00e9rieur et 20m2 en ext\u00e9rieur.<\/p>\n\n\n\n<p>Son installation est simple, vous pouvez le fixer au mur (les vis et chevilles sont fournies) ou bien le poser en hauteur sur une \u00e9tag\u00e8re par exemple.<\/p>\n\n\n\n<h2 class=\"wp-block-heading\">Pr\u00e9sentation du pack :<\/h2>\n\n\n\n<p>Nous vous proposons un kit comprenant :<\/p>\n\n\n\n<ul class=\"wp-block-list\">\n<li>Le diffuseur automatique de la marque Protecta, une t\u00e9l\u00e9commande qui permet de programm\u00e9e les jets et aussi l&#8217;intensit\u00e9 et 2 piles AA.<\/li>\n\n\n\n<li>Une bombe d&#8217;insecticide \u00e0 base de pyr\u00e8thre naturel.<\/li>\n<\/ul>\n\n\n\n<p>Nous vendons aussi les recharges pour ce kit \u00e0 d\u00e9couvrir ici :<\/p>\n\n\n\n<h2 class=\"wp-block-heading\">Composition :<\/h2>\n\n\n\n<p>Bloc paraffin\u00e9 rodonticide contenant 0,0025% p\/p difenacoum et agent am\u00e9risant.<\/p>\n\n\n\n<h2 class=\"wp-block-heading\">Danger :<\/h2>\n\n\n\n<p>Nous vous d\u00e9conseillons d&#8217;installer ce diffuseur dans des petites petites pi\u00e8ces ne disposant pas d&#8217;appel d&#8217;air.<\/p>\n\n\n\n<p>Pensez \u00e0 lire la notice de cette bombe d&#8217;insecticide maison avant de l&#8217;installer. Nous restons a votre disposition si vous avez besoins de conseils.<\/p>\n\n\n\n<p class=\"has-text-align-center\"><strong>Centres Anti poison : INRS 01 45 42 59 59<\/strong><\/p>\n\n\n\n<p>Un peu de lecture (avis) :<\/p>\n\n\n\n<p><a href=\"https:\/\/www.ban-idf.com\/boutique\/comment-se-debarrasser-des-moucherons-guide-complet\/\"><strong>Comment se D\u00e9barrasser des Moucherons ?<\/strong><\/a><\/p>\n\n\n\n<h2 class=\"wp-block-heading\">T\u00e9l\u00e9chargement :<\/h2>\n\n\n\n<p><a href=\"https:\/\/www.ban-idf.com\/boutique\/wp-admin\/images\/ft-armosa-aedex-probloc-25.pdf\">Fiche Technique<\/a> &#8211; <a href=\"https:\/\/www.ban-idf.com\/boutique\/wp-admin\/images\/rd-dif-90007-90008-90009-90109-91001-fds-stelliox-25.pdf\">Fiche de Donn\u00e9es de S\u00e9curit\u00e9<\/a><\/p>\n","protected":false},"excerpt":{"rendered":"<p>Un diffuseur d&#8217;insecticide pour lutter contres les insectes volants et rampants ! Votre maison est envahie d&#8217;insectes du type : moustiques, mouches, moucherons, araign\u00e9es, cafards, blattes germaniques, fourmis, puces ? Vous \u00eates restaurateur est vous en avez marre de voir des moucherons qui ne veulent plus quitter la cuisine de votre \u00e9tablissement ? Nous avons [&hellip;]<\/p>\n","protected":false},"featured_media":5666,"comment_status":"open","ping_status":"closed","template":"","meta":[],"product_brand":[],"product_cat":[313],"product_tag":[],"class_list":{"0":"post-2014","1":"product","2":"type-product","3":"status-publish","4":"has-post-thumbnail","6":"product_cat-insecticide-moucherons","8":"first","9":"instock","10":"taxable","11":"shipping-taxable","12":"purchasable","13":"product-type-simple"},"_links":{"self":[{"href":"https:\/\/www.ban-idf.com\/boutique\/wp-json\/wp\/v2\/product\/2014","targetHints":{"allow":["GET"]}}],"collection":[{"href":"https:\/\/www.ban-idf.com\/boutique\/wp-json\/wp\/v2\/product"}],"about":[{"href":"https:\/\/www.ban-idf.com\/boutique\/wp-json\/wp\/v2\/types\/product"}],"replies":[{"embeddable":true,"href":"https:\/\/www.ban-idf.com\/boutique\/wp-json\/wp\/v2\/comments?post=2014"}],"wp:featuredmedia":[{"embeddable":true,"href":"https:\/\/www.ban-idf.com\/boutique\/wp-json\/wp\/v2\/media\/5666"}],"wp:attachment":[{"href":"https:\/\/www.ban-idf.com\/boutique\/wp-json\/wp\/v2\/media?parent=2014"}],"wp:term":[{"taxonomy":"product_brand","embeddable":true,"href":"https:\/\/www.ban-idf.com\/boutique\/wp-json\/wp\/v2\/product_brand?post=2014"},{"taxonomy":"product_cat","embeddable":true,"href":"https:\/\/www.ban-idf.com\/boutique\/wp-json\/wp\/v2\/product_cat?post=2014"},{"taxonomy":"product_tag","embeddable":true,"href":"https:\/\/www.ban-idf.com\/boutique\/wp-json\/wp\/v2\/product_tag?post=2014"}],"curies":[{"name":"wp","href":"https:\/\/api.w.org\/{rel}","templated":true}]}}