{"id":2004,"date":"2022-12-22T18:47:46","date_gmt":"2022-12-22T17:47:46","guid":{"rendered":"https:\/\/www.ban-idf.com\/boutique\/?post_type=product&#038;p=2004"},"modified":"2024-10-03T16:55:53","modified_gmt":"2024-10-03T14:55:53","slug":"repulsif-chien-exterieur-puissant-protecta","status":"publish","type":"product","link":"https:\/\/www.ban-idf.com\/boutique\/produit\/repulsif-chien-exterieur-puissant-protecta\/","title":{"rendered":"R\u00e9pulsif chien ext\u00e9rieur puissant Protecta"},"content":{"rendered":"<h1>Un r\u00e9pulsif pour chien en spray \u00e0 usage en ext\u00e9rieur<\/h1>\n<p>Dissuadez les chiens ind\u00e9sirables de fouiller ou d&#8217;endommager votre espace ext\u00e9rieur avec notre r\u00e9pulsif pour chien en spray. Avec une contenance g\u00e9n\u00e9reuse de 1 litre, ce spray offre une solution durable et efficace pour prot\u00e9ger vos espaces verts.<\/p>\n<h3>Caract\u00e9ristiques :<\/h3>\n<p>Con\u00e7u pour r\u00e9sister aux intemp\u00e9ries, le r\u00e9pulsif maintient son efficacit\u00e9 m\u00eame apr\u00e8s une l\u00e9g\u00e8re pluie. Gr\u00e2ce \u00e0 son pulv\u00e9risateur pratique, appliquez le r\u00e9pulsif uniform\u00e9ment sur les zones que vous souhaitez prot\u00e9ger.<\/p>\n<p>Bien qu&#8217;efficace, la formule est con\u00e7ue pour \u00eatre sans danger pour les chiens. Il les repousse sans leur causer de tort.<\/p>\n","protected":false},"excerpt":{"rendered":"<p>Un r\u00e9pulsif pour chien en spray \u00e0 usage en ext\u00e9rieur Dissuadez les chiens ind\u00e9sirables de fouiller ou d&#8217;endommager votre espace ext\u00e9rieur avec notre r\u00e9pulsif pour chien en spray. Avec une contenance g\u00e9n\u00e9reuse de 1 litre, ce spray offre une solution durable et efficace pour prot\u00e9ger vos espaces verts. Caract\u00e9ristiques : Con\u00e7u pour r\u00e9sister aux intemp\u00e9ries, [&hellip;]<\/p>\n","protected":false},"featured_media":5783,"comment_status":"open","ping_status":"closed","template":"","meta":[],"product_brand":[],"product_cat":[15],"product_tag":[],"class_list":{"0":"post-2004","1":"product","2":"type-product","3":"status-publish","4":"has-post-thumbnail","6":"product_cat-non-classe","8":"first","9":"instock","10":"taxable","11":"shipping-taxable","12":"purchasable","13":"product-type-simple"},"_links":{"self":[{"href":"https:\/\/www.ban-idf.com\/boutique\/wp-json\/wp\/v2\/product\/2004","targetHints":{"allow":["GET"]}}],"collection":[{"href":"https:\/\/www.ban-idf.com\/boutique\/wp-json\/wp\/v2\/product"}],"about":[{"href":"https:\/\/www.ban-idf.com\/boutique\/wp-json\/wp\/v2\/types\/product"}],"replies":[{"embeddable":true,"href":"https:\/\/www.ban-idf.com\/boutique\/wp-json\/wp\/v2\/comments?post=2004"}],"wp:featuredmedia":[{"embeddable":true,"href":"https:\/\/www.ban-idf.com\/boutique\/wp-json\/wp\/v2\/media\/5783"}],"wp:attachment":[{"href":"https:\/\/www.ban-idf.com\/boutique\/wp-json\/wp\/v2\/media?parent=2004"}],"wp:term":[{"taxonomy":"product_brand","embeddable":true,"href":"https:\/\/www.ban-idf.com\/boutique\/wp-json\/wp\/v2\/product_brand?post=2004"},{"taxonomy":"product_cat","embeddable":true,"href":"https:\/\/www.ban-idf.com\/boutique\/wp-json\/wp\/v2\/product_cat?post=2004"},{"taxonomy":"product_tag","embeddable":true,"href":"https:\/\/www.ban-idf.com\/boutique\/wp-json\/wp\/v2\/product_tag?post=2004"}],"curies":[{"name":"wp","href":"https:\/\/api.w.org\/{rel}","templated":true}]}}