{"id":2001,"date":"2022-12-25T02:37:16","date_gmt":"2022-12-25T01:37:16","guid":{"rendered":"https:\/\/www.ban-idf.com\/boutique\/?post_type=product&#038;p=2001"},"modified":"2024-10-09T00:38:59","modified_gmt":"2024-10-08T22:38:59","slug":"glue-pour-faire-un-piege-collant-a-souris-et-rats","status":"publish","type":"product","link":"https:\/\/www.ban-idf.com\/boutique\/produit\/glue-pour-faire-un-piege-collant-a-souris-et-rats\/","title":{"rendered":"Glue pour faire un pi\u00e8ge collant \u00e0 souris et rats"},"content":{"rendered":"\n<h2 class=\"wp-block-heading\">Fabriquez votre pi\u00e8ge collant pour souris et rats facilement<\/h2>\n\n\n\n<p>Vous avez une <strong>infestation de rats ou de souris<\/strong> ? Vous voulez traiter par vous m\u00eame ce probl\u00e8me de nuisible ? Et vous cherchez le meilleur moyen pour en finir ?<\/p>\n\n\n\n<p>Venez tester notre super glue, <strong>RODI CLAC<\/strong> pour fabriquer votre propre <strong>pi\u00e8ge collant pour souris et rats.<\/strong> Vous ne r\u00eavez pas, vous allez pouvoir fabriquer et pi\u00e9ger l&#8217;intrus qui ronge tout dans votre maison.<\/p>\n\n\n<div class=\"wp-block-image\">\n<figure class=\"aligncenter size-full is-resized\"><img fetchpriority=\"high\" decoding=\"async\" width=\"1000\" height=\"563\" src=\"https:\/\/www.ban-idf.com\/boutique\/wp-content\/uploads\/2022\/12\/piege-a-rat-collant.jpg\" alt=\"piege a rat collant\" class=\"wp-image-7585\" style=\"aspect-ratio:16\/9;object-fit:cover;width:600px\" srcset=\"https:\/\/www.ban-idf.com\/boutique\/wp-content\/uploads\/2022\/12\/piege-a-rat-collant.jpg 1000w, https:\/\/www.ban-idf.com\/boutique\/wp-content\/uploads\/2022\/12\/piege-a-rat-collant-300x169.jpg 300w, https:\/\/www.ban-idf.com\/boutique\/wp-content\/uploads\/2022\/12\/piege-a-rat-collant-768x432.jpg 768w, https:\/\/www.ban-idf.com\/boutique\/wp-content\/uploads\/2022\/12\/piege-a-rat-collant-600x338.jpg 600w\" sizes=\"(max-width: 1000px) 100vw, 1000px\" \/><figcaption class=\"wp-element-caption\">Glu pour fabriquer un pi\u00e8ge \u00e0 rat !<\/figcaption><\/figure>\n<\/div>\n\n\n<p>Ce tube de colle est magnifique ! Nous l&#8217;utilisons pour fabriquer des pi\u00e8ges \u00e0 colle sur mesure. Imaginez la pr\u00e9sence d&#8217;un rat qui sort des \u00e9gouts et viens ensuite se balader dans votre jardin. Et pour finir trouve le moyen de rentrer chez vous (souvent par les canalisation d&#8217;eau). Pas g\u00e9nial.<\/p>\n\n\n\n<p>Avec la super colle <strong>RODI CLAC<\/strong> pour rats et souris, l&#8217;ennemie sera pris au pi\u00e8ge.<\/p>\n\n\n\n<h3 class=\"wp-block-heading\">Economique<\/h3>\n\n\n\n<p>Le <strong>RODI CLAC<\/strong> vous permettra de faire des \u00e9conomies, car les pi\u00e8ges collants sont un peu plus chers. <\/p>\n\n\n\n<h2 class=\"wp-block-heading\">Comment fabriquer son propre pi\u00e8ge collant anti souris et anti rats ?<\/h2>\n\n\n\n<p>Avant de vous lancer dans le bricolage d&#8217;un <strong>pi\u00e8ge collant anti-rats<\/strong>, il vous faudra une paire de <strong>gants en vinyle<\/strong> pour prot\u00e9ger vos mains.<\/p>\n\n\n\n<p>Il vous faut un <strong>carton \u00e9pais<\/strong> ou une <strong>planche de bois<\/strong> pas trop \u00e9paisse. La taille des <strong>plaques<\/strong> d\u00e9pendra du <strong>rongeur cibl\u00e9<\/strong>.<\/p>\n\n\n<div class=\"wp-block-image\">\n<figure class=\"aligncenter size-full is-resized\"><img decoding=\"async\" width=\"600\" height=\"800\" src=\"https:\/\/www.ban-idf.com\/boutique\/wp-content\/uploads\/2022\/12\/piege-a-rat-collant-2.webp\" alt=\"piege a rat collant\" class=\"wp-image-4236\" style=\"width:500px\" srcset=\"https:\/\/www.ban-idf.com\/boutique\/wp-content\/uploads\/2022\/12\/piege-a-rat-collant-2.webp 600w, https:\/\/www.ban-idf.com\/boutique\/wp-content\/uploads\/2022\/12\/piege-a-rat-collant-2-225x300.webp 225w\" sizes=\"(max-width: 600px) 100vw, 600px\" \/><\/figure>\n<\/div>\n\n\n<p>Ouvrez le <strong>tube de colle<\/strong> et faites des <strong>zigzags<\/strong> espac\u00e9s de 5 cm. \u00c0 l&#8217;aide d&#8217;un morceau de <strong>carton<\/strong>, \u00e9talez la <strong>colle<\/strong> sur toute la surface du <strong>pi\u00e8ge<\/strong>.<\/p>\n\n\n\n<p>Rien de compliqu\u00e9. Vous pouvez ajouter un <strong>app\u00e2t<\/strong> (graines de riz, brisures de biscuit, etc.) pour attirer les <strong>rongeurs<\/strong>.<\/p>\n\n\n\n<p>Placez ensuite la <strong>plaque<\/strong> contre un mur dans une zone de passage.<\/p>\n\n\n\n<p>Bonne chasse !<\/p>\n\n\n\n<h3 class=\"wp-block-heading\">Facile ou difficile ?<\/h3>\n\n\n\n<p>Ce produit est recommand\u00e9 aux bricoleurs !<\/p>\n\n\n\n<h2 class=\"wp-block-heading\">Vous avez la flemme de bricoler un pi\u00e8ge \u00e0 rat ? On a la solution !<\/h2>\n\n\n\n<p>D\u00e9couvrez notre pi\u00e8ge \u00e0 rats collant pr\u00e9f\u00e9r\u00e9 : <a href=\"https:\/\/www.ban-idf.com\/boutique\/produit\/le-piege-a-rat-collant-catchmaster-24grb\/\">Pi\u00e8ge \u00e0 rats collant CATCHMASTER 24GRB<\/a><\/p>\n\n\n\n<h2 class=\"wp-block-heading\">Contenance :<\/h2>\n\n\n\n<p>Le tube contient 135g de glue.<\/p>\n\n\n\n<h2 class=\"wp-block-heading\">Vos questions, nos r\u00e9ponses<\/h2>\n\n\n\n<h4 class=\"wp-block-heading\">J&#8217;ai un chien tr\u00e8s curieux, cette glue est-elle dangereuse pour lui ?<\/h4>\n\n\n\n<p>Si vous comptez placer vos pi\u00e8ges dans des pi\u00e8ces o\u00f9 votre chien a acc\u00e8s, oui c&#8217;est dangereux pour lui. Privil\u00e9giez les poison anti souris.<\/p>\n\n\n\n<h4 class=\"wp-block-heading\">J&#8217;ai des cafards, est-ce que votre colle marche avec ces insectes ?<\/h4>\n\n\n\n<p>Vous pouvez utiliser cette glue pour pi\u00e9ger des insectes comme les cafards, les blattes germaniques, les poissons d&#8217;argents, ets &#8230;<\/p>\n","protected":false},"excerpt":{"rendered":"<p>Fabriquez votre pi\u00e8ge collant pour souris et rats facilement Vous avez une infestation de rats ou de souris ? Vous voulez traiter par vous m\u00eame ce probl\u00e8me de nuisible ? Et vous cherchez le meilleur moyen pour en finir ? Venez tester notre super glue, RODI CLAC pour fabriquer votre propre pi\u00e8ge collant pour souris [&hellip;]<\/p>\n","protected":false},"featured_media":5724,"comment_status":"open","ping_status":"closed","template":"","meta":[],"product_brand":[],"product_cat":[295],"product_tag":[],"class_list":{"0":"post-2001","1":"product","2":"type-product","3":"status-publish","4":"has-post-thumbnail","6":"product_cat-piege-a-rat-collant","8":"first","9":"instock","10":"taxable","11":"shipping-taxable","12":"purchasable","13":"product-type-simple"},"_links":{"self":[{"href":"https:\/\/www.ban-idf.com\/boutique\/wp-json\/wp\/v2\/product\/2001","targetHints":{"allow":["GET"]}}],"collection":[{"href":"https:\/\/www.ban-idf.com\/boutique\/wp-json\/wp\/v2\/product"}],"about":[{"href":"https:\/\/www.ban-idf.com\/boutique\/wp-json\/wp\/v2\/types\/product"}],"replies":[{"embeddable":true,"href":"https:\/\/www.ban-idf.com\/boutique\/wp-json\/wp\/v2\/comments?post=2001"}],"wp:featuredmedia":[{"embeddable":true,"href":"https:\/\/www.ban-idf.com\/boutique\/wp-json\/wp\/v2\/media\/5724"}],"wp:attachment":[{"href":"https:\/\/www.ban-idf.com\/boutique\/wp-json\/wp\/v2\/media?parent=2001"}],"wp:term":[{"taxonomy":"product_brand","embeddable":true,"href":"https:\/\/www.ban-idf.com\/boutique\/wp-json\/wp\/v2\/product_brand?post=2001"},{"taxonomy":"product_cat","embeddable":true,"href":"https:\/\/www.ban-idf.com\/boutique\/wp-json\/wp\/v2\/product_cat?post=2001"},{"taxonomy":"product_tag","embeddable":true,"href":"https:\/\/www.ban-idf.com\/boutique\/wp-json\/wp\/v2\/product_tag?post=2001"}],"curies":[{"name":"wp","href":"https:\/\/api.w.org\/{rel}","templated":true}]}}