{"id":1998,"date":"2022-12-25T01:01:38","date_gmt":"2022-12-25T00:01:38","guid":{"rendered":"https:\/\/www.ban-idf.com\/boutique\/?post_type=product&#038;p=1998"},"modified":"2024-10-03T16:51:14","modified_gmt":"2024-10-03T14:51:14","slug":"bombe-insecticide-volant-et-rampants-500m","status":"publish","type":"product","link":"https:\/\/www.ban-idf.com\/boutique\/produit\/bombe-insecticide-volant-et-rampants-500m\/","title":{"rendered":"Bombe insecticide Volant et Rampants 500ml"},"content":{"rendered":"<h1 style=\"text-align: center;\">Vous cherchez une bombe insecticide qui tue tout ?<\/h1>\n<p>Armosa nous propose ce produit, <strong>Rampants &amp; Volants<\/strong> qui est une <strong>bombe d&#8217;insecticide<\/strong> con\u00e7ue pour \u00e9radiquer un large spectres d&#8217;insectes.<\/p>\n<p>L&#8217;effet choc de cet a\u00e9rosol est ultra efficace (beaucoup plus que les a\u00e9rosols que vous allez trouver dans les grandes surfaces).<\/p>\n<ul>\n<li>Bombe anti puce de maison<\/li>\n<li>Bombe anti acariens<\/li>\n<li>Bombe anti cafards<\/li>\n<li>Bombe anti gu\u00eapes ou frelons<\/li>\n<li>Bombe anti moucherons<\/li>\n<li>Bombe anti araign\u00e9es<\/li>\n<\/ul>\n<p>Vous l&#8217;aurez compris, avec ce produit vous allez en faire des victimes et surtout ne le comparez pas aux a\u00e9rosols que l&#8217;on trouve dans les magasins de grande distribution(Carrefour, Castorama, Leroy Merlin &#8230;) qui ne sont pas aussi efficaces.<\/p>\n<h2>Conseils d&#8217;utilisation :<\/h2>\n<p>L&#8217;utilisation de cette bombe d&#8217;insecticide n&#8217;est pas tr\u00e8s compliqu\u00e9e, il suffit juste de pulv\u00e9riser sur la cible pendant 5 secondes avec une distance de s\u00e9curit\u00e9 de 1O cm. La mort n&#8217;est pas instantan\u00e9 mais elle arrive tr\u00e8s vite.<\/p>\n<h2>Composition :<\/h2>\n<p>Piperonyl butoxyde 2.24% m\/m<br \/>\nD-trans t\u00e9tram\u00e9thrine 0.19% m\/m<br \/>\n1R-trans phenothrin 0.07% m\/m<\/p>\n<h2>Contenance :<\/h2>\n<p>La bombe d&#8217;insecticide Volants et Rampants de la marque Armosa contient 500ml de produits. Suffisant pour vous prot\u00e9ger votre maison pendant des mois.<\/p>\n<h2>Danger :<\/h2>\n<p>Rappel tr\u00e8s important : Ne pas pulv\u00e9riser \u00e0 proximit\u00e9 d&#8217;appareils \u00e9lectriques sous tension et de denr\u00e9es alimentaires.<\/p>\n<p>En cas de consultation d&#8217;un m\u00e9decin, garder \u00e0 disposition le r\u00e9cipient ou l&#8217;\u00e9tiquette. Tenir hors de port\u00e9e des enfants. Consulter un m\u00e9decin en cas de malaise.<\/p>\n<p>Eliminer cette bombe d&#8217;insecticide dans un centre de collecte de d\u00e9chets dangereux ou sp\u00e9ciaux, conform\u00e9ment \u00e0 la r\u00e9glementation locale.<\/p>\n<p><strong>Centres Anti poison : INRS 01 45 42 59 59<\/strong><\/p>\n<h2>Vos questions, nos r\u00e9ponses :<\/h2>\n<h4>Est-ce c&#8217;est un fumig\u00e8ne \u00e0 souris ?<\/h4>\n<p>Bonjour, cette bombe d&#8217;insecticide n&#8217;est pas un fumig\u00e8ne pour tuer une souris. Elle sert uniquement \u00e0 \u00e9liminer des insectes volants ou rampants. Pour r\u00e9gler un probl\u00e8me de souris, nous vous recommandons ce <a href=\"https:\/\/www.ban-idf.com\/boutique\/produit\/aedex-pasta-25-poison-pour-souris-et-rat\/\">poison pour souris<\/a>.<\/p>\n<h4>Je peux utiliser ce produit en ext\u00e9rieur contre des moustiques ?<\/h4>\n<p>Cette a\u00e9rosol insecticide peut \u00e9videment \u00eatre utilis\u00e9 en ext\u00e9rieur pour \u00e9liminer les moustiques qui vous agresses dans votre jardin. Sa formule est foudroyante contre ce type d&#8217;insecte volant.<\/p>\n<h2>T\u00e9l\u00e9chargement :<\/h2>\n<p><a href=\"ftp:\/\/ghariboulehibou@ftp.flexone.cloud\/sites\/ban-idf.com\/wp-content\/FDS\/ft-armosa-aerosol-volant-rampant-15052020-.pdf\" target=\"_blank\" rel=\"noopener noreferrer\">Fiche Technique<\/a> &#8211; <a href=\"ftp:\/\/ghariboulehibou@ftp.flexone.cloud\/sites\/ban-idf.com\/wp-content\/FDS\/fds-aerosol-volants-rampants.pdf\" target=\"_blank\" rel=\"noopener noreferrer\">Fiche de Donn\u00e9es de S\u00e9curit\u00e9<\/a><\/p>\n","protected":false},"excerpt":{"rendered":"<p>Vous cherchez une bombe insecticide qui tue tout ? Armosa nous propose ce produit, Rampants &amp; Volants qui est une bombe d&#8217;insecticide con\u00e7ue pour \u00e9radiquer un large spectres d&#8217;insectes. L&#8217;effet choc de cet a\u00e9rosol est ultra efficace (beaucoup plus que les a\u00e9rosols que vous allez trouver dans les grandes surfaces). Bombe anti puce de maison [&hellip;]<\/p>\n","protected":false},"featured_media":5730,"comment_status":"open","ping_status":"closed","template":"","meta":[],"product_brand":[],"product_cat":[320],"product_tag":[],"class_list":{"0":"post-1998","1":"product","2":"type-product","3":"status-publish","4":"has-post-thumbnail","6":"product_cat-insecticide-mouches","8":"first","9":"instock","10":"taxable","11":"shipping-taxable","12":"purchasable","13":"product-type-simple"},"_links":{"self":[{"href":"https:\/\/www.ban-idf.com\/boutique\/wp-json\/wp\/v2\/product\/1998","targetHints":{"allow":["GET"]}}],"collection":[{"href":"https:\/\/www.ban-idf.com\/boutique\/wp-json\/wp\/v2\/product"}],"about":[{"href":"https:\/\/www.ban-idf.com\/boutique\/wp-json\/wp\/v2\/types\/product"}],"replies":[{"embeddable":true,"href":"https:\/\/www.ban-idf.com\/boutique\/wp-json\/wp\/v2\/comments?post=1998"}],"wp:featuredmedia":[{"embeddable":true,"href":"https:\/\/www.ban-idf.com\/boutique\/wp-json\/wp\/v2\/media\/5730"}],"wp:attachment":[{"href":"https:\/\/www.ban-idf.com\/boutique\/wp-json\/wp\/v2\/media?parent=1998"}],"wp:term":[{"taxonomy":"product_brand","embeddable":true,"href":"https:\/\/www.ban-idf.com\/boutique\/wp-json\/wp\/v2\/product_brand?post=1998"},{"taxonomy":"product_cat","embeddable":true,"href":"https:\/\/www.ban-idf.com\/boutique\/wp-json\/wp\/v2\/product_cat?post=1998"},{"taxonomy":"product_tag","embeddable":true,"href":"https:\/\/www.ban-idf.com\/boutique\/wp-json\/wp\/v2\/product_tag?post=1998"}],"curies":[{"name":"wp","href":"https:\/\/api.w.org\/{rel}","templated":true}]}}