{"id":1304,"date":"2022-06-27T22:11:59","date_gmt":"2022-06-27T20:11:59","guid":{"rendered":"https:\/\/www.ban-idf.com\/boutique\/?post_type=product&#038;p=1304"},"modified":"2025-11-25T00:09:29","modified_gmt":"2025-11-24T23:09:29","slug":"3-fumigenes-le-tueur-de-punaises-de-lit","status":"publish","type":"product","link":"https:\/\/www.ban-idf.com\/boutique\/produit\/3-fumigenes-le-tueur-de-punaises-de-lit\/","title":{"rendered":"Lot de 3 fumig\u00e8nes Profyr 15g le tueur de punaises de lit"},"content":{"rendered":"<h2 style=\"text-align: left;\">Lot de 3 fumig\u00e8nes pour Punaises de lit<\/h2>\n<p>Vous avez des <strong>punaises de lit<\/strong> qui vous piques ou vous mordre la nuit ? Vous en pouvez plus ? Nous avons pour vous un fumig\u00e8ne ultra efficace.<\/p>\n<p>Nous vous recommandons de l&#8217;utiliser en compl\u00e9ment d&#8217;une pulv\u00e9risation d&#8217;insecticide <a href=\"https:\/\/www.ban-idf.com\/boutique\/produit\/insecticide-aedex-ec-100ml\/\">Aedex Ec<\/a>. Le fumig\u00e8ne aura un effet &#8220;One Shot&#8221; sur les punaises de lit alors que l&#8217;<a href=\"https:\/\/www.ban-idf.com\/boutique\/produit\/insecticide-aedex-ec-100ml\/\">Aedex Ec<\/a> poss\u00e8de une r\u00e9manence dans le temps (15 jours).<\/p>\n<h2>Utilisation :<\/h2>\n<p>Le fumig\u00e8ne Profyr 15g, le tueur de punaises de lit est tr\u00e8s simple \u00e0 utiliser. Il suffit de verser de l&#8217;eau froide dans le r\u00e9cipient jusqu&#8217;au niveau indiqu\u00e9.<\/p>\n<p>Placez le r\u00e9cipient au milieu de la pi\u00e8ce \u00e0 traiter. Ensuite d\u00e9poser la capsule dans le r\u00e9cipient. La diffusion se d\u00e9clenchera au contact avec l&#8217;eau.<\/p>\n<p>Pensez \u00e0 poser une assiette sous le fumig\u00e8ne pour \u00e9viter de tacher le sol.<\/p>\n<p>Quittez les lieux pendant 4H. Pr\u00e9voir une heure suppl\u00e9mentaire pour le renouvellement d\u2019air.<\/p>\n<h2>Danger :<\/h2>\n<p>Ne pas laisser de plante, de nourriture non emball\u00e9e, d\u2019animaux.<\/p>\n<h2>Composition :<\/h2>\n<p>72 g\/kg de Cyph\u00e9nothine<\/p>\n<h2>T\u00e9l\u00e9chargement :<\/h2>\n<p><a href=\"https:\/\/www.ban-idf.com\/boutique\/wp-admin\/images\/profyr-fiche-produit.pdf\">Fiche Technique<\/a> &#8211; <a href=\"https:\/\/www.ban-idf.com\/boutique\/wp-admin\/images\/fds-profyr-clp-05-06-2015.pdf\">Fiche de Donn\u00e9es de S\u00e9curit\u00e9<\/a><\/p>\n","protected":false},"excerpt":{"rendered":"<p>Lot de 3 fumig\u00e8nes pour Punaises de lit Vous avez des punaises de lit qui vous piques ou vous mordre la nuit ? Vous en pouvez plus ? Nous avons pour vous un fumig\u00e8ne ultra efficace. Nous vous recommandons de l&#8217;utiliser en compl\u00e9ment d&#8217;une pulv\u00e9risation d&#8217;insecticide Aedex Ec. Le fumig\u00e8ne aura un effet &#8220;One Shot&#8221; [&hellip;]<\/p>\n","protected":false},"featured_media":5656,"comment_status":"open","ping_status":"closed","template":"","meta":[],"product_brand":[],"product_cat":[289],"product_tag":[],"class_list":{"0":"post-1304","1":"product","2":"type-product","3":"status-publish","4":"has-post-thumbnail","6":"product_cat-fumigene-punaises-de-lit","8":"first","9":"outofstock","10":"taxable","11":"shipping-taxable","12":"purchasable","13":"product-type-simple"},"_links":{"self":[{"href":"https:\/\/www.ban-idf.com\/boutique\/wp-json\/wp\/v2\/product\/1304","targetHints":{"allow":["GET"]}}],"collection":[{"href":"https:\/\/www.ban-idf.com\/boutique\/wp-json\/wp\/v2\/product"}],"about":[{"href":"https:\/\/www.ban-idf.com\/boutique\/wp-json\/wp\/v2\/types\/product"}],"replies":[{"embeddable":true,"href":"https:\/\/www.ban-idf.com\/boutique\/wp-json\/wp\/v2\/comments?post=1304"}],"wp:featuredmedia":[{"embeddable":true,"href":"https:\/\/www.ban-idf.com\/boutique\/wp-json\/wp\/v2\/media\/5656"}],"wp:attachment":[{"href":"https:\/\/www.ban-idf.com\/boutique\/wp-json\/wp\/v2\/media?parent=1304"}],"wp:term":[{"taxonomy":"product_brand","embeddable":true,"href":"https:\/\/www.ban-idf.com\/boutique\/wp-json\/wp\/v2\/product_brand?post=1304"},{"taxonomy":"product_cat","embeddable":true,"href":"https:\/\/www.ban-idf.com\/boutique\/wp-json\/wp\/v2\/product_cat?post=1304"},{"taxonomy":"product_tag","embeddable":true,"href":"https:\/\/www.ban-idf.com\/boutique\/wp-json\/wp\/v2\/product_tag?post=1304"}],"curies":[{"name":"wp","href":"https:\/\/api.w.org\/{rel}","templated":true}]}}