{"id":1290,"date":"2022-06-27T19:18:13","date_gmt":"2022-06-27T17:18:13","guid":{"rendered":"https:\/\/www.ban-idf.com\/boutique\/?post_type=product&#038;p=1290"},"modified":"2024-10-03T16:55:53","modified_gmt":"2024-10-03T14:55:53","slug":"fumigene-aedex-contre-les-punaises-de-lit","status":"publish","type":"product","link":"https:\/\/www.ban-idf.com\/boutique\/produit\/fumigene-aedex-contre-les-punaises-de-lit\/","title":{"rendered":"Lot de 3 fumig\u00e8nes Aedex 10g contre les punaises de lit"},"content":{"rendered":"<h2 style=\"text-align: left;\">3 fumig\u00e8nes contre les punaises de lit<\/h2>\n<p>Nous vous avons d\u00e9j\u00e0 pr\u00e9sent\u00e9 ce fumig\u00e8ne de la marque AEDEX : <a href=\"https:\/\/www.ban-idf.com\/boutique\/produit\/fumigene-aedex-10g\/\">Fumig\u00e8ne AEDEX 10g<\/a>. Il est vraiment top en accompagnement d&#8217;un traitement par pulv\u00e9risation d&#8217;<a href=\"https:\/\/www.ban-idf.com\/boutique\/produit\/insecticide-aedex-ec-100ml\/\">AEDEX EC<\/a>.<\/p>\n<p>Nous vous proposons ce pack de 3 fumig\u00e8nes avec une baisse du prix pour celles et ceux qui ont plusieurs pi\u00e8ces \u00e0 traiter.<\/p>\n<p>Appartement, maisons d&#8217;habitations, locaux d&#8217;entreprise (bureaux), h\u00f4tels et autres locaux \u00e0 usage domestique, ce fumig\u00e8ne sera votre alli\u00e9 dans la lutte contre les punaises de lit.<\/p>\n<h2 style=\"text-align: center;\"><em><strong><span style=\"color: #ff0000;\">Le fumig\u00e8ne AEDEX 10g est remplac\u00e9 par la gamme CLAC. D\u00e9couvrez le nouveau fumig\u00e8ne ultra puissant contre les insectes volants et rampants : <a style=\"color: #ff0000;\" href=\"https:\/\/www.ban-idf.com\/boutique\/produit\/fumigene-clac-10g-pour-punaises-de-lit-et-cafards\/\">INSECTIC CLAC 10g<\/a><\/span><\/strong><\/em><\/h2>\n<h2>Comment utiliser un fumig\u00e8ne insecticide Aedex 10g:<\/h2>\n<p>Le fumig\u00e8ne Aedex 10g poss\u00e8de une formulation hydro-r\u00e9actif. Il lib\u00e8re un \u00e9pais brouillard d&#8217;insecticide par r\u00e9action au contact de l&#8217;eau. Il suffit d&#8217;ajouter de l&#8217;eau FROIDE jusqu&#8217;aux traits. D\u00e9baller le fumig\u00e8ne et le placer dans le pot.<\/p>\n<p>Fermez fen\u00eatres et portes avant de quitter les lieux. Le fumig\u00e8ne sera plus actif contre les nuisibles si l&#8217;espace est clos. Par exemple, des mouches pourraient aller dans une autre pi\u00e8ce \u00e0 cause de la fum\u00e9e du fumig\u00e8ne, et votre probl\u00e8me ne sera pas r\u00e9gl\u00e9 d\u00e9finitivement !<\/p>\n<p>Pour finir, quittez les lieux pendant 4H. Pr\u00e9voir une heure suppl\u00e9mentaire pour le renouvellement d&#8217;air, en ouvrant toutes les fen\u00eatres.<\/p>\n<p>Apr\u00e8s ce traitement, pensez \u00e0 laver votre vaisselle, draps ou alimentation.<\/p>\n<h2>A savoir :<\/h2>\n<p>L&#8217;Aedex 10g est un excellent fumig\u00e8ne anti-mouches, anti-araign\u00e9es, anti-puces et anti-cafards !<\/p>\n<p>Ce fumig\u00e8ne est un compl\u00e9tement pour le traitement des punaises de lit, son effet est &#8220;one shot&#8221;. Il ne poss\u00e8de pas de r\u00e9manence dans le temps, ce qui est un probl\u00e8me pour la lutte contre les punaises de lit.<\/p>\n<h2>Danger :<\/h2>\n<p>Ne pas laisser de plantes, de nourriture non emball\u00e9e, d&#8217;animaux domestiques.<\/p>\n<h2>Composition :<\/h2>\n<p>72 g\/kg de Cyph\u00e9nothine<\/p>\n<h2>Vos questions, nos r\u00e9ponses :<\/h2>\n<h4 style=\"text-align: left;\">Est-ce nocif sur les aliments les fumig\u00e8nes anti puces ?<\/h4>\n<p>Ce produit est tr\u00e8s nocif sur les aliments, l&#8217;insecticide qu&#8217;il contient. C&#8217;est pour cette raison que ne vous conseillons de pas laisser de la nourriture sans emballage (rangez dans le frigidaire, dans des boites, des tupperwares). Pensez \u00e0 laver les aliments et la vaisselle apr\u00e8s le traitement.<\/p>\n<h4 style=\"text-align: left;\">J&#8217;ai beaucoup de punaises de lit, ce fumig\u00e8ne insecticide peut fonctionner ?<\/h4>\n<p>Ce fumig\u00e8ne est excellent dans les tr\u00e8s petites surface. Il vous permettra d&#8217;\u00e9liminer un grand nombre de punaises de lit qui ne sont pas cach\u00e9es dans des fissures. L&#8217;action de l&#8217;insecticide est instantan\u00e9e, il n&#8217;aura plus d&#8217;effet au bout de 3\/4 heures. Pour cette raison, il est fortement recommand\u00e9 d&#8217;utiliser un insecticide en pulv\u00e9risation pour les punaises de lit en compl\u00e9ment de la bombe fumig\u00e8ne Aedex 10g. Petite astuce, vu le dosage que contient ce produit, vous pouvez en utiliser d&#8217;eux en m\u00eame temps pour que le brouillard d&#8217;insecticide soit beaucoup plus dense et donc plus efficace.<\/p>\n<h2>T\u00e9l\u00e9chargement :<\/h2>\n<p><a href=\"https:\/\/www.ban-idf.com\/boutique\/wp-admin\/images\/ft-armosa-aedex-fumigateur.pdf\">Fiche Technique<\/a> &#8211; <a href=\"https:\/\/www.ban-idf.com\/boutique\/wp-admin\/images\/in-oin-17005-fds-insecticide-fumigateur-aedex-rampants-et-volants.pdf\">Fiche de Donn\u00e9es de S\u00e9curit\u00e9<\/a><\/p>\n","protected":false},"excerpt":{"rendered":"<p>3 fumig\u00e8nes contre les punaises de lit Nous vous avons d\u00e9j\u00e0 pr\u00e9sent\u00e9 ce fumig\u00e8ne de la marque AEDEX : Fumig\u00e8ne AEDEX 10g. Il est vraiment top en accompagnement d&#8217;un traitement par pulv\u00e9risation d&#8217;AEDEX EC. Nous vous proposons ce pack de 3 fumig\u00e8nes avec une baisse du prix pour celles et ceux qui ont plusieurs pi\u00e8ces [&hellip;]<\/p>\n","protected":false},"featured_media":5655,"comment_status":"open","ping_status":"closed","template":"","meta":[],"product_brand":[],"product_cat":[289],"product_tag":[],"class_list":{"0":"post-1290","1":"product","2":"type-product","3":"status-publish","4":"has-post-thumbnail","6":"product_cat-fumigene-punaises-de-lit","8":"first","9":"outofstock","10":"taxable","11":"shipping-taxable","12":"purchasable","13":"product-type-simple"},"_links":{"self":[{"href":"https:\/\/www.ban-idf.com\/boutique\/wp-json\/wp\/v2\/product\/1290","targetHints":{"allow":["GET"]}}],"collection":[{"href":"https:\/\/www.ban-idf.com\/boutique\/wp-json\/wp\/v2\/product"}],"about":[{"href":"https:\/\/www.ban-idf.com\/boutique\/wp-json\/wp\/v2\/types\/product"}],"replies":[{"embeddable":true,"href":"https:\/\/www.ban-idf.com\/boutique\/wp-json\/wp\/v2\/comments?post=1290"}],"wp:featuredmedia":[{"embeddable":true,"href":"https:\/\/www.ban-idf.com\/boutique\/wp-json\/wp\/v2\/media\/5655"}],"wp:attachment":[{"href":"https:\/\/www.ban-idf.com\/boutique\/wp-json\/wp\/v2\/media?parent=1290"}],"wp:term":[{"taxonomy":"product_brand","embeddable":true,"href":"https:\/\/www.ban-idf.com\/boutique\/wp-json\/wp\/v2\/product_brand?post=1290"},{"taxonomy":"product_cat","embeddable":true,"href":"https:\/\/www.ban-idf.com\/boutique\/wp-json\/wp\/v2\/product_cat?post=1290"},{"taxonomy":"product_tag","embeddable":true,"href":"https:\/\/www.ban-idf.com\/boutique\/wp-json\/wp\/v2\/product_tag?post=1290"}],"curies":[{"name":"wp","href":"https:\/\/api.w.org\/{rel}","templated":true}]}}