{"id":1284,"date":"2022-06-28T01:06:21","date_gmt":"2022-06-27T23:06:21","guid":{"rendered":"https:\/\/www.ban-idf.com\/boutique\/?post_type=product&#038;p=1284"},"modified":"2024-10-03T16:55:53","modified_gmt":"2024-10-03T14:55:53","slug":"tapettes-a-souris-en-bois-par-5","status":"publish","type":"product","link":"https:\/\/www.ban-idf.com\/boutique\/produit\/tapettes-a-souris-en-bois-par-5\/","title":{"rendered":"Tapettes \u00e0 souris en bois (par 5)"},"content":{"rendered":"<h2 style=\"text-align: left;\">Les tapettes \u00e0 souris en bois \u00e0 l&#8217;ancienne<\/h2>\n<p>\u00cates-vous fatigu\u00e9 de faire face \u00e0 des souris dans tous les coins de votre maison ? En avez-vous assez de d\u00e9penser de l&#8217;argent pour des poisons inefficaces ? Nous avons une solution !<\/p>\n<p>Les <strong>tapettes en bois<\/strong> de la marque Assainic. Un produit pour amateurs de pi\u00e8ges &#8220;vintage&#8221;.<\/p>\n<p>Le puissant m\u00e9canisme de ces tapettes garantit que les souris ne peuvent pas sortir vivantes une fois qu&#8217;elles sont \u00e0 attrap\u00e9es, ce qui vous permet d&#8217;avoir l&#8217;esprit tranquille<\/p>\n<p>Il suffit de placer un ou plusieurs pi\u00e8ges sous les meubles, les lits, les appareils de cuisine ou d&#8217;autres endroits o\u00f9 les souris sont susceptibles passer. Les tapettes \u00e0 souris en bois Assainci s&#8217;occuperont du reste !<\/p>\n<p>Elles sont \u00e9galement fabriqu\u00e9 dans un mat\u00e9riau durable qui lui permet de durer longtemps. Le nettoyage est \u00e9galement facile ; il suffit de se d\u00e9barrasser du cadavre et ensuite de les passer \u00e0 l&#8217;eau.<\/p>\n<div id=\"attachment_4739\" style=\"width: 610px\" class=\"wp-caption aligncenter\"><img fetchpriority=\"high\" decoding=\"async\" aria-describedby=\"caption-attachment-4739\" class=\"wp-image-4739 size-full\" src=\"https:\/\/www.ban-idf.com\/boutique\/wp-content\/uploads\/2022\/06\/tapette-souris.webp\" alt=\"tapette souris\" width=\"600\" height=\"800\" srcset=\"https:\/\/www.ban-idf.com\/boutique\/wp-content\/uploads\/2022\/06\/tapette-souris.webp 600w, https:\/\/www.ban-idf.com\/boutique\/wp-content\/uploads\/2022\/06\/tapette-souris-225x300.webp 225w\" sizes=\"(max-width: 600px) 100vw, 600px\" \/><p id=\"caption-attachment-4739\" class=\"wp-caption-text\">Tapette souris en bois<\/p><\/div>\n<h2>Astuce :<\/h2>\n<p>Pour l&#8217;app\u00e2t, oubliez le fromage ou bien le morceau de pain, une petite noisette de beurre de cacahu\u00e8te fera l&#8217;affaire !<\/p>\n<p>Toujours places les doigts \u00e0 l&#8217;arri\u00e8re de la tapette pour l&#8217;armer. Elle fait mal aux doigts !<\/p>\n<p><img decoding=\"async\" class=\"aligncenter wp-image-2043 size-full\" src=\"https:\/\/www.ban-idf.com\/boutique\/wp-content\/uploads\/2022\/06\/tapette-bois-souris.jpg\" alt=\"tapette \u00e0 souris en bois\" width=\"600\" height=\"400\" srcset=\"https:\/\/www.ban-idf.com\/boutique\/wp-content\/uploads\/2022\/06\/tapette-bois-souris.jpg 600w, https:\/\/www.ban-idf.com\/boutique\/wp-content\/uploads\/2022\/06\/tapette-bois-souris-300x200.jpg 300w\" sizes=\"(max-width: 600px) 100vw, 600px\" \/><\/p>\n<h2>Post-scriptum :<\/h2>\n<p>Les tapettes \u00e0 souris en bois sont abordables, compar\u00e9 \u00e0 d&#8217;autres mod\u00e8les. Raison de plus pour s&#8217;en procurer !<\/p>\n","protected":false},"excerpt":{"rendered":"<p>Les tapettes \u00e0 souris en bois \u00e0 l&#8217;ancienne \u00cates-vous fatigu\u00e9 de faire face \u00e0 des souris dans tous les coins de votre maison ? En avez-vous assez de d\u00e9penser de l&#8217;argent pour des poisons inefficaces ? Nous avons une solution ! Les tapettes en bois de la marque Assainic. Un produit pour amateurs de pi\u00e8ges [&hellip;]<\/p>\n","protected":false},"featured_media":5726,"comment_status":"open","ping_status":"closed","template":"","meta":[],"product_brand":[],"product_cat":[294],"product_tag":[219],"class_list":{"0":"post-1284","1":"product","2":"type-product","3":"status-publish","4":"has-post-thumbnail","6":"product_cat-tapette-a-souris-2","7":"product_tag-tapette-a-souris","9":"first","10":"instock","11":"taxable","12":"shipping-taxable","13":"purchasable","14":"product-type-simple"},"_links":{"self":[{"href":"https:\/\/www.ban-idf.com\/boutique\/wp-json\/wp\/v2\/product\/1284","targetHints":{"allow":["GET"]}}],"collection":[{"href":"https:\/\/www.ban-idf.com\/boutique\/wp-json\/wp\/v2\/product"}],"about":[{"href":"https:\/\/www.ban-idf.com\/boutique\/wp-json\/wp\/v2\/types\/product"}],"replies":[{"embeddable":true,"href":"https:\/\/www.ban-idf.com\/boutique\/wp-json\/wp\/v2\/comments?post=1284"}],"wp:featuredmedia":[{"embeddable":true,"href":"https:\/\/www.ban-idf.com\/boutique\/wp-json\/wp\/v2\/media\/5726"}],"wp:attachment":[{"href":"https:\/\/www.ban-idf.com\/boutique\/wp-json\/wp\/v2\/media?parent=1284"}],"wp:term":[{"taxonomy":"product_brand","embeddable":true,"href":"https:\/\/www.ban-idf.com\/boutique\/wp-json\/wp\/v2\/product_brand?post=1284"},{"taxonomy":"product_cat","embeddable":true,"href":"https:\/\/www.ban-idf.com\/boutique\/wp-json\/wp\/v2\/product_cat?post=1284"},{"taxonomy":"product_tag","embeddable":true,"href":"https:\/\/www.ban-idf.com\/boutique\/wp-json\/wp\/v2\/product_tag?post=1284"}],"curies":[{"name":"wp","href":"https:\/\/api.w.org\/{rel}","templated":true}]}}