{"id":1194,"date":"2022-06-23T19:12:12","date_gmt":"2022-06-23T17:12:12","guid":{"rendered":"https:\/\/www.ban-idf.com\/boutique\/?post_type=product&#038;p=1194"},"modified":"2024-10-03T16:55:53","modified_gmt":"2024-10-03T14:55:53","slug":"housse-anti-punaise-de-lit-pour-bebe","status":"publish","type":"product","link":"https:\/\/www.ban-idf.com\/boutique\/produit\/housse-anti-punaise-de-lit-pour-bebe\/","title":{"rendered":"Housse anti punaise de lit pour le lit de b\u00e9b\u00e9"},"content":{"rendered":"<h2 style=\"text-align: left;\">Housse anti punaises de lit pour prot\u00e9ger le lit de b\u00e9b\u00e9<\/h2>\n<p>Prot\u00e9gez le matelas de votre b\u00e9b\u00e9 avec la <strong>housse anti punaise de lit<\/strong> de la plus haute qualit\u00e9 du march\u00e9 de la marque <strong>ARMOSA<\/strong>.<\/p>\n<p>Le tissu utilis\u00e9 est doux et agr\u00e9able. Le tissage utilis\u00e9 permet \u00e0 cette housse de laisser le matelas respirer tout en proposant une barri\u00e8re totale contre les punaises de lit ou acariens sans l&#8217;utilisation de produits chimiques.<\/p>\n<p>Elle dispose d&#8217;une certification <strong>&#8220;OEKO-TEX&#8221;<\/strong> contrairement aux housse que \u00e0 bas prix disponible en grande surface ou sur les sites de vente &#8220;discount&#8221;.<\/p>\n<p>Elle est parfaite pour les <strong>enfants en bas \u00e2ge souffrant d&#8217;allergies<\/strong> ou pour ceux qui souhaitent simplement que leur petit bout de chou ait un endroit douillet pour se reposer.<\/p>\n<p>Dormez sur vos deux oreilles en sachant que le matelas de votre enfant est s\u00fbr et s\u00e9curis\u00e9. Investissez d\u00e8s aujourd&#8217;hui dans cette h<strong>ousse anti punaises de lit<\/strong> et profitez d&#8217;une protection optimale.<\/p>\n<div id=\"attachment_2059\" style=\"width: 610px\" class=\"wp-caption aligncenter\"><img fetchpriority=\"high\" decoding=\"async\" aria-describedby=\"caption-attachment-2059\" class=\"wp-image-2059 size-full\" src=\"https:\/\/www.ban-idf.com\/boutique\/wp-content\/uploads\/2022\/06\/housse-anti-punaise-de-lit.webp\" alt=\"housse anti punaise de lit\" width=\"600\" height=\"399\" srcset=\"https:\/\/www.ban-idf.com\/boutique\/wp-content\/uploads\/2022\/06\/housse-anti-punaise-de-lit.webp 600w, https:\/\/www.ban-idf.com\/boutique\/wp-content\/uploads\/2022\/06\/housse-anti-punaise-de-lit-300x200.webp 300w\" sizes=\"(max-width: 600px) 100vw, 600px\" \/><p id=\"caption-attachment-2059\" class=\"wp-caption-text\">Punaise de lit sur un matelas non prot\u00e9g\u00e9<\/p><\/div>\n<h2>Vos questions, nos r\u00e9ponses :<\/h2>\n<h4>Pourquoi vos housse anti punaises sont elles si cher compar\u00e9 \u00e0 la concurrence ?<\/h4>\n<p>La housse de la marque Armosa b\u00e9n\u00e9ficie de brevet ainsi que de certification qui garantie sont efficacit\u00e9. Ces agr\u00e9ment ont un cout, c&#8217;est la raison de l&#8217;\u00e9cart dont vous parlez. Les housses que l&#8217;ont retrouve sur Ebay ou Amazon font peur ainsi que les revendeurs.<\/p>\n<h4>Je n&#8217;arrive pas \u00e0 convaincre mon mari de l&#8217;utilit\u00e9 de cette housse pour le lit de notre petit dernier, pourriez vous me donner des arguments pour le convaincre ?<\/h4>\n<p>En cas d&#8217;infestation, le traitement du matelas pose un probl\u00e8me, surtout celui d&#8217;enfants en bas \u00e2ge. Avec ce produit vous vous enlevez un mal de crane. Le jours du traitement, vous enlevez la housse, vous mettez ensuite le matelas de cot\u00e9 \u00e0 l&#8217;ext\u00e9rieur et ensuite vous lavez la housse \u00e0 60\u00b0. C&#8217;est pas g\u00e9nial ? Ainsi aucun produit chimique ne sera en contact avec votre enfant !<\/p>\n<h2>Dimension :<\/h2>\n<p>60cm x 70cm (15cm maximum d&#8217;\u00e9paisseur)<\/p>\n<h2>Entretien :<\/h2>\n<p>Lavage en machine \u00e0 60\u00b0 housse ferm\u00e9e et s\u00e8che-linge autoris\u00e9<\/p>\n","protected":false},"excerpt":{"rendered":"<p>Housse anti punaises de lit pour prot\u00e9ger le lit de b\u00e9b\u00e9 Prot\u00e9gez le matelas de votre b\u00e9b\u00e9 avec la housse anti punaise de lit de la plus haute qualit\u00e9 du march\u00e9 de la marque ARMOSA. Le tissu utilis\u00e9 est doux et agr\u00e9able. Le tissage utilis\u00e9 permet \u00e0 cette housse de laisser le matelas respirer tout [&hellip;]<\/p>\n","protected":false},"featured_media":5657,"comment_status":"open","ping_status":"closed","template":"","meta":[],"product_brand":[],"product_cat":[319],"product_tag":[],"class_list":{"0":"post-1194","1":"product","2":"type-product","3":"status-publish","4":"has-post-thumbnail","6":"product_cat-housse-anti-punaises-de-lit","8":"first","9":"instock","10":"taxable","11":"shipping-taxable","12":"purchasable","13":"product-type-simple"},"_links":{"self":[{"href":"https:\/\/www.ban-idf.com\/boutique\/wp-json\/wp\/v2\/product\/1194","targetHints":{"allow":["GET"]}}],"collection":[{"href":"https:\/\/www.ban-idf.com\/boutique\/wp-json\/wp\/v2\/product"}],"about":[{"href":"https:\/\/www.ban-idf.com\/boutique\/wp-json\/wp\/v2\/types\/product"}],"replies":[{"embeddable":true,"href":"https:\/\/www.ban-idf.com\/boutique\/wp-json\/wp\/v2\/comments?post=1194"}],"wp:featuredmedia":[{"embeddable":true,"href":"https:\/\/www.ban-idf.com\/boutique\/wp-json\/wp\/v2\/media\/5657"}],"wp:attachment":[{"href":"https:\/\/www.ban-idf.com\/boutique\/wp-json\/wp\/v2\/media?parent=1194"}],"wp:term":[{"taxonomy":"product_brand","embeddable":true,"href":"https:\/\/www.ban-idf.com\/boutique\/wp-json\/wp\/v2\/product_brand?post=1194"},{"taxonomy":"product_cat","embeddable":true,"href":"https:\/\/www.ban-idf.com\/boutique\/wp-json\/wp\/v2\/product_cat?post=1194"},{"taxonomy":"product_tag","embeddable":true,"href":"https:\/\/www.ban-idf.com\/boutique\/wp-json\/wp\/v2\/product_tag?post=1194"}],"curies":[{"name":"wp","href":"https:\/\/api.w.org\/{rel}","templated":true}]}}