{"id":1193,"date":"2022-06-20T23:10:48","date_gmt":"2022-06-20T21:10:48","guid":{"rendered":"https:\/\/www.ban-idf.com\/boutique\/?post_type=product&#038;p=1193"},"modified":"2024-10-03T16:55:54","modified_gmt":"2024-10-03T14:55:54","slug":"bugo-piege-punaise-de-lit","status":"publish","type":"product","link":"https:\/\/www.ban-idf.com\/boutique\/produit\/bugo-piege-punaise-de-lit\/","title":{"rendered":"BUGO, le pi\u00e8ge collant pour punaises de lit !"},"content":{"rendered":"<h2 style=\"text-align: left;\">Nouveau pi\u00e8ge pour les punaises de lit, BUGO le pack de 12<\/h2>\n<p><strong>The Bugo<\/strong>, le dispositif de surveillance innovant sp\u00e9cialement con\u00e7u pour <strong>d\u00e9tecter et pi\u00e9ger les punaises de lit<\/strong> en transit sur les pieds de votre lit.<\/p>\n<p>Gr\u00e2ce \u00e0 sa conception adaptable et discr\u00e8te, <strong>The Bugo<\/strong> s&#8217;ajuste parfaitement aux pieds de lit, offrant une protection sans faille contre ces nuisibles.<\/p>\n<h2>Les avantages de choisir The Bugo pour combattre les punaises de lit :<\/h2>\n<ul>\n<li><strong>Compatibilit\u00e9 universelle :<\/strong> The Bugo est con\u00e7u pour fonctionner sur toutes les surfaces, qu&#8217;elles soient lisses (parquet, stratifi\u00e9, vinyle PVC, carrelage) ou synth\u00e9tiques (moquette). Ainsi, peu importe le type de sol de votre chambre, The Bugo vous offre une protection optimale.<\/li>\n<li><strong>Contr\u00f4le visuel facile :<\/strong> Gr\u00e2ce \u00e0 sa transparence, The Bugo vous permet de d\u00e9tecter rapidement la pr\u00e9sence de punaises de lit et de v\u00e9rifier l&#8217;efficacit\u00e9 de votre traitement en un coup d&#8217;\u0153il.<\/li>\n<li><strong>Colle sp\u00e9cifique sans r\u00e9sidus :<\/strong> La colle utilis\u00e9e dans The Bugo est con\u00e7ue pour ne laisser aucun r\u00e9sidu sur les surfaces lors du retrait du dispositif, assurant ainsi une utilisation propre et sans tracas.<\/li>\n<\/ul>\n<h2>Comment utiliser ce pi\u00e8ge pour punaises de lit ?<\/h2>\n<p>The Bugo est un pi\u00e8ge qui se pose facilement. Pas besoin de gants, il ne contient pas de produit chimique (hormis la colle). Il est compos\u00e9 de deux surfaces ultra adh\u00e9sives.<\/p>\n<p>Une face con\u00e7ue pour la pose au sol et l&#8217;autre pour le pi\u00e9geage des punaises de lit. Rien de compliqu\u00e9.<\/p>\n<h2>D\u00e9tecter des punaises de lit mais ensuite les traiter<\/h2>\n<p>Pour \u00e9radiquer les punaises de lit, un traitement complet incluant une pulv\u00e9risation dans les zones infest\u00e9es et un fumig\u00e8ne puissant (<a href=\"https:\/\/www.ban-idf.com\/boutique\/produit\/fumigene-pour-punaises-de-lit-rci-2000\/\">RCI 2000<\/a> par exemple). La pulv\u00e9risation permet de traiter les surfaces autour de la literie.<\/p>\n<p>Au contact avec l&#8217;insecticide (<a href=\"https:\/\/www.ban-idf.com\/boutique\/produit\/insecticide-aedex-ec-100ml\/\">AEDEX EC<\/a>), les punaises de lit seront condamn\u00e9es \u00e0 mort. Le fumig\u00e8ne va permettre d&#8217;\u00e9liminer les punaises de lit qui ne sont pas cach\u00e9es.<\/p>\n<p>Ne laissez pas les punaises de lit vous priver d&#8217;un sommeil paisible. Commandez d\u00e8s maintenant The Bugo et reprenez le contr\u00f4le de votre chambre gr\u00e2ce \u00e0 ce dispositif de surveillance r\u00e9volutionnaire !<\/p>\n<h2>Conditionnement :<\/h2>\n<p>Pack de 12 pi\u00e8ges collant anti punaises de lit.<\/p>\n","protected":false},"excerpt":{"rendered":"<p>Nouveau pi\u00e8ge pour les punaises de lit, BUGO le pack de 12 The Bugo, le dispositif de surveillance innovant sp\u00e9cialement con\u00e7u pour d\u00e9tecter et pi\u00e9ger les punaises de lit en transit sur les pieds de votre lit. Gr\u00e2ce \u00e0 sa conception adaptable et discr\u00e8te, The Bugo s&#8217;ajuste parfaitement aux pieds de lit, offrant une protection [&hellip;]<\/p>\n","protected":false},"featured_media":5661,"comment_status":"open","ping_status":"closed","template":"","meta":[],"product_brand":[],"product_cat":[15],"product_tag":[227,253],"class_list":{"0":"post-1193","1":"product","2":"type-product","3":"status-publish","4":"has-post-thumbnail","6":"product_cat-non-classe","7":"product_tag-naturel-et-bio","8":"product_tag-piege-punaise-de-lit","10":"first","11":"instock","12":"taxable","13":"shipping-taxable","14":"purchasable","15":"product-type-simple"},"_links":{"self":[{"href":"https:\/\/www.ban-idf.com\/boutique\/wp-json\/wp\/v2\/product\/1193","targetHints":{"allow":["GET"]}}],"collection":[{"href":"https:\/\/www.ban-idf.com\/boutique\/wp-json\/wp\/v2\/product"}],"about":[{"href":"https:\/\/www.ban-idf.com\/boutique\/wp-json\/wp\/v2\/types\/product"}],"replies":[{"embeddable":true,"href":"https:\/\/www.ban-idf.com\/boutique\/wp-json\/wp\/v2\/comments?post=1193"}],"wp:featuredmedia":[{"embeddable":true,"href":"https:\/\/www.ban-idf.com\/boutique\/wp-json\/wp\/v2\/media\/5661"}],"wp:attachment":[{"href":"https:\/\/www.ban-idf.com\/boutique\/wp-json\/wp\/v2\/media?parent=1193"}],"wp:term":[{"taxonomy":"product_brand","embeddable":true,"href":"https:\/\/www.ban-idf.com\/boutique\/wp-json\/wp\/v2\/product_brand?post=1193"},{"taxonomy":"product_cat","embeddable":true,"href":"https:\/\/www.ban-idf.com\/boutique\/wp-json\/wp\/v2\/product_cat?post=1193"},{"taxonomy":"product_tag","embeddable":true,"href":"https:\/\/www.ban-idf.com\/boutique\/wp-json\/wp\/v2\/product_tag?post=1193"}],"curies":[{"name":"wp","href":"https:\/\/api.w.org\/{rel}","templated":true}]}}