{"id":1192,"date":"2022-12-22T20:18:23","date_gmt":"2022-12-22T19:18:23","guid":{"rendered":"https:\/\/www.ban-idf.com\/boutique\/?post_type=product&#038;p=1192"},"modified":"2024-10-03T16:55:52","modified_gmt":"2024-10-03T14:55:52","slug":"piege-a-punaises-de-lit-efficace-bed-bugs","status":"publish","type":"product","link":"https:\/\/www.ban-idf.com\/boutique\/produit\/piege-a-punaises-de-lit-efficace-bed-bugs\/","title":{"rendered":"Un pi\u00e8ge \u00e0 punaises de lit efficace, Bed Bugs Trap !"},"content":{"rendered":"<h2>Un pi\u00e8ge collant pour punaises de lit<\/h2>\n<p>Vous pensez avoir des <strong>punaises de lit<\/strong> ? Une soci\u00e9t\u00e9 de d\u00e9sinsectisation a trait\u00e9 votre chambre et vous voulez \u00eatre sur \u00e0 100% qu&#8217;elles ne sont plus l\u00e0 ?<\/p>\n<p>Nous avons pour vous l&#8217;outil id\u00e9al, le pi\u00e8ge pour punaises de lit <strong>BED BUG TRAP<\/strong> de la marque <strong>italienne InPest<\/strong>.<\/p>\n<p>Ce produit permet de mettre en place une surveillance de la pr\u00e9sence de punaises de lit. Il a \u00e9t\u00e9 con\u00e7u pour pi\u00e9ger les vampires des chambres.<\/p>\n<p>Ce pi\u00e8ge collant pour punaises de lit est autrement efficace. Nous l&#8217;utilisons pour effectuer du monitoring chez nos clients, en particulier les h\u00f4tels parisiens.<\/p>\n<p>Les experts anti nuisibles de la soci\u00e9t\u00e9 InPest a imagin\u00e9 un dispositif de pi\u00e9geage pour punaises de lit ressemblant aux zones \u00e9troites que ces nuisibles appr\u00e9cient pour se r\u00e9fugier ou y fonder une colonie.<\/p>\n<p>Equip\u00e9 de glue, les malheureuses se retrouvent coinc\u00e9es dans le BED BUG TRAP !<\/p>\n<p>Enlevez vous un mal de crane et \u00e9quipez votre literie de nos<strong> pi\u00e8ges pour punaises de lit<\/strong> ! Ils sont vendus par 3 (de quoi surveiller un lit).<\/p>\n<h2>Comment installer ce pi\u00e8ge pour punaises de lit ?<\/h2>\n<p>Vous venez de recevoir votre kit de pi\u00e8ge pour punaises de lit ? G\u00e9nial !<\/p>\n<p>Commen\u00e7ons par retirer le film de protection de la surface de glue. Pliez ensuite le pi\u00e8ge de mani\u00e8re \u00e0 le fermer (voir le sch\u00e9ma sur le dos du BED BUG TRAP). Ce n&#8217;est pas tr\u00e8s compliqu\u00e9 !<\/p>\n<p>Maintenant, passons \u00e0 la phase d&#8217;installation des pi\u00e8ges autour de votre literie. Nous vous recommandons d&#8217;en installer derri\u00e8re la t\u00eate de lit, et sous le sommier. Vous pouvez aussi en installer le long des plinthes (pas trop sur que \u00e7a marche), dans les placards et sous vos meubles.<\/p>\n<p>Le fabricant conseil d&#8217;en placer derri\u00e8re les rideaux ou bien le long des fen\u00eatres. Honn\u00eatement, l&#8217;id\u00e9al est de pi\u00e9ger autour du lit, les punaises de lit n&#8217;aimant pas trop s&#8217;\u00e9loigner de leur repas.<\/p>\n<h2>Composition :<\/h2>\n<p>Dimensions une fois d\u00e9pli\u00e9 : 160 x 85 mm<\/p>\n<h2>Conditionnement :<\/h2>\n<p>Vendus par 3 en vrac.<\/p>\n<h2>Vos questions, nos r\u00e9ponses :<\/h2>\n<h4>Est-ce que je peux placer ce pi\u00e8ge \u00e0 punaises de lit sur le lit de mon b\u00e9b\u00e9 ?<\/h4>\n<p>Bonjour, le pi\u00e8ge \u00e0 punaises de lit BED BUG BUSTER peut \u00eatre plac\u00e9 dans une chambre d&#8217;enfant. Il ne contient pas de produit chimique. Il vous faudra juste trouver une zone strat\u00e9gique pour \u00e9viter que votre b\u00e9b\u00e9 ne le d\u00e9truise !<\/p>\n<h4>J&#8217;ai depuis quelques semaines des piqures de punaises de lit sur les bras, ce pi\u00e8ge peux fonctionner pour les \u00e9radiquer ?<\/h4>\n<p>Avant tout chose il faut \u00eatre sur \u00e0 100% que ce sont des punaises de lit qui vous piquent. Consultez un dermatologue et ensuite \u00e9quipez votre chambre de ce pi\u00e8ge \u00e0 punaises de lit pour surveiller la pr\u00e9sence ou non de ces nuisibles. Ensuite traitez la chambre avec de l&#8217;<a href=\"https:\/\/www.ban-idf.com\/boutique\/produit\/insecticide-aedex-ec-100ml\/\">AEDEX EC<\/a>.<\/p>\n","protected":false},"excerpt":{"rendered":"<p>Un pi\u00e8ge collant pour punaises de lit Vous pensez avoir des punaises de lit ? Une soci\u00e9t\u00e9 de d\u00e9sinsectisation a trait\u00e9 votre chambre et vous voulez \u00eatre sur \u00e0 100% qu&#8217;elles ne sont plus l\u00e0 ? Nous avons pour vous l&#8217;outil id\u00e9al, le pi\u00e8ge pour punaises de lit BED BUG TRAP de la marque italienne [&hellip;]<\/p>\n","protected":false},"featured_media":5665,"comment_status":"open","ping_status":"closed","template":"","meta":[],"product_brand":[],"product_cat":[322],"product_tag":[227,253],"class_list":{"0":"post-1192","1":"product","2":"type-product","3":"status-publish","4":"has-post-thumbnail","6":"product_cat-piege-a-punaises-de-lit","7":"product_tag-naturel-et-bio","8":"product_tag-piege-punaise-de-lit","10":"first","11":"instock","12":"taxable","13":"shipping-taxable","14":"purchasable","15":"product-type-simple"},"_links":{"self":[{"href":"https:\/\/www.ban-idf.com\/boutique\/wp-json\/wp\/v2\/product\/1192","targetHints":{"allow":["GET"]}}],"collection":[{"href":"https:\/\/www.ban-idf.com\/boutique\/wp-json\/wp\/v2\/product"}],"about":[{"href":"https:\/\/www.ban-idf.com\/boutique\/wp-json\/wp\/v2\/types\/product"}],"replies":[{"embeddable":true,"href":"https:\/\/www.ban-idf.com\/boutique\/wp-json\/wp\/v2\/comments?post=1192"}],"wp:featuredmedia":[{"embeddable":true,"href":"https:\/\/www.ban-idf.com\/boutique\/wp-json\/wp\/v2\/media\/5665"}],"wp:attachment":[{"href":"https:\/\/www.ban-idf.com\/boutique\/wp-json\/wp\/v2\/media?parent=1192"}],"wp:term":[{"taxonomy":"product_brand","embeddable":true,"href":"https:\/\/www.ban-idf.com\/boutique\/wp-json\/wp\/v2\/product_brand?post=1192"},{"taxonomy":"product_cat","embeddable":true,"href":"https:\/\/www.ban-idf.com\/boutique\/wp-json\/wp\/v2\/product_cat?post=1192"},{"taxonomy":"product_tag","embeddable":true,"href":"https:\/\/www.ban-idf.com\/boutique\/wp-json\/wp\/v2\/product_tag?post=1192"}],"curies":[{"name":"wp","href":"https:\/\/api.w.org\/{rel}","templated":true}]}}