{"id":1190,"date":"2022-06-20T20:34:52","date_gmt":"2022-06-20T18:34:52","guid":{"rendered":"https:\/\/www.ban-idf.com\/boutique\/?post_type=product&#038;p=1190"},"modified":"2024-10-03T16:55:54","modified_gmt":"2024-10-03T14:55:54","slug":"fumigene-aedex-10g","status":"publish","type":"product","link":"https:\/\/www.ban-idf.com\/boutique\/produit\/fumigene-aedex-10g\/","title":{"rendered":"Fumigene Aedex 10g pour punaise de lit et cafard"},"content":{"rendered":"<h2 style=\"text-align: left;\">Un fumig\u00e8ne pour vous d\u00e9barrasser des punaises de lit<\/h2>\n<p>Le fumig\u00e8ne AEDEX pour \u00e9liminer les insectes volants et rampants est un produit puissant et efficace pour lutter contre les insectes ind\u00e9sirables dans votre maison.<\/p>\n<p>Ce fumig\u00e8ne lib\u00e8re une fum\u00e9e qui p\u00e9n\u00e8tre dans les fissures, les crevasses et les zones cach\u00e9es o\u00f9 les insectes se cachent.<\/p>\n<p>Il est efficace contre les diff\u00e9rents types d&#8217;insectes rampants et volants, y compris les cafards, les araign\u00e9es, les fourmis, les mouches et les moustiques.<\/p>\n<h2 style=\"text-align: center;\"><em><strong><span style=\"color: #ff0000;\">Le fumig\u00e8ne AEDEX 10g est remplac\u00e9 par la gamme CLAC. D\u00e9couvrez le nouveau fumig\u00e8ne ultra puissant contre les insectes volants et rampants : <a style=\"color: #ff0000;\" href=\"https:\/\/www.ban-idf.com\/boutique\/produit\/fumigene-clac-10g-pour-punaises-de-lit-et-cafards\/\">INSECTIC CLAC 10g<\/a><\/span><\/strong><\/em><\/h2>\n<h2>Comment utiliser un fumig\u00e8ne insecticide Aedex 10g:<\/h2>\n<ul>\n<li>Fermez toutes les portes et fen\u00eatres de la pi\u00e8ce que vous souhaitez traiter.<\/li>\n<li>Placez le fumig\u00e8ne sur une surface stable et inflammable dans la pi\u00e8ce.<\/li>\n<li>Allumez la m\u00e8che du fumig\u00e8ne et quittez la pi\u00e8ce imm\u00e9diatement.<\/li>\n<li>Laissez le fumig\u00e8ne agir pendant 3 \u00e0 4 heures.<\/li>\n<li>Ouvrez toutes les portes et fen\u00eatres pour ventiler la pi\u00e8ce avant d&#8217;y entrer \u00e0 nouveau.<\/li>\n<\/ul>\n<h2>Pr\u00e9cautions d&#8217;emploi :<\/h2>\n<ul>\n<li>Tenir hors de port\u00e9e des enfants et des animaux domestiques.<\/li>\n<li>\u00c9teindre tous les appareils \u00e9lectriques et les flammes nues avant d&#8217;utiliser le fumig\u00e8ne.<\/li>\n<li>\u00c9viter tout contact avec la peau ou les yeux. En cas de contact, rincer imm\u00e9diatement \u00e0 l&#8217;eau.<\/li>\n<li>Ne pas utiliser dans les zones o\u00f9 des aliments sont pr\u00e9par\u00e9s ou consomm\u00e9s.<\/li>\n<li>Suivre attentivement les instructions fournies avec le produit.<\/li>\n<\/ul>\n<h2>Composition :<\/h2>\n<p>72 g\/kg de Cyph\u00e9nothine<\/p>\n<p>Le fumig\u00e8ne AEDEX pour \u00e9liminer les insectes volants et rampants contient du pyr\u00e8thre, un insecticide naturel d\u00e9riv\u00e9 de la fleur de pyr\u00e8thre.<\/p>\n<p>Contenu de l&#8217;emballage :<\/p>\n<p>Le fumig\u00e8ne AEDEX pour \u00e9liminer les insectes volants et rampants est vendu en bo\u00eetes de 3 ou 6 fumig\u00e8nes.<\/p>\n<p>Dur\u00e9e de conservation :<\/p>\n<p>Le fumig\u00e8ne AEDEX pour \u00e9liminer les insectes volants et rampants peut \u00eatre stock\u00e9 pendant 2 ans \u00e0 compter de la date de fabrication.<\/p>\n<h2>T\u00e9l\u00e9chargement :<\/h2>\n<p><a href=\"https:\/\/www.ban-idf.com\/boutique\/wp-admin\/images\/ft-armosa-aedex-fumigateur.pdf\">Fiche Technique<\/a> \u2013 <a href=\"https:\/\/www.ban-idf.com\/boutique\/wp-admin\/images\/in-oin-17005-fds-insecticide-fumigateur-aedex-rampants-et-volants.pdf\">Fiche de Donn\u00e9es de S\u00e9curit\u00e9<\/a><\/p>\n","protected":false},"excerpt":{"rendered":"<p>Un fumig\u00e8ne pour vous d\u00e9barrasser des punaises de lit Le fumig\u00e8ne AEDEX pour \u00e9liminer les insectes volants et rampants est un produit puissant et efficace pour lutter contre les insectes ind\u00e9sirables dans votre maison. Ce fumig\u00e8ne lib\u00e8re une fum\u00e9e qui p\u00e9n\u00e8tre dans les fissures, les crevasses et les zones cach\u00e9es o\u00f9 les insectes se cachent. [&hellip;]<\/p>\n","protected":false},"featured_media":5654,"comment_status":"open","ping_status":"closed","template":"","meta":[],"product_brand":[],"product_cat":[289],"product_tag":[],"class_list":{"0":"post-1190","1":"product","2":"type-product","3":"status-publish","4":"has-post-thumbnail","6":"product_cat-fumigene-punaises-de-lit","8":"first","9":"outofstock","10":"taxable","11":"shipping-taxable","12":"purchasable","13":"product-type-simple"},"_links":{"self":[{"href":"https:\/\/www.ban-idf.com\/boutique\/wp-json\/wp\/v2\/product\/1190","targetHints":{"allow":["GET"]}}],"collection":[{"href":"https:\/\/www.ban-idf.com\/boutique\/wp-json\/wp\/v2\/product"}],"about":[{"href":"https:\/\/www.ban-idf.com\/boutique\/wp-json\/wp\/v2\/types\/product"}],"replies":[{"embeddable":true,"href":"https:\/\/www.ban-idf.com\/boutique\/wp-json\/wp\/v2\/comments?post=1190"}],"wp:featuredmedia":[{"embeddable":true,"href":"https:\/\/www.ban-idf.com\/boutique\/wp-json\/wp\/v2\/media\/5654"}],"wp:attachment":[{"href":"https:\/\/www.ban-idf.com\/boutique\/wp-json\/wp\/v2\/media?parent=1190"}],"wp:term":[{"taxonomy":"product_brand","embeddable":true,"href":"https:\/\/www.ban-idf.com\/boutique\/wp-json\/wp\/v2\/product_brand?post=1190"},{"taxonomy":"product_cat","embeddable":true,"href":"https:\/\/www.ban-idf.com\/boutique\/wp-json\/wp\/v2\/product_cat?post=1190"},{"taxonomy":"product_tag","embeddable":true,"href":"https:\/\/www.ban-idf.com\/boutique\/wp-json\/wp\/v2\/product_tag?post=1190"}],"curies":[{"name":"wp","href":"https:\/\/api.w.org\/{rel}","templated":true}]}}