{"id":1161,"date":"2022-06-15T19:58:32","date_gmt":"2022-06-15T17:58:32","guid":{"rendered":"https:\/\/www.ban-idf.com\/boutique\/?post_type=product&#038;p=1161"},"modified":"2025-11-25T00:09:45","modified_gmt":"2025-11-24T23:09:45","slug":"fumigene-punaise-de-lit-cafards-mouches-profir-15","status":"publish","type":"product","link":"https:\/\/www.ban-idf.com\/boutique\/produit\/fumigene-punaise-de-lit-cafards-mouches-profir-15\/","title":{"rendered":"Fumig\u00e8ne punaise de lit, cafards et mouches Profyr 15g"},"content":{"rendered":"\n<h2 class=\"wp-block-heading\">Un fumig\u00e8ne pour dire \u00e0 dieu aux punaise de lit, cafards et mouches<\/h2>\n\n\n\n<p>Souvent, pour r\u00e9gler un probl\u00e8me d&#8217;insectes, un simple fumig\u00e8ne peut faire l&#8217;affaire. Nous proposons le Profyr 15g qui est tr\u00e8s puissant. Ce fumig\u00e8ne hydro r\u00e9actif est un v\u00e9ritable assassin. Aucun insecte ne survivra dans votre appartement. Mouches, punaises de lit, cafards, moustiques &#8230; la liste de ses victimes est longue.<\/p>\n\n\n\n<p>Nous utilisons r\u00e9guli\u00e8rement le Profyr 15g en compl\u00e9ment d&#8217;une pulv\u00e9risation d&#8217;<a href=\"https:\/\/www.ban-idf.com\/boutique\/produit\/insecticide-aedex-ec-100ml\/\">Aedex EC<\/a>.<\/p>\n\n\n\n<p class=\"has-text-align-center\"><strong>N&#8217;oubliez pas que pour certains insectes coriaces, le fumig\u00e8ne fera office de compl\u00e9ment et qu&#8217;un puissant insecticide ou gel app\u00e2t sera n\u00e9cessaire pour vous d\u00e9barrasser de vos nuisibles !<\/strong><\/p>\n\n\n\n<h2 class=\"wp-block-heading\">Utilisation :<\/h2>\n\n\n\n<p>Le fumig\u00e8ne Profyr 15g, le tueur de punaises de lit est tr\u00e8s simple \u00e0 utiliser. Il suffit de verser de l\u2019eau froide dans le r\u00e9cipient jusqu\u2019au niveau indiqu\u00e9.<\/p>\n\n\n\n<p>Placez le r\u00e9cipient au milieu de la pi\u00e8ce \u00e0 traiter. Ensuite d\u00e9poser la capsule dans le r\u00e9cipient. La diffusion se d\u00e9clenchera au contact avec l\u2019eau.<\/p>\n\n\n\n<p>Pensez \u00e0 poser une assiette sous le fumig\u00e8ne pour \u00e9viter de tacher le sol.<\/p>\n\n\n\n<p>Ne pas laisser de plantes ou d&#8217;aquarium dans les zones trait\u00e9es. La vaisselle devra \u00eatre nettoyer apr\u00e8s le traitement et surtout pensez \u00e0 prot\u00e9ger herm\u00e9tiquement la nourriture.<\/p>\n\n\n\n<p>Quittez les lieux pendant 4H. Pr\u00e9voir une heure suppl\u00e9mentaire pour le renouvellement d\u2019air.<\/p>\n\n\n\n<h2 class=\"wp-block-heading\">Danger :<\/h2>\n\n\n\n<p>Ne pas laisser de plante, de nourriture non emball\u00e9e, d\u2019animaux.<\/p>\n\n\n\n<h2 class=\"wp-block-heading\">Composition :<\/h2>\n\n\n\n<p>72 g\/kg de Cyph\u00e9nothine<\/p>\n\n\n\n<h2 class=\"wp-block-heading\">Vos questions, nos r\u00e9ponses :<\/h2>\n\n\n\n<h4 class=\"wp-block-heading\">Comment se d\u00e9barrasser des mites alimentaires ?<\/h4>\n\n\n\n<p>Le traitement de la mite alimentaire ou vestimentaire n&#8217;est pas compliqu\u00e9. Deux m\u00e9thodes existent, la premi\u00e8re est m\u00e9canique : des pi\u00e8ges \u00e0 glu avec attractifs et la seconde est le chimique. Le Profyr 15g est en capacit\u00e9 de traiter une invasion de mites. Nous vous recommandons d&#8217;utiliser 2 fumig\u00e8nes Profyr 15g par pi\u00e8ce pour le traitement.<\/p>\n\n\n\n<h4 class=\"wp-block-heading\">Le fumig\u00e8ne est dangereux pour la nourriture ou la vaisselle ?<\/h4>\n\n\n\n<p>Nous vous rappelons qu&#8217;il ne faut pas laisser trainer de nourriture dans les pi\u00e8ces traiter et nettoyer toute la vaisselle apr\u00e8s le traitement.<\/p>\n\n\n\n<h2 class=\"wp-block-heading\">T\u00e9l\u00e9chargement :<\/h2>\n\n\n\n<p><a href=\"https:\/\/www.ban-idf.com\/boutique\/wp-admin\/images\/profyr-fiche-produit.pdf\">Fiche Technique<\/a> &#8211; <a href=\"https:\/\/www.ban-idf.com\/boutique\/wp-admin\/images\/fds-profyr-clp-05-06-2015.pdf\">Fiche de Donn\u00e9es de S\u00e9curit\u00e9<\/a><\/p>\n","protected":false},"excerpt":{"rendered":"<p>Un fumig\u00e8ne pour dire \u00e0 dieu aux punaise de lit, cafards et mouches Souvent, pour r\u00e9gler un probl\u00e8me d&#8217;insectes, un simple fumig\u00e8ne peut faire l&#8217;affaire. Nous proposons le Profyr 15g qui est tr\u00e8s puissant. Ce fumig\u00e8ne hydro r\u00e9actif est un v\u00e9ritable assassin. Aucun insecte ne survivra dans votre appartement. Mouches, punaises de lit, cafards, moustiques [&hellip;]<\/p>\n","protected":false},"featured_media":5727,"comment_status":"open","ping_status":"closed","template":"","meta":[],"product_brand":[],"product_cat":[289],"product_tag":[],"class_list":{"0":"post-1161","1":"product","2":"type-product","3":"status-publish","4":"has-post-thumbnail","6":"product_cat-fumigene-punaises-de-lit","8":"first","9":"outofstock","10":"taxable","11":"shipping-taxable","12":"purchasable","13":"product-type-simple"},"_links":{"self":[{"href":"https:\/\/www.ban-idf.com\/boutique\/wp-json\/wp\/v2\/product\/1161","targetHints":{"allow":["GET"]}}],"collection":[{"href":"https:\/\/www.ban-idf.com\/boutique\/wp-json\/wp\/v2\/product"}],"about":[{"href":"https:\/\/www.ban-idf.com\/boutique\/wp-json\/wp\/v2\/types\/product"}],"replies":[{"embeddable":true,"href":"https:\/\/www.ban-idf.com\/boutique\/wp-json\/wp\/v2\/comments?post=1161"}],"wp:featuredmedia":[{"embeddable":true,"href":"https:\/\/www.ban-idf.com\/boutique\/wp-json\/wp\/v2\/media\/5727"}],"wp:attachment":[{"href":"https:\/\/www.ban-idf.com\/boutique\/wp-json\/wp\/v2\/media?parent=1161"}],"wp:term":[{"taxonomy":"product_brand","embeddable":true,"href":"https:\/\/www.ban-idf.com\/boutique\/wp-json\/wp\/v2\/product_brand?post=1161"},{"taxonomy":"product_cat","embeddable":true,"href":"https:\/\/www.ban-idf.com\/boutique\/wp-json\/wp\/v2\/product_cat?post=1161"},{"taxonomy":"product_tag","embeddable":true,"href":"https:\/\/www.ban-idf.com\/boutique\/wp-json\/wp\/v2\/product_tag?post=1161"}],"curies":[{"name":"wp","href":"https:\/\/api.w.org\/{rel}","templated":true}]}}