{"id":1143,"date":"2022-06-13T23:24:57","date_gmt":"2022-06-13T21:24:57","guid":{"rendered":"https:\/\/www.ban-idf.com\/boutique\/?post_type=product&#038;p=1143"},"modified":"2025-09-19T20:39:04","modified_gmt":"2025-09-19T18:39:04","slug":"kit-pour-desinsectisation-punaises-de-lit","status":"publish","type":"product","link":"https:\/\/www.ban-idf.com\/boutique\/produit\/kit-pour-desinsectisation-punaises-de-lit\/","title":{"rendered":"Kit pour d\u00e9sinsectisation Punaises de lit"},"content":{"rendered":"\n<h2 class=\"wp-block-heading\">Un kit d&#8217;insecticide pour traiter les punaises de lit<\/h2>\n\n\n\n<p>Vous avez un infestation de punaises de lit et vous souhaitez traiter votre chambre vous m\u00eame ? Nous vous proposons un kit pour dire adieu \u00e0 la punaise de lit ! Il est compos\u00e9 de :<\/p>\n\n\n\n<ul class=\"wp-block-list\">\n<li>Un pulv\u00e9risateur \u00e0 pression d&#8217;une contenance de 1.5L. Il est tr\u00e8s facile \u00e0 utiliser et suffira pour traiter 2 voir 3 fois votre chambre !<\/li>\n\n\n\n<li>Un insecticide concentr\u00e9 anti punaises de lit, Aedex EC 100ML. Sa formule permet d&#8217;effectuer un traitement de surfaces contre tout type de nuisibles rampants (punaises de lit, blatte, fourmis, araign\u00e9es &#8230;). Si vous vous posez des question sur ce produit, nous vous invitons \u00e0 lire la fiche du produit : <a href=\"https:\/\/www.ban-idf.com\/boutique\/produit\/insecticide-aedex-ec-100ml\/\">AEDEX EC 100ML<\/a><\/li>\n\n\n\n<li>Deux fumigateurs RCI 2000, \u00e0 vidange automatique. Ce produit est utilis\u00e9 pour un traitement effet choc volum\u00e9trique. Il contient un r\u00e9gulateur de croissance qui permettra d&#8217;\u00e9viter que les larves passent aux stades de reproduction !<\/li>\n<\/ul>\n\n\n\n<h2 class=\"wp-block-heading\">Guide d&#8217;utilisation :<\/h2>\n\n\n\n<ol class=\"wp-block-list\">\n<li>Avant tout chose, pr\u00e9parer la zone traiter. Vider les armoires et mettre TOUT le textile dans des sacs poubelles ferm\u00e9s. Tout ces sacs devront passer \u00e0 la machine \u00e0 laver, minimum 60\u00b0.<\/li>\n\n\n\n<li>Nettoyer le sol. L&#8217;insecticide <strong>Aedex EC<\/strong>\u00a0d\u00e9teste la poussi\u00e8re !<\/li>\n\n\n\n<li>Vous \u00e9quiper : bras et jambes couverts, une paire de gants en nitrile, un masque faciale et des lunettes de protection.<\/li>\n\n\n\n<li>Pr\u00e9parer la soupe : commencer par remplir de pulv\u00e9risateur d&#8217;eau froide jusqu&#8217;au niveau 1.5L et ensuite verser 30ml d&#8217;insecticide <strong>Aedex EC<\/strong> (bien <strong>respecter le dosage<\/strong>, en mettre plus ne sert \u00e0 rien). Fermer le pulv\u00e9risateur et le secouer pour m\u00e9langer l&#8217;eau et l&#8217;insecticide.<\/li>\n\n\n\n<li>R\u00e9gler la buse du pulv\u00e9risateur pour que \u00e7a soit des gouttelettes qui sortes, pas un jet d&#8217;eau.<\/li>\n\n\n\n<li>Pulv\u00e9riser ensuite dans la chambre au niveau des plinthes, de la literie, des armoires. Traiter les zones que vous suspecter \u00eatre le foyer des punaises de lit. Cet insecticide ne fait pas d&#8217;effet choc, si vous en mettez sur une punaise vivante, elle ne mourra pas sur le coup (on nous pose parfois la question &#8230;).<\/li>\n\n\n\n<li>Apr\u00e8s avoir trait\u00e9 la chambre, enclenchez le <strong>RCI 2000<\/strong>. Fermez les portes, fen\u00eatre et quittez les lieux pendant une dur\u00e9e de 6H. Apr\u00e8s ce d\u00e9lai, il faudra une 1H de renouvellement d&#8217;air (ouvrir les fen\u00eatres) sans votre pr\u00e9sence.<\/li>\n\n\n\n<li>Ne pas passer l&#8217;aspirateur ni la serpilli\u00e8re dans la zone trait\u00e9e pendant 14 jours.<\/li>\n\n\n\n<li>Dormir au maximum dans la zone trait\u00e9e pour r\u00e9veiller les \u0153ufs des punaises de lit.<\/li>\n\n\n\n<li>\u00a0Au bout de 15 jours, refaire ce protocole pour traiter les larves.<\/li>\n<\/ol>\n\n\n\n<h2 class=\"wp-block-heading\">Contenance :<\/h2>\n\n\n\n<p>Pour l&#8217;Aedex EC : 100ml pour 5L d&#8217;eau froide<\/p>\n\n\n\n<p>Pour le RCI 2000 : 150ml \/ pour traiter 100m3<\/p>\n\n\n\n<h2 class=\"wp-block-heading\">Composition :<\/h2>\n\n\n\n<p>Pour l&#8217;Aedex EC :<\/p>\n\n\n\n<p>Perm\u00e9thrine 240 G\/L<br>D-T\u00e9tram\u00e9thrine 40 G\/L<br>Butoxyde De Pip\u00e9ronyle 200 G\/L<\/p>\n\n\n\n<p>Pour le RCI 2000 :<\/p>\n\n\n\n<p>Permethrine 0.11%<br>D-t\u00e9tram\u00e9thrine 0.27%<br>Butoxyde de pyperonile 2.60%<br>S-Methoprene 0.03 %<\/p>\n\n\n\n<h2 class=\"wp-block-heading\">T\u00e9l\u00e9chargement :<\/h2>\n\n\n\n<p>Fiche Technique &#8211; Fiche de S\u00e9curit\u00e9<\/p>\n","protected":false},"excerpt":{"rendered":"<p>Un kit d&#8217;insecticide pour traiter les punaises de lit Vous avez un infestation de punaises de lit et vous souhaitez traiter votre chambre vous m\u00eame ? Nous vous proposons un kit pour dire adieu \u00e0 la punaise de lit ! Il est compos\u00e9 de : Guide d&#8217;utilisation : Contenance : Pour l&#8217;Aedex EC : 100ml [&hellip;]<\/p>\n","protected":false},"featured_media":5659,"comment_status":"open","ping_status":"closed","template":"","meta":[],"product_brand":[],"product_cat":[307],"product_tag":[],"class_list":{"0":"post-1143","1":"product","2":"type-product","3":"status-publish","4":"has-post-thumbnail","6":"product_cat-produit-punaises-de-lit","8":"first","9":"instock","10":"taxable","11":"shipping-taxable","12":"purchasable","13":"product-type-simple"},"_links":{"self":[{"href":"https:\/\/www.ban-idf.com\/boutique\/wp-json\/wp\/v2\/product\/1143","targetHints":{"allow":["GET"]}}],"collection":[{"href":"https:\/\/www.ban-idf.com\/boutique\/wp-json\/wp\/v2\/product"}],"about":[{"href":"https:\/\/www.ban-idf.com\/boutique\/wp-json\/wp\/v2\/types\/product"}],"replies":[{"embeddable":true,"href":"https:\/\/www.ban-idf.com\/boutique\/wp-json\/wp\/v2\/comments?post=1143"}],"wp:featuredmedia":[{"embeddable":true,"href":"https:\/\/www.ban-idf.com\/boutique\/wp-json\/wp\/v2\/media\/5659"}],"wp:attachment":[{"href":"https:\/\/www.ban-idf.com\/boutique\/wp-json\/wp\/v2\/media?parent=1143"}],"wp:term":[{"taxonomy":"product_brand","embeddable":true,"href":"https:\/\/www.ban-idf.com\/boutique\/wp-json\/wp\/v2\/product_brand?post=1143"},{"taxonomy":"product_cat","embeddable":true,"href":"https:\/\/www.ban-idf.com\/boutique\/wp-json\/wp\/v2\/product_cat?post=1143"},{"taxonomy":"product_tag","embeddable":true,"href":"https:\/\/www.ban-idf.com\/boutique\/wp-json\/wp\/v2\/product_tag?post=1143"}],"curies":[{"name":"wp","href":"https:\/\/api.w.org\/{rel}","templated":true}]}}