{"id":1141,"date":"2022-06-13T21:33:47","date_gmt":"2022-06-13T19:33:47","guid":{"rendered":"https:\/\/www.ban-idf.com\/boutique\/?post_type=product&#038;p=1141"},"modified":"2024-10-03T16:55:54","modified_gmt":"2024-10-03T14:55:54","slug":"pulverisateur-15l-pour-insecticides","status":"publish","type":"product","link":"https:\/\/www.ban-idf.com\/boutique\/produit\/pulverisateur-15l-pour-insecticides\/","title":{"rendered":"Pulv\u00e9risateur 1,5L pour insecticides AEDEX EC"},"content":{"rendered":"<h2>Un pulv\u00e9risateur pour utiliser l&#8217;insecticide AEDEX EC !<\/h2>\n<p>\u00c9liminez efficacement les cafards et les punaises de lit avec notre pulv\u00e9risateur de 1,5 L, con\u00e7u sp\u00e9cialement pour une application optimale de l&#8217;insecticide <a href=\"https:\/\/www.ban-idf.com\/boutique\/produit\/insecticide-aedex-ec-100ml\/\">AEDEX EC<\/a>.<\/p>\n<h3>Caract\u00e9ristiques :<\/h3>\n<p>Avec un volume de 1,5 L, notre pulv\u00e9risateur est id\u00e9al pour traiter une pi\u00e8ce enti\u00e8re ou plusieurs zones d&#8217;infestation sans avoir \u00e0 le remplir fr\u00e9quemment. Il vous suffira d&#8217;y mettre 1.5L d&#8217;eau froide et 30ml d&#8217;<a href=\"https:\/\/www.ban-idf.com\/boutique\/produit\/insecticide-aedex-ec-100ml\/\">AEDEX EC<\/a>.<\/p>\n<p>Dot\u00e9 d&#8217;une buse r\u00e9glable, choisissez le type de jet d\u00e9sir\u00e9, du fin brouillard \u00e0 un jet plus direct, selon vos besoins.<\/p>\n<h3>Recommandations :<\/h3>\n<p>Ce pulv\u00e9risateur est particuli\u00e8rement recommand\u00e9 pour une application efficace de l&#8217;insecticide <a href=\"https:\/\/www.ban-idf.com\/boutique\/produit\/insecticide-aedex-ec-100ml\/\">AEDEX EC<\/a>. Nous l&#8217;utilisons quotidiennement pour traiter les infestation de punaises de lit parce qu&#8217;il peux couteux mais surtout l\u00e9ger !<\/p>\n<p>Apr\u00e8s chaque utilisation, rincez le pulv\u00e9risateur \u00e0 l&#8217;eau claire pour \u00e9viter tout r\u00e9sidu de produit, prolongeant ainsi sa dur\u00e9e de vie.<\/p>\n","protected":false},"excerpt":{"rendered":"<p>Un pulv\u00e9risateur pour utiliser l&#8217;insecticide AEDEX EC ! \u00c9liminez efficacement les cafards et les punaises de lit avec notre pulv\u00e9risateur de 1,5 L, con\u00e7u sp\u00e9cialement pour une application optimale de l&#8217;insecticide AEDEX EC. Caract\u00e9ristiques : Avec un volume de 1,5 L, notre pulv\u00e9risateur est id\u00e9al pour traiter une pi\u00e8ce enti\u00e8re ou plusieurs zones d&#8217;infestation sans [&hellip;]<\/p>\n","protected":false},"featured_media":5646,"comment_status":"open","ping_status":"closed","template":"","meta":[],"product_brand":[],"product_cat":[355],"product_tag":[],"class_list":{"0":"post-1141","1":"product","2":"type-product","3":"status-publish","4":"has-post-thumbnail","6":"product_cat-pulverisateur-equipements","8":"first","9":"instock","10":"taxable","11":"shipping-taxable","12":"purchasable","13":"product-type-simple"},"_links":{"self":[{"href":"https:\/\/www.ban-idf.com\/boutique\/wp-json\/wp\/v2\/product\/1141","targetHints":{"allow":["GET"]}}],"collection":[{"href":"https:\/\/www.ban-idf.com\/boutique\/wp-json\/wp\/v2\/product"}],"about":[{"href":"https:\/\/www.ban-idf.com\/boutique\/wp-json\/wp\/v2\/types\/product"}],"replies":[{"embeddable":true,"href":"https:\/\/www.ban-idf.com\/boutique\/wp-json\/wp\/v2\/comments?post=1141"}],"wp:featuredmedia":[{"embeddable":true,"href":"https:\/\/www.ban-idf.com\/boutique\/wp-json\/wp\/v2\/media\/5646"}],"wp:attachment":[{"href":"https:\/\/www.ban-idf.com\/boutique\/wp-json\/wp\/v2\/media?parent=1141"}],"wp:term":[{"taxonomy":"product_brand","embeddable":true,"href":"https:\/\/www.ban-idf.com\/boutique\/wp-json\/wp\/v2\/product_brand?post=1141"},{"taxonomy":"product_cat","embeddable":true,"href":"https:\/\/www.ban-idf.com\/boutique\/wp-json\/wp\/v2\/product_cat?post=1141"},{"taxonomy":"product_tag","embeddable":true,"href":"https:\/\/www.ban-idf.com\/boutique\/wp-json\/wp\/v2\/product_tag?post=1141"}],"curies":[{"name":"wp","href":"https:\/\/api.w.org\/{rel}","templated":true}]}}