{"id":1075,"date":"2022-05-20T18:51:43","date_gmt":"2022-05-20T16:51:43","guid":{"rendered":"https:\/\/www.ban-idf.com\/boutique\/?post_type=product&#038;p=1075"},"modified":"2024-10-03T16:55:55","modified_gmt":"2024-10-03T14:55:55","slug":"bande-anti-intrusion-souris-et-rats-xcluder","status":"publish","type":"product","link":"https:\/\/www.ban-idf.com\/boutique\/produit\/bande-anti-intrusion-souris-et-rats-xcluder\/","title":{"rendered":"Laine d&#8217;acier anti rongeurs XCLUDER"},"content":{"rendered":"<h1 style=\"text-align: center;\">Laine d&#8217;acier anti rongeurs XCLUDER<\/h1>\n<p>La <strong>laine d&#8217;acier XCLUDE<\/strong>R est une solution de protection <strong>efficace<\/strong> contre les <strong>intrusions de souris<\/strong> et de rats. Fabriqu\u00e9e \u00e0 partir de fibres en acier inoxydable de haute qualit\u00e9, cette laine d&#8217;acier est con\u00e7ue pour r\u00e9sister aux morsures et aux griffes des rongeurs. Cette bande de laine d&#8217;acier est <strong>fabriqu\u00e9e au Etats-Unis<\/strong>.<\/p>\n<p><a href=\"https:\/\/www.ban-idf.com\/boutique\/wp-content\/uploads\/2022\/05\/attention.svg\"><img decoding=\"async\" class=\"aligncenter wp-image-5899 size-thumbnail\" src=\"https:\/\/www.ban-idf.com\/boutique\/wp-content\/uploads\/2022\/05\/attention.svg\" alt=\"\" width=\"150\" height=\"150\" srcset=\"https:\/\/www.ban-idf.com\/boutique\/wp-content\/uploads\/\/2022\/05\/attention.svg 150w, https:\/\/www.ban-idf.com\/boutique\/wp-content\/uploads\/\/2022\/05\/attention.svg 300w, https:\/\/www.ban-idf.com\/boutique\/wp-content\/uploads\/\/2022\/05\/attention.svg 1024w, https:\/\/www.ban-idf.com\/boutique\/wp-content\/uploads\/\/2022\/05\/attention.svg 451w\" sizes=\"(max-width: 150px) 100vw, 150px\" \/><\/a><\/p>\n<p style=\"text-align: center;\"><span style=\"color: #ff0000;\"><strong>Installez cette barri\u00e8re qu&#8217;apr\u00e8s avoir d\u00e9ratis\u00e9 votre appartement !<\/strong><\/span><\/p>\n<h2>Caract\u00e9ristiques et avantages :<\/h2>\n<ul>\n<li><strong>Haute r\u00e9sistance :<\/strong> La laine d&#8217;acier <strong>XCLUDER<\/strong> est con\u00e7ue pour r\u00e9sister aux morsures et aux griffes des rongeurs, ce qui en fait une solution de protection durable pour votre maison ou votre entreprise.<\/li>\n<li><strong>Facile \u00e0 installer :<\/strong> Cette laine d&#8217;acier est facile \u00e0 installer dans les espaces o\u00f9 les souris et les rats sont susceptibles de p\u00e9n\u00e9trer, comme les trous, les fissures et les ouvertures. Il suffit de la tasser dans ces espaces pour cr\u00e9er une barri\u00e8re physique contre les rongeurs.<\/li>\n<li><strong>Respectueuse de l&#8217;environnement :<\/strong> La laine d&#8217;acier <strong>XCLUDER<\/strong> est fabriqu\u00e9e \u00e0 partir de mat\u00e9riaux durables et recyclables, ce qui en fait une option respectueuse de l&#8217;environnement pour la protection contre les souris et les rats.<\/li>\n<li><strong>Large application:<\/strong> <strong>XCLUDER<\/strong> peut \u00eatre utilis\u00e9 pour boucher les espaces dans les murs, les toits, les fondations, les portes, les fen\u00eatres, les tuyaux, les c\u00e2bles, les conduits de ventilation, etc.<\/li>\n<li><strong>Utilisation :<\/strong> La laine d&#8217;acier <strong>XCLUDER<\/strong> peut \u00eatre utilis\u00e9e pour prot\u00e9ger toute maison, b\u00e2timent ou structure contre les intrusions de souris et de rats.<\/li>\n<\/ul>\n<h2>Comment utiliser du XCLUDER :<\/h2>\n<ol>\n<li>Identifier les espaces o\u00f9 les <strong>souris et les rats<\/strong> pourraient p\u00e9n\u00e9trer, comme les trous, les fissures et les ouvertures.<\/li>\n<li>Prendre un morceau de <strong>laine d&#8217;acier XCLUDER<\/strong> et le tasser dans ces espaces pour cr\u00e9er une barri\u00e8re physique contre les rongeurs.<\/li>\n<li>R\u00e9p\u00e9ter cette op\u00e9ration pour tous les espaces identifi\u00e9s.<\/li>\n<li>Surveiller r\u00e9guli\u00e8rement pour s&#8217;assurer que la laine d&#8217;acier reste en place et qu&#8217;elle n&#8217;est pas endommag\u00e9e par les rongeurs.<\/li>\n<li>Pr\u00e9cautions d&#8217;utilisation : La laine d&#8217;acier <strong>XCLUDER<\/strong> doit \u00eatre utilis\u00e9e conform\u00e9ment aux instructions du fabricant. Elle ne doit pas \u00eatre utilis\u00e9e dans les zones o\u00f9 des produits inflammables ou explosifs sont stock\u00e9s ou manipul\u00e9s. Nous vous recommandons de porter des gants lors de l&#8217;utilisation de la bande de laine d&#8217;acier.<\/li>\n<\/ol>\n<p><center><img decoding=\"async\" class=\"alignnone wp-image-4173 size-medium\" src=\"https:\/\/www.ban-idf.com\/boutique\/wp-content\/uploads\/2022\/05\/rebouchage-xcluder-souris-restaurant-3-142x300.webp\" alt=\"rebouchage trous souris xcluder dans un restaurant avec laine d'acier\" width=\"142\" height=\"300\" srcset=\"https:\/\/www.ban-idf.com\/boutique\/wp-content\/uploads\/2022\/05\/rebouchage-xcluder-souris-restaurant-3-142x300.webp 142w, https:\/\/www.ban-idf.com\/boutique\/wp-content\/uploads\/2022\/05\/rebouchage-xcluder-souris-restaurant-3-484x1024.webp 484w, https:\/\/www.ban-idf.com\/boutique\/wp-content\/uploads\/2022\/05\/rebouchage-xcluder-souris-restaurant-3.webp 500w\" sizes=\"(max-width: 142px) 100vw, 142px\" \/> \u00a0<img decoding=\"async\" class=\"size-medium wp-image-4172 alignnone\" src=\"https:\/\/www.ban-idf.com\/boutique\/wp-content\/uploads\/2022\/05\/rebouchage-xcluder-souris-restaurant-142x300.webp\" alt=\"rebouchage trous souris xcluder dans un restaurant avec laine d'acier\" width=\"142\" height=\"300\" srcset=\"https:\/\/www.ban-idf.com\/boutique\/wp-content\/uploads\/2022\/05\/rebouchage-xcluder-souris-restaurant-142x300.webp 142w, https:\/\/www.ban-idf.com\/boutique\/wp-content\/uploads\/2022\/05\/rebouchage-xcluder-souris-restaurant-484x1024.webp 484w, https:\/\/www.ban-idf.com\/boutique\/wp-content\/uploads\/2022\/05\/rebouchage-xcluder-souris-restaurant.webp 500w\" sizes=\"(max-width: 142px) 100vw, 142px\" \/> \u00a0<img loading=\"lazy\" decoding=\"async\" class=\"size-medium wp-image-4171 alignnone\" src=\"https:\/\/www.ban-idf.com\/boutique\/wp-content\/uploads\/2022\/05\/rebouchage-xcluder-souris-restaurant-2-142x300.webp\" alt=\"rebouchage trous souris xcluder dans un restaurant avec laine d'acier\" width=\"142\" height=\"300\" srcset=\"https:\/\/www.ban-idf.com\/boutique\/wp-content\/uploads\/2022\/05\/rebouchage-xcluder-souris-restaurant-2-142x300.webp 142w, https:\/\/www.ban-idf.com\/boutique\/wp-content\/uploads\/2022\/05\/rebouchage-xcluder-souris-restaurant-2-484x1024.webp 484w, https:\/\/www.ban-idf.com\/boutique\/wp-content\/uploads\/2022\/05\/rebouchage-xcluder-souris-restaurant-2.webp 500w\" sizes=\"(max-width: 142px) 100vw, 142px\" \/><\/center><\/p>\n<h2>Avis d&#8217;experts en d\u00e9ratisation :<\/h2>\n<p>Nous utilisons quotidiennement la laine d&#8217;acier <strong>XCLUDER<\/strong> pour rebouger les trous de passage des rongeurs dans les habitations ou les commerces. Nous traitements <strong>chimiquement<\/strong> ou <strong>m\u00e9caniquement<\/strong> pour exterminer les souris ou rats et ensuite nous proc\u00e9dons aux rebouchages. Agissez comme un pro !<\/p>\n<div id=\"attachment_4738\" style=\"width: 235px\" class=\"wp-caption aligncenter\"><img loading=\"lazy\" decoding=\"async\" aria-describedby=\"caption-attachment-4738\" class=\"wp-image-4738 size-medium\" src=\"https:\/\/www.ban-idf.com\/boutique\/wp-content\/uploads\/2022\/05\/laine-dacier-anti-rongeur-225x300.webp\" alt=\"laine d'acier anti rongeur\" width=\"225\" height=\"300\" srcset=\"https:\/\/www.ban-idf.com\/boutique\/wp-content\/uploads\/2022\/05\/laine-dacier-anti-rongeur-225x300.webp 225w, https:\/\/www.ban-idf.com\/boutique\/wp-content\/uploads\/2022\/05\/laine-dacier-anti-rongeur.webp 600w\" sizes=\"(max-width: 225px) 100vw, 225px\" \/><p id=\"caption-attachment-4738\" class=\"wp-caption-text\">Laine d&#8217;acier anti rongeurs<\/p><\/div>\n<h2>Conditionnement :<\/h2>\n<p>La <strong>laine d&#8217;acier XCLUDER<\/strong> est disponible en rouleaux de diff\u00e9rentes tailles en fonction des besoins.<\/p>\n<p>En somme, la laine d&#8217;acier anti-intrusion de souris et de rats de la marque <strong>XCLUDER<\/strong> est une solution efficace, facile \u00e0 installer et respectueuse de l&#8217;environnement pour prot\u00e9ger votre maison ou votre entreprise contre les intrusions de rongeurs.<\/p>\n<h2>Vos questions, nos r\u00e9ponses :<\/h2>\n<h4>Mon d\u00e9ratiseur m&#8217;a dit que la laine d&#8217;acier XCLUDER ne servait \u00e0 rien ?<\/h4>\n<p>Dites \u00e0 votre d\u00e9ratiseur de changer de m\u00e9tier ou bien de prendre sa retraite.<\/p>\n<h4>J&#8217;ai des souris et j&#8217;ai rep\u00e9r\u00e9 le trou par o\u00f9 elles passent, dois je le reboucher avant de traiter ?<\/h4>\n<p>Il faut imp\u00e9rativement traiter avec du <a href=\"https:\/\/www.ban-idf.com\/boutique\/produit\/aedex-pasta-25-poison-pour-souris-et-rat\/\">poison \u00e0 souris<\/a> ou des <a href=\"https:\/\/www.ban-idf.com\/boutique\/produit\/piege-a-souris-gorilla-trap-lot-de-3\/\">tapettes \u00e0 souris<\/a> avant de rebouger un trou d&#8217;intrusion. Diminuer au maximum la taille de la colonie de rongeurs qui vous envahissent et ensuite reboucher le trou avec du <strong>XCLUDER<\/strong>.<\/p>\n<h2>Dimension :<\/h2>\n<p>Bande de 20cm vendue en vrac.<\/p>\n","protected":false},"excerpt":{"rendered":"<p>Laine d&#8217;acier anti rongeurs XCLUDER La laine d&#8217;acier XCLUDER est une solution de protection efficace contre les intrusions de souris et de rats. Fabriqu\u00e9e \u00e0 partir de fibres en acier inoxydable de haute qualit\u00e9, cette laine d&#8217;acier est con\u00e7ue pour r\u00e9sister aux morsures et aux griffes des rongeurs. Cette bande de laine d&#8217;acier est fabriqu\u00e9e [&hellip;]<\/p>\n","protected":false},"featured_media":5638,"comment_status":"open","ping_status":"closed","template":"","meta":[],"product_brand":[],"product_cat":[359],"product_tag":[],"class_list":{"0":"post-1075","1":"product","2":"type-product","3":"status-publish","4":"has-post-thumbnail","6":"product_cat-barriere-anti-rongeurs","8":"first","9":"instock","10":"taxable","11":"shipping-taxable","12":"purchasable","13":"product-type-simple"},"_links":{"self":[{"href":"https:\/\/www.ban-idf.com\/boutique\/wp-json\/wp\/v2\/product\/1075","targetHints":{"allow":["GET"]}}],"collection":[{"href":"https:\/\/www.ban-idf.com\/boutique\/wp-json\/wp\/v2\/product"}],"about":[{"href":"https:\/\/www.ban-idf.com\/boutique\/wp-json\/wp\/v2\/types\/product"}],"replies":[{"embeddable":true,"href":"https:\/\/www.ban-idf.com\/boutique\/wp-json\/wp\/v2\/comments?post=1075"}],"wp:featuredmedia":[{"embeddable":true,"href":"https:\/\/www.ban-idf.com\/boutique\/wp-json\/wp\/v2\/media\/5638"}],"wp:attachment":[{"href":"https:\/\/www.ban-idf.com\/boutique\/wp-json\/wp\/v2\/media?parent=1075"}],"wp:term":[{"taxonomy":"product_brand","embeddable":true,"href":"https:\/\/www.ban-idf.com\/boutique\/wp-json\/wp\/v2\/product_brand?post=1075"},{"taxonomy":"product_cat","embeddable":true,"href":"https:\/\/www.ban-idf.com\/boutique\/wp-json\/wp\/v2\/product_cat?post=1075"},{"taxonomy":"product_tag","embeddable":true,"href":"https:\/\/www.ban-idf.com\/boutique\/wp-json\/wp\/v2\/product_tag?post=1075"}],"curies":[{"name":"wp","href":"https:\/\/api.w.org\/{rel}","templated":true}]}}