{"id":1063,"date":"2022-05-19T23:22:23","date_gmt":"2022-05-19T21:22:23","guid":{"rendered":"https:\/\/www.ban-idf.com\/boutique\/?post_type=product&#038;p=1063"},"modified":"2025-06-02T19:28:40","modified_gmt":"2025-06-02T17:28:40","slug":"diatomex-terre-de-diatomee-en-aerosol","status":"publish","type":"product","link":"https:\/\/www.ban-idf.com\/boutique\/produit\/diatomex-terre-de-diatomee-en-aerosol\/","title":{"rendered":"Diatomex &#8211; Terre de diatom\u00e9e en a\u00e9rosol"},"content":{"rendered":"\n<h2 class=\"wp-block-heading\">La terre de diatom\u00e9e en spray<\/h2>\n\n\n\n<p>La <strong>terre de diatom\u00e9e<\/strong> vous connaissez ? Cet <strong>insecticide naturel<\/strong> ultra puissant qui agit m\u00e9caniquement sur les insectes par des micro particules tranchantes conduit \u00e0 une mort des l&#8217;insectes cibl\u00e9s par d\u00e9shydratation.<\/p>\n\n\n\n<p>Une solution bio qui permet une action physique contre les insectes tel que :<\/p>\n\n\n\n<ul class=\"wp-block-list\">\n<li>Les punaises de lit<\/li>\n\n\n\n<li>Les blattes et cafards<\/li>\n\n\n\n<li>Les puces<\/li>\n\n\n\n<li>Les poux rouges.<\/li>\n<\/ul>\n\n\n\n<p>L&#8217;utilisation de la <strong>poudre de diatom\u00e9e<\/strong> est simple et sans risque pour les <strong>animaux domestiques<\/strong>. Elle est recommand\u00e9e pour r\u00e9duire le d\u00e9veloppement de r\u00e9sistance aux produits chimiques professionnels.<\/p>\n\n\n\n<h2 class=\"wp-block-heading\">Le Diatomex pour les insectes rampants<\/h2>\n\n\n\n<p>Nous utilisons r\u00e9guli\u00e8rement le <strong>Diatomex 500ml<\/strong> en compl\u00e9ment d&#8217;un traitement chimique.<\/p>\n\n\n\n<p><strong>Diatomex<\/strong> \u00e0 la particularit\u00e9 d&#8217;\u00eatre un spray vendu avec une canule de pr\u00e9cision qui permet d&#8217;acc\u00e9der dans les fissures des murs ou dans les plinthes.<\/p>\n\n\n\n<p>Dans le cadre d&#8217;un traitement de punaises de lit, nous utilisons le <strong>Diatomex<\/strong> au niveau des lattes du sommier et aussi sur la literie des enfants en bas \u00e2ge.<\/p>\n\n\n\n<p>Pour traiter des cafards, nous pulv\u00e9risons de la terre de diatom\u00e9e en spray dans zones de passages (derri\u00e8re l&#8217;electromenager, prise, plinthes, etc .;;<\/p>\n\n\n\n<p>Pensez \u00e0 isoler le linge (draps, rideaux, vetement, tapis) et \u00e0 le laver \u00e0 60\u00b0 minimum. La pulv\u00e9risation d&#8217;un insecticide sera n\u00e9cessaire pour \u00e9liminer le reste des <strong>punaises de lit<\/strong>.<\/p>\n\n\n\n<h2 class=\"wp-block-heading\">O\u00f9 acheter de la terre de diatom\u00e9e<\/h2>\n\n\n\n<p>Vous \u00eates \u00e0 la recherche de poudre de diatom\u00e9e en spray efficace et pas cher ? Vous \u00eates au bon endroit.<\/p>\n\n\n\n<p>Nous vous proposons le <strong>Diatomex 500ml<\/strong> \u00e0 un prix imbattable !<\/p>\n\n\n\n<p>Si vous comptez traiter plusieurs pi\u00e8ces, notamment lors d&#8217;une infestation de punaises de lit, nous vous recommandons d&#8217;acheter au moins 2 bombes.<\/p>\n\n\n\n<h3 class=\"wp-block-heading\">Composition :<\/h3>\n\n\n\n<p>Terre de Diatom\u00e9e 7% m\/m<\/p>\n\n\n\n<p>(dioxyde de silicium amorphe)<\/p>\n\n\n\n<h3 class=\"wp-block-heading\">T\u00e9l\u00e9chargement :<\/h3>\n\n\n\n<p>Pas n\u00e9cessaire.<\/p>\n","protected":false},"excerpt":{"rendered":"<p>La terre de diatom\u00e9e en spray La terre de diatom\u00e9e vous connaissez ? Cet insecticide naturel ultra puissant qui agit m\u00e9caniquement sur les insectes par des micro particules tranchantes conduit \u00e0 une mort des l&#8217;insectes cibl\u00e9s par d\u00e9shydratation. Une solution bio qui permet une action physique contre les insectes tel que : L&#8217;utilisation de la [&hellip;]<\/p>\n","protected":false},"featured_media":9521,"comment_status":"open","ping_status":"closed","template":"","meta":[],"product_brand":[],"product_cat":[323],"product_tag":[],"class_list":{"0":"post-1063","1":"product","2":"type-product","3":"status-publish","4":"has-post-thumbnail","6":"product_cat-terre-de-diatomee-punaises-de-lit","8":"first","9":"instock","10":"taxable","11":"shipping-taxable","12":"purchasable","13":"product-type-simple"},"_links":{"self":[{"href":"https:\/\/www.ban-idf.com\/boutique\/wp-json\/wp\/v2\/product\/1063","targetHints":{"allow":["GET"]}}],"collection":[{"href":"https:\/\/www.ban-idf.com\/boutique\/wp-json\/wp\/v2\/product"}],"about":[{"href":"https:\/\/www.ban-idf.com\/boutique\/wp-json\/wp\/v2\/types\/product"}],"replies":[{"embeddable":true,"href":"https:\/\/www.ban-idf.com\/boutique\/wp-json\/wp\/v2\/comments?post=1063"}],"wp:featuredmedia":[{"embeddable":true,"href":"https:\/\/www.ban-idf.com\/boutique\/wp-json\/wp\/v2\/media\/9521"}],"wp:attachment":[{"href":"https:\/\/www.ban-idf.com\/boutique\/wp-json\/wp\/v2\/media?parent=1063"}],"wp:term":[{"taxonomy":"product_brand","embeddable":true,"href":"https:\/\/www.ban-idf.com\/boutique\/wp-json\/wp\/v2\/product_brand?post=1063"},{"taxonomy":"product_cat","embeddable":true,"href":"https:\/\/www.ban-idf.com\/boutique\/wp-json\/wp\/v2\/product_cat?post=1063"},{"taxonomy":"product_tag","embeddable":true,"href":"https:\/\/www.ban-idf.com\/boutique\/wp-json\/wp\/v2\/product_tag?post=1063"}],"curies":[{"name":"wp","href":"https:\/\/api.w.org\/{rel}","templated":true}]}}