{"id":169,"date":"2021-12-24T12:25:30","date_gmt":"2021-12-24T11:25:30","guid":{"rendered":"https:\/\/import.getbowtied.com\/theretailer3\/?page_id=169"},"modified":"2024-04-05T03:22:15","modified_gmt":"2024-04-05T01:22:15","slug":"qui-sommes-nous","status":"publish","type":"page","link":"https:\/\/www.ban-idf.com\/boutique\/qui-sommes-nous\/","title":{"rendered":"Qui sommes-nous ?"},"content":{"rendered":"\t\t<div data-elementor-type=\"wp-page\" data-elementor-id=\"169\" class=\"elementor elementor-169\" data-elementor-settings=\"{&quot;element_pack_global_tooltip_width&quot;:{&quot;unit&quot;:&quot;px&quot;,&quot;size&quot;:&quot;&quot;,&quot;sizes&quot;:[]},&quot;element_pack_global_tooltip_width_tablet&quot;:{&quot;unit&quot;:&quot;px&quot;,&quot;size&quot;:&quot;&quot;,&quot;sizes&quot;:[]},&quot;element_pack_global_tooltip_width_mobile&quot;:{&quot;unit&quot;:&quot;px&quot;,&quot;size&quot;:&quot;&quot;,&quot;sizes&quot;:[]},&quot;element_pack_global_tooltip_padding&quot;:{&quot;unit&quot;:&quot;px&quot;,&quot;top&quot;:&quot;&quot;,&quot;right&quot;:&quot;&quot;,&quot;bottom&quot;:&quot;&quot;,&quot;left&quot;:&quot;&quot;,&quot;isLinked&quot;:true},&quot;element_pack_global_tooltip_padding_tablet&quot;:{&quot;unit&quot;:&quot;px&quot;,&quot;top&quot;:&quot;&quot;,&quot;right&quot;:&quot;&quot;,&quot;bottom&quot;:&quot;&quot;,&quot;left&quot;:&quot;&quot;,&quot;isLinked&quot;:true},&quot;element_pack_global_tooltip_padding_mobile&quot;:{&quot;unit&quot;:&quot;px&quot;,&quot;top&quot;:&quot;&quot;,&quot;right&quot;:&quot;&quot;,&quot;bottom&quot;:&quot;&quot;,&quot;left&quot;:&quot;&quot;,&quot;isLinked&quot;:true},&quot;element_pack_global_tooltip_border_radius&quot;:{&quot;unit&quot;:&quot;px&quot;,&quot;top&quot;:&quot;&quot;,&quot;right&quot;:&quot;&quot;,&quot;bottom&quot;:&quot;&quot;,&quot;left&quot;:&quot;&quot;,&quot;isLinked&quot;:true},&quot;element_pack_global_tooltip_border_radius_tablet&quot;:{&quot;unit&quot;:&quot;px&quot;,&quot;top&quot;:&quot;&quot;,&quot;right&quot;:&quot;&quot;,&quot;bottom&quot;:&quot;&quot;,&quot;left&quot;:&quot;&quot;,&quot;isLinked&quot;:true},&quot;element_pack_global_tooltip_border_radius_mobile&quot;:{&quot;unit&quot;:&quot;px&quot;,&quot;top&quot;:&quot;&quot;,&quot;right&quot;:&quot;&quot;,&quot;bottom&quot;:&quot;&quot;,&quot;left&quot;:&quot;&quot;,&quot;isLinked&quot;:true}}\" data-elementor-post-type=\"page\">\n\t\t\t\t\t\t<section class=\"elementor-section elementor-top-section elementor-element elementor-element-5eb7944 elementor-section-boxed elementor-section-height-default elementor-section-height-default\" data-id=\"5eb7944\" data-element_type=\"section\" data-e-type=\"section\">\n\t\t\t\t\t\t<div class=\"elementor-container elementor-column-gap-default\">\n\t\t\t\t\t<div class=\"elementor-column elementor-col-100 elementor-top-column elementor-element elementor-element-5d07527\" data-id=\"5d07527\" data-element_type=\"column\" data-e-type=\"column\">\n\t\t\t<div class=\"elementor-widget-wrap elementor-element-populated\">\n\t\t\t\t\t\t<div class=\"elementor-element elementor-element-78bd262 elementor-widget elementor-widget-image\" data-id=\"78bd262\" data-element_type=\"widget\" data-e-type=\"widget\" data-widget_type=\"image.default\">\n\t\t\t\t<div class=\"elementor-widget-container\">\n\t\t\t\t\t\t\t\t\t\t\t\t\t\t\t<img fetchpriority=\"high\" decoding=\"async\" width=\"1024\" height=\"683\" src=\"https:\/\/www.ban-idf.com\/boutique\/wp-content\/uploads\/2024\/04\/Une-Boutique-Anti-Nuisibles-a-Paris-1024x683.webp\" class=\"attachment-large size-large wp-image-6527\" alt=\"Une Boutique Anti Nuisibles \u00e0 Paris\" srcset=\"https:\/\/www.ban-idf.com\/boutique\/wp-content\/uploads\/2024\/04\/Une-Boutique-Anti-Nuisibles-a-Paris-1024x683.webp 1024w, https:\/\/www.ban-idf.com\/boutique\/wp-content\/uploads\/2024\/04\/Une-Boutique-Anti-Nuisibles-a-Paris-300x200.webp 300w, https:\/\/www.ban-idf.com\/boutique\/wp-content\/uploads\/2024\/04\/Une-Boutique-Anti-Nuisibles-a-Paris-768x512.webp 768w, https:\/\/www.ban-idf.com\/boutique\/wp-content\/uploads\/2024\/04\/Une-Boutique-Anti-Nuisibles-a-Paris-600x400.webp 600w, https:\/\/www.ban-idf.com\/boutique\/wp-content\/uploads\/2024\/04\/Une-Boutique-Anti-Nuisibles-a-Paris.webp 1200w\" sizes=\"(max-width: 1024px) 100vw, 1024px\" \/>\t\t\t\t\t\t\t\t\t\t\t\t\t\t\t<\/div>\n\t\t\t\t<\/div>\n\t\t\t\t\t<\/div>\n\t\t<\/div>\n\t\t\t\t\t<\/div>\n\t\t<\/section>\n\t\t\t\t<section class=\"elementor-section elementor-top-section elementor-element elementor-element-5e9c6667 elementor-section-boxed elementor-section-height-default elementor-section-height-default\" data-id=\"5e9c6667\" data-element_type=\"section\" data-e-type=\"section\">\n\t\t\t\t\t\t<div class=\"elementor-container elementor-column-gap-default\">\n\t\t\t\t\t<div class=\"elementor-column elementor-col-100 elementor-top-column elementor-element elementor-element-5ad32283\" data-id=\"5ad32283\" data-element_type=\"column\" data-e-type=\"column\">\n\t\t\t<div class=\"elementor-widget-wrap elementor-element-populated\">\n\t\t\t\t\t\t<div class=\"elementor-element elementor-element-20ae76bf elementor-widget elementor-widget-text-editor\" data-id=\"20ae76bf\" data-element_type=\"widget\" data-e-type=\"widget\" data-widget_type=\"text-editor.default\">\n\t\t\t\t<div class=\"elementor-widget-container\">\n\t\t\t\t\t\t\t\t\t<p><\/p>\n<p><\/p>\n<p><\/p>\n<div class=\"wp-block-column is-layout-flow wp-block-column-is-layout-flow\">\n<p><\/p>\n<p>La <strong>BAN-IDF, Les Experts Anti Nuisibles SAS<\/strong> cumule aujourd&#8217;hui 12 ann\u00e9es d&#8217;exp\u00e9rience dans la vente et l&#8217;application de produits anti-nuisibles. L&#8217;aventure a commenc\u00e9 dans le nord de Paris, avec de nombreuses interventions chez les particuliers pour des probl\u00e8mes de blattes, de souris et surtout de punaises de lit (un v\u00e9ritable fl\u00e9au \u00e0 Paris).<\/p>\n<p>Ces missions ont \u00e9t\u00e9 tr\u00e8s utiles pour comprendre le fonctionnement des nuisibles et aussi pour se perfectionner dans l&#8217;\u00e9radication du probl\u00e8me.<\/p>\n<p>Durant toute cette p\u00e9riode, nous avons collabor\u00e9 avec de nombreuses marques. Aujourd&#8217;hui, nous vous proposons dans notre boutique en ligne notre s\u00e9lection de produits que nous estimons ad\u00e9quate pour le traitement des nuisibles.<\/p>\n<\/div>\n<\/div>\n<p><\/p>\t\t\t\t\t\t\t\t<\/div>\n\t\t\t\t<\/div>\n\t\t\t\t\t<\/div>\n\t\t<\/div>\n\t\t\t\t\t<\/div>\n\t\t<\/section>\n\t\t<\/p>\n<div class=\"wp-block-columns has-2-columns is-layout-flex wp-container-core-columns-is-layout-9d6595d7 wp-block-columns-is-layout-flex\">\n<p><\/p>\n<div class=\"wp-block-column is-layout-flow wp-block-column-is-layout-flow\">\n<p><\/p>\n<h1 class=\"wp-block-heading\">Des experts anti nuisibles, \u00e0 votre \u00e9coute<\/h1>\n<p><\/p>\n<\/div>\n<p><!-- wp:column --><\/p>\n<div class=\"wp-block-column\">\n<p><!-- wp:paragraph --><\/p>\n<p>La <strong>BAN-IDF, Les Experts Anti Nuisibles SAS<\/strong> cumule aujourd&#8217;hui 12 ann\u00e9es d&#8217;exp\u00e9rience dans la vente et l&#8217;application de produits anti-nuisibles. L&#8217;aventure a commenc\u00e9 dans le nord de Paris, avec de nombreuses interventions chez les particuliers pour des probl\u00e8mes de blattes, de souris et surtout de punaises de lit (un v\u00e9ritable fl\u00e9au \u00e0 Paris).<\/p>\n<p>Ces missions ont \u00e9t\u00e9 tr\u00e8s utiles pour comprendre le fonctionnement des nuisibles et aussi pour se perfectionner dans l&#8217;\u00e9radication du probl\u00e8me.<\/p>\n<p>Durant toute cette p\u00e9riode, nous avons collabor\u00e9 avec de nombreuses marques. Aujourd&#8217;hui, nous vous proposons dans notre boutique en ligne notre s\u00e9lection de produits que nous estimons ad\u00e9quate pour le traitement des nuisibles.<\/p>\n<\/div>\n<\/div>\n<p><!-- \/wp:columns --><\/p>\t\t\t\t\t\t\t\t<\/div>\n\t\t\t\t<\/div>\n\t\t\t\t\t<\/div>\n\t\t<\/div>\n\t\t\t\t\t<\/div>\n\t\t<\/section>\n\t\t\t\t<\/div>\n\t\t","protected":false},"excerpt":{"rendered":"<p>La BAN-IDF, Les Experts Anti Nuisibles SAS cumule aujourd&#8217;hui 12 ann\u00e9es d&#8217;exp\u00e9rience dans la vente et l&#8217;application de produits anti-nuisibles. L&#8217;aventure a commenc\u00e9 dans le nord de Paris, avec de nombreuses interventions chez les particuliers pour des probl\u00e8mes de blattes, de souris et surtout de punaises de lit (un v\u00e9ritable fl\u00e9au \u00e0 Paris). Ces missions [&hellip;]<\/p>\n","protected":false},"author":5,"featured_media":0,"parent":0,"menu_order":0,"comment_status":"closed","ping_status":"closed","template":"","meta":{"footnotes":""},"class_list":["post-169","page","type-page","status-publish","hentry"],"_links":{"self":[{"href":"https:\/\/www.ban-idf.com\/boutique\/wp-json\/wp\/v2\/pages\/169","targetHints":{"allow":["GET"]}}],"collection":[{"href":"https:\/\/www.ban-idf.com\/boutique\/wp-json\/wp\/v2\/pages"}],"about":[{"href":"https:\/\/www.ban-idf.com\/boutique\/wp-json\/wp\/v2\/types\/page"}],"author":[{"embeddable":true,"href":"https:\/\/www.ban-idf.com\/boutique\/wp-json\/wp\/v2\/users\/5"}],"replies":[{"embeddable":true,"href":"https:\/\/www.ban-idf.com\/boutique\/wp-json\/wp\/v2\/comments?post=169"}],"version-history":[{"count":0,"href":"https:\/\/www.ban-idf.com\/boutique\/wp-json\/wp\/v2\/pages\/169\/revisions"}],"wp:attachment":[{"href":"https:\/\/www.ban-idf.com\/boutique\/wp-json\/wp\/v2\/media?parent=169"}],"curies":[{"name":"wp","href":"https:\/\/api.w.org\/{rel}","templated":true}]}}